{"id":6065,"date":"2024-08-18T11:27:47","date_gmt":"2024-08-18T11:27:47","guid":{"rendered":"https:\/\/mitrovicagreenfest.com\/?page_id=6065"},"modified":"2024-09-03T11:38:28","modified_gmt":"2024-09-03T11:38:28","slug":"green-fest-xiv-pikat-kryesore-te-aktiviteteve-kulturore","status":"publish","type":"page","link":"https:\/\/mitrovicagreenfest.com\/sq\/green-fest-xiv-pikat-kryesore-te-aktiviteteve-kulturore\/","title":{"rendered":"Green Fest XIV: Pikat kryesore t\u00eb aktiviteteve kulturore"},"content":{"rendered":"\n<p>Edicioni i 14-t\u00eb i Green Fest n\u00eb Mitrovic\u00eb solli nj\u00eb program t\u00eb pasur kulturor, duke kombinuar filmin, fotografin\u00eb, poezin\u00eb dhe muzik\u00ebn p\u00ebr t\u00eb theksuar temat mjedisore. Festivali p\u00ebrfshiu shfaqjen e dokumentarit &#8220;In the Name of Vjosa&#8221; nga Matthias Leupold dhe Eric Berg, duke theksuar r\u00ebnd\u00ebsin\u00eb e ruajtjes s\u00eb lumenjve. Gjat\u00eb pes\u00eb dit\u00ebve t\u00eb festivalit, pjes\u00ebmarr\u00ebsit pat\u00ebn gjithashtu mund\u00ebsin\u00eb t\u00eb vizitojn\u00eb ekspozit\u00ebn &#8220;Projekti Drini&#8221; nga Ferdi Limani.<\/p>\n\n\n\n<p><\/p>\n\n\n\n<p>Duke dokumentuar t\u00eb gjith\u00eb gjat\u00ebsin\u00eb e lumit Drin, Projekti Drini synon t\u00eb rris\u00eb vet\u00ebdijen p\u00ebr ndotjen e ujit n\u00eb Kosov\u00eb. Gjat\u00eb gjith\u00eb vitit 2022, fotografi dokumentar Ferdi Limani do t\u00eb udh\u00ebtoj\u00eb n\u00eb k\u00ebmb\u00eb dhe me kanoe p\u00ebr t\u00eb fotografuar pjes\u00ebt m\u00eb t\u00eb r\u00ebnd\u00ebsishme dhe m\u00eb t\u00eb ndotura t\u00eb lumit t\u00eb gjat\u00eb 122 kilometra i cili shtrihet n\u00eb dy shtete. Projekti drini financohet n\u00eb t\u00ebr\u00ebsi nga programi i Fondacionit Kosovar p\u00ebr Shoq\u00ebri Civile (KCSF) \u2018EJA Kosov\u00eb\u2019, bashk\u00ebfinancuar nga Agjencia Zvicerane p\u00ebr Zhvillim dhe Bashk\u00ebpunim (SDC), Suedia dhe Qeveria e Dukatit t\u00eb Madh t\u00eb Luksemburgut.<\/p>\n\n\n\n<p>Nj\u00eb nga pikat kulmore ishte nata poetike &#8220;Lum Lumi,&#8221; organizuar nga Grupi i Shkrimit Kreativ &#8220;Za,&#8221; t\u00eb cil\u00ebt p\u00ebrzgjodh\u00ebn poezi t\u00eb 16 poet\u00ebve nga Mitrovica, komb\u00ebtar\u00eb dhe nd\u00ebrkomb\u00ebtar\u00eb, p\u00ebr t\u00eb ndar\u00eb reflektimet e tyre mbi ujin, lumenjt\u00eb e liqenet. Poezit\u00eb u interpretuan me mjesht\u00ebri nga Esra Zhilivoda, Rita Daklani, Fisnik Istrefi, Diellza Zhubi dhe Nora Prekazi, duke krijuar nj\u00eb mbr\u00ebmje me shprehje t\u00eb thell\u00eb artistike.<\/p>\n\n\n\n<p>Festivali me koncerte muzikore p\u00ebrgjat\u00eb pes\u00eb net\u00ebve, ku performuan artist\u00eb t\u00eb njohur si Alban Skenderaj,  Vlashent Sata, Linda Rukaj, Shpat Deda, Oda Haliti e t\u00eb tjer\u00eb.<\/p>\n","protected":false},"excerpt":{"rendered":"<p>Edicioni i 14-t\u00eb i Green Fest n\u00eb Mitrovic\u00eb solli nj\u00eb program t\u00eb pasur kulturor, duke kombinuar filmin, fotografin\u00eb, poezin\u00eb dhe muzik\u00ebn p\u00ebr t\u00eb theksuar temat mjedisore. Festivali p\u00ebrfshiu shfaqjen e dokumentarit &#8220;In the Name of Vjosa&#8221; nga Matthias Leupold [&hellip;]<\/p>\n","protected":false},"author":4,"featured_media":6062,"parent":0,"menu_order":0,"comment_status":"closed","ping_status":"closed","template":"","meta":{"footnotes":""},"class_list":["post-6065","page","type-page","status-publish","has-post-thumbnail","hentry"],"yoast_head":"<!-- This site is optimized with the Yoast SEO plugin v27.4 - https:\/\/yoast.com\/product\/yoast-seo-wordpress\/ -->\n<title>Green Fest XIV: Pikat kryesore t\u00eb aktiviteteve kulturore - GreenFest<\/title>\n<meta name=\"robots\" content=\"index, follow, max-snippet:-1, max-image-preview:large, max-video-preview:-1\" \/>\n<link rel=\"canonical\" href=\"https:\/\/mitrovicagreenfest.com\/sq\/green-fest-xiv-pikat-kryesore-te-aktiviteteve-kulturore\/\" \/>\n<meta property=\"og:locale\" content=\"sq_AL\" \/>\n<meta property=\"og:type\" content=\"article\" \/>\n<meta property=\"og:title\" content=\"Green Fest XIV: Pikat kryesore t\u00eb aktiviteteve kulturore - GreenFest\" \/>\n<meta property=\"og:description\" content=\"Edicioni i 14-t\u00eb i Green Fest n\u00eb Mitrovic\u00eb solli nj\u00eb program t\u00eb pasur kulturor, duke kombinuar filmin, fotografin\u00eb, poezin\u00eb dhe muzik\u00ebn p\u00ebr t\u00eb theksuar temat mjedisore. Festivali p\u00ebrfshiu shfaqjen e dokumentarit &#8220;In the Name of Vjosa&#8221; nga Matthias Leupold [&hellip;]\" \/>\n<meta property=\"og:url\" content=\"https:\/\/mitrovicagreenfest.com\/sq\/green-fest-xiv-pikat-kryesore-te-aktiviteteve-kulturore\/\" \/>\n<meta property=\"og:site_name\" content=\"GreenFest\" \/>\n<meta property=\"article:publisher\" content=\"https:\/\/www.facebook.com\/GreenFestt\" \/>\n<meta property=\"article:modified_time\" content=\"2024-09-03T11:38:28+00:00\" \/>\n<meta property=\"og:image\" content=\"https:\/\/mitrovicagreenfest.com\/wp-content\/uploads\/2024\/09\/DSC01332-min.jpg\" \/>\n\t<meta property=\"og:image:width\" content=\"2500\" \/>\n\t<meta property=\"og:image:height\" content=\"1667\" \/>\n\t<meta property=\"og:image:type\" content=\"image\/jpeg\" \/>\n<meta name=\"twitter:card\" content=\"summary_large_image\" \/>\n<meta name=\"twitter:label1\" content=\"Est. reading time\" \/>\n\t<meta name=\"twitter:data1\" content=\"2 minutes\" \/>\n<script type=\"application\/ld+json\" class=\"yoast-schema-graph\">{\"@context\":\"https:\\\/\\\/schema.org\",\"@graph\":[{\"@type\":\"WebPage\",\"@id\":\"https:\\\/\\\/mitrovicagreenfest.com\\\/sq\\\/green-fest-xiv-pikat-kryesore-te-aktiviteteve-kulturore\\\/\",\"url\":\"https:\\\/\\\/mitrovicagreenfest.com\\\/sq\\\/green-fest-xiv-pikat-kryesore-te-aktiviteteve-kulturore\\\/\",\"name\":\"Green Fest XIV: Pikat kryesore t\u00eb aktiviteteve kulturore - GreenFest\",\"isPartOf\":{\"@id\":\"https:\\\/\\\/mitrovicagreenfest.com\\\/sq\\\/#website\"},\"primaryImageOfPage\":{\"@id\":\"https:\\\/\\\/mitrovicagreenfest.com\\\/sq\\\/green-fest-xiv-pikat-kryesore-te-aktiviteteve-kulturore\\\/#primaryimage\"},\"image\":{\"@id\":\"https:\\\/\\\/mitrovicagreenfest.com\\\/sq\\\/green-fest-xiv-pikat-kryesore-te-aktiviteteve-kulturore\\\/#primaryimage\"},\"thumbnailUrl\":\"https:\\\/\\\/mitrovicagreenfest.com\\\/wp-content\\\/uploads\\\/2024\\\/09\\\/DSC01332-min.jpg\",\"datePublished\":\"2024-08-18T11:27:47+00:00\",\"dateModified\":\"2024-09-03T11:38:28+00:00\",\"breadcrumb\":{\"@id\":\"https:\\\/\\\/mitrovicagreenfest.com\\\/sq\\\/green-fest-xiv-pikat-kryesore-te-aktiviteteve-kulturore\\\/#breadcrumb\"},\"inLanguage\":\"sq-AL\",\"potentialAction\":[{\"@type\":\"ReadAction\",\"target\":[\"https:\\\/\\\/mitrovicagreenfest.com\\\/sq\\\/green-fest-xiv-pikat-kryesore-te-aktiviteteve-kulturore\\\/\"]}]},{\"@type\":\"ImageObject\",\"inLanguage\":\"sq-AL\",\"@id\":\"https:\\\/\\\/mitrovicagreenfest.com\\\/sq\\\/green-fest-xiv-pikat-kryesore-te-aktiviteteve-kulturore\\\/#primaryimage\",\"url\":\"https:\\\/\\\/mitrovicagreenfest.com\\\/wp-content\\\/uploads\\\/2024\\\/09\\\/DSC01332-min.jpg\",\"contentUrl\":\"https:\\\/\\\/mitrovicagreenfest.com\\\/wp-content\\\/uploads\\\/2024\\\/09\\\/DSC01332-min.jpg\",\"width\":2500,\"height\":1667},{\"@type\":\"BreadcrumbList\",\"@id\":\"https:\\\/\\\/mitrovicagreenfest.com\\\/sq\\\/green-fest-xiv-pikat-kryesore-te-aktiviteteve-kulturore\\\/#breadcrumb\",\"itemListElement\":[{\"@type\":\"ListItem\",\"position\":1,\"name\":\"Home\",\"item\":\"https:\\\/\\\/mitrovicagreenfest.com\\\/sq\\\/faqja-kryesore\\\/\"},{\"@type\":\"ListItem\",\"position\":2,\"name\":\"Green Fest XIV: Pikat kryesore t\u00eb aktiviteteve kulturore\"}]},{\"@type\":\"WebSite\",\"@id\":\"https:\\\/\\\/mitrovicagreenfest.com\\\/sq\\\/#website\",\"url\":\"https:\\\/\\\/mitrovicagreenfest.com\\\/sq\\\/\",\"name\":\"GreenFest\",\"description\":\"The festival of the year.\",\"publisher\":{\"@id\":\"https:\\\/\\\/mitrovicagreenfest.com\\\/sq\\\/#organization\"},\"potentialAction\":[{\"@type\":\"SearchAction\",\"target\":{\"@type\":\"EntryPoint\",\"urlTemplate\":\"https:\\\/\\\/mitrovicagreenfest.com\\\/sq\\\/?s={search_term_string}\"},\"query-input\":{\"@type\":\"PropertyValueSpecification\",\"valueRequired\":true,\"valueName\":\"search_term_string\"}}],\"inLanguage\":\"sq-AL\"},{\"@type\":\"Organization\",\"@id\":\"https:\\\/\\\/mitrovicagreenfest.com\\\/sq\\\/#organization\",\"name\":\"GreenFest\",\"url\":\"https:\\\/\\\/mitrovicagreenfest.com\\\/sq\\\/\",\"logo\":{\"@type\":\"ImageObject\",\"inLanguage\":\"sq-AL\",\"@id\":\"https:\\\/\\\/mitrovicagreenfest.com\\\/sq\\\/#\\\/schema\\\/logo\\\/image\\\/\",\"url\":\"https:\\\/\\\/mitrovicagreenfest.com\\\/wp-content\\\/uploads\\\/2019\\\/02\\\/greenfest-darkaa.png\",\"contentUrl\":\"https:\\\/\\\/mitrovicagreenfest.com\\\/wp-content\\\/uploads\\\/2019\\\/02\\\/greenfest-darkaa.png\",\"width\":400,\"height\":402,\"caption\":\"GreenFest\"},\"image\":{\"@id\":\"https:\\\/\\\/mitrovicagreenfest.com\\\/sq\\\/#\\\/schema\\\/logo\\\/image\\\/\"},\"sameAs\":[\"https:\\\/\\\/www.facebook.com\\\/GreenFestt\",\"https:\\\/\\\/www.instagram.com\\\/greenfest.13\\\/\",\"https:\\\/\\\/www.youtube.com\\\/@greenfestival9066\"]}]}<\/script>\n<!-- \/ Yoast SEO plugin. -->","yoast_head_json":{"title":"Green Fest XIV: Pikat kryesore t\u00eb aktiviteteve kulturore - GreenFest","robots":{"index":"index","follow":"follow","max-snippet":"max-snippet:-1","max-image-preview":"max-image-preview:large","max-video-preview":"max-video-preview:-1"},"canonical":"https:\/\/mitrovicagreenfest.com\/sq\/green-fest-xiv-pikat-kryesore-te-aktiviteteve-kulturore\/","og_locale":"sq_AL","og_type":"article","og_title":"Green Fest XIV: Pikat kryesore t\u00eb aktiviteteve kulturore - GreenFest","og_description":"Edicioni i 14-t\u00eb i Green Fest n\u00eb Mitrovic\u00eb solli nj\u00eb program t\u00eb pasur kulturor, duke kombinuar filmin, fotografin\u00eb, poezin\u00eb dhe muzik\u00ebn p\u00ebr t\u00eb theksuar temat mjedisore. Festivali p\u00ebrfshiu shfaqjen e dokumentarit &#8220;In the Name of Vjosa&#8221; nga Matthias Leupold [&hellip;]","og_url":"https:\/\/mitrovicagreenfest.com\/sq\/green-fest-xiv-pikat-kryesore-te-aktiviteteve-kulturore\/","og_site_name":"GreenFest","article_publisher":"https:\/\/www.facebook.com\/GreenFestt","article_modified_time":"2024-09-03T11:38:28+00:00","og_image":[{"width":2500,"height":1667,"url":"https:\/\/mitrovicagreenfest.com\/wp-content\/uploads\/2024\/09\/DSC01332-min.jpg","type":"image\/jpeg"}],"twitter_card":"summary_large_image","twitter_misc":{"Est. reading time":"2 minutes"},"schema":{"@context":"https:\/\/schema.org","@graph":[{"@type":"WebPage","@id":"https:\/\/mitrovicagreenfest.com\/sq\/green-fest-xiv-pikat-kryesore-te-aktiviteteve-kulturore\/","url":"https:\/\/mitrovicagreenfest.com\/sq\/green-fest-xiv-pikat-kryesore-te-aktiviteteve-kulturore\/","name":"Green Fest XIV: Pikat kryesore t\u00eb aktiviteteve kulturore - GreenFest","isPartOf":{"@id":"https:\/\/mitrovicagreenfest.com\/sq\/#website"},"primaryImageOfPage":{"@id":"https:\/\/mitrovicagreenfest.com\/sq\/green-fest-xiv-pikat-kryesore-te-aktiviteteve-kulturore\/#primaryimage"},"image":{"@id":"https:\/\/mitrovicagreenfest.com\/sq\/green-fest-xiv-pikat-kryesore-te-aktiviteteve-kulturore\/#primaryimage"},"thumbnailUrl":"https:\/\/mitrovicagreenfest.com\/wp-content\/uploads\/2024\/09\/DSC01332-min.jpg","datePublished":"2024-08-18T11:27:47+00:00","dateModified":"2024-09-03T11:38:28+00:00","breadcrumb":{"@id":"https:\/\/mitrovicagreenfest.com\/sq\/green-fest-xiv-pikat-kryesore-te-aktiviteteve-kulturore\/#breadcrumb"},"inLanguage":"sq-AL","potentialAction":[{"@type":"ReadAction","target":["https:\/\/mitrovicagreenfest.com\/sq\/green-fest-xiv-pikat-kryesore-te-aktiviteteve-kulturore\/"]}]},{"@type":"ImageObject","inLanguage":"sq-AL","@id":"https:\/\/mitrovicagreenfest.com\/sq\/green-fest-xiv-pikat-kryesore-te-aktiviteteve-kulturore\/#primaryimage","url":"https:\/\/mitrovicagreenfest.com\/wp-content\/uploads\/2024\/09\/DSC01332-min.jpg","contentUrl":"https:\/\/mitrovicagreenfest.com\/wp-content\/uploads\/2024\/09\/DSC01332-min.jpg","width":2500,"height":1667},{"@type":"BreadcrumbList","@id":"https:\/\/mitrovicagreenfest.com\/sq\/green-fest-xiv-pikat-kryesore-te-aktiviteteve-kulturore\/#breadcrumb","itemListElement":[{"@type":"ListItem","position":1,"name":"Home","item":"https:\/\/mitrovicagreenfest.com\/sq\/faqja-kryesore\/"},{"@type":"ListItem","position":2,"name":"Green Fest XIV: Pikat kryesore t\u00eb aktiviteteve kulturore"}]},{"@type":"WebSite","@id":"https:\/\/mitrovicagreenfest.com\/sq\/#website","url":"https:\/\/mitrovicagreenfest.com\/sq\/","name":"GreenFest","description":"The festival of the year.","publisher":{"@id":"https:\/\/mitrovicagreenfest.com\/sq\/#organization"},"potentialAction":[{"@type":"SearchAction","target":{"@type":"EntryPoint","urlTemplate":"https:\/\/mitrovicagreenfest.com\/sq\/?s={search_term_string}"},"query-input":{"@type":"PropertyValueSpecification","valueRequired":true,"valueName":"search_term_string"}}],"inLanguage":"sq-AL"},{"@type":"Organization","@id":"https:\/\/mitrovicagreenfest.com\/sq\/#organization","name":"GreenFest","url":"https:\/\/mitrovicagreenfest.com\/sq\/","logo":{"@type":"ImageObject","inLanguage":"sq-AL","@id":"https:\/\/mitrovicagreenfest.com\/sq\/#\/schema\/logo\/image\/","url":"https:\/\/mitrovicagreenfest.com\/wp-content\/uploads\/2019\/02\/greenfest-darkaa.png","contentUrl":"https:\/\/mitrovicagreenfest.com\/wp-content\/uploads\/2019\/02\/greenfest-darkaa.png","width":400,"height":402,"caption":"GreenFest"},"image":{"@id":"https:\/\/mitrovicagreenfest.com\/sq\/#\/schema\/logo\/image\/"},"sameAs":["https:\/\/www.facebook.com\/GreenFestt","https:\/\/www.instagram.com\/greenfest.13\/","https:\/\/www.youtube.com\/@greenfestival9066"]}]}},"_links":{"self":[{"href":"https:\/\/mitrovicagreenfest.com\/sq\/wp-json\/wp\/v2\/pages\/6065","targetHints":{"allow":["GET"]}}],"collection":[{"href":"https:\/\/mitrovicagreenfest.com\/sq\/wp-json\/wp\/v2\/pages"}],"about":[{"href":"https:\/\/mitrovicagreenfest.com\/sq\/wp-json\/wp\/v2\/types\/page"}],"author":[{"embeddable":true,"href":"https:\/\/mitrovicagreenfest.com\/sq\/wp-json\/wp\/v2\/users\/4"}],"replies":[{"embeddable":true,"href":"https:\/\/mitrovicagreenfest.com\/sq\/wp-json\/wp\/v2\/comments?post=6065"}],"version-history":[{"count":1,"href":"https:\/\/mitrovicagreenfest.com\/sq\/wp-json\/wp\/v2\/pages\/6065\/revisions"}],"predecessor-version":[{"id":6066,"href":"https:\/\/mitrovicagreenfest.com\/sq\/wp-json\/wp\/v2\/pages\/6065\/revisions\/6066"}],"wp:featuredmedia":[{"embeddable":true,"href":"https:\/\/mitrovicagreenfest.com\/sq\/wp-json\/wp\/v2\/media\/6062"}],"wp:attachment":[{"href":"https:\/\/mitrovicagreenfest.com\/sq\/wp-json\/wp\/v2\/media?parent=6065"}],"curies":[{"name":"wp","href":"https:\/\/api.w.org\/{rel}","templated":true}]}}