{"id":5753,"date":"2023-08-28T09:29:59","date_gmt":"2023-08-28T09:29:59","guid":{"rendered":"https:\/\/mitrovicagreenfest.com\/?page_id=5753"},"modified":"2023-08-28T13:59:58","modified_gmt":"2023-08-28T13:59:58","slug":"thirrje-per-hulumtues","status":"publish","type":"page","link":"https:\/\/mitrovicagreenfest.com\/sq\/thirrje-per-hulumtues\/","title":{"rendered":"Thirrje p\u00ebr hulumtues"},"content":{"rendered":"\n<p><strong>Thirrje p\u00ebr hulumtues mjedisor: Hulumtim mjedisor p\u00ebr kat\u00ebr lumenjt\u00eb e Mitrovic\u00ebs<\/strong><\/p>\n\n\n\n<p><\/p>\n\n\n\n<p>Jemi duke k\u00ebrkuar nj\u00eb studiues t\u00eb aft\u00eb dhe t\u00eb p\u00ebrkushtuar p\u00ebr t\u00eb kryer nj\u00eb studim gjith\u00ebp\u00ebrfshir\u00ebs mbi \u00e7\u00ebshtjet mjedisore q\u00eb rrethojn\u00eb kat\u00ebr lumenjt\u00eb e Mitrovic\u00ebs. Q\u00ebllimi i k\u00ebtij hulumtimi \u00ebsht\u00eb t\u00eb gjeneroj prova t\u00eb reja dhe t\u00eb vlefshme q\u00eb do t\u00eb kontribuojn\u00eb drejt strategjive sa m\u00eb efektive t\u00eb avokimit p\u00ebr adresimin e sfidave mjedisore me t\u00eb cilat p\u00ebrballen k\u00ebta lumenj\u00eb si dhe vet qyteti i Mitrovic\u00ebs. Hulumtimi do t\u00eb kontribuoj n\u00eb q\u00ebllimin m\u00eb t\u00eb gjer\u00eb t\u00eb promovimit t\u00eb zhvillimit t\u00eb q\u00ebndruesh\u00ebm dhe mbrojtjes s\u00eb sh\u00ebndetit ekologjik t\u00eb rajonit.<\/p>\n\n\n\n<p><br><\/p>\n\n\n\n<p><strong>Fusha e pun\u00ebs:<\/strong><\/p>\n\n\n\n<p><\/p>\n\n\n\n<p>Studiuesi i p\u00ebrzgjedhur do t\u00eb jet\u00eb p\u00ebrgjegj\u00ebs p\u00ebr:<\/p>\n\n\n\n<p><\/p>\n\n\n\n<p>&#8211; Kryerja e sondazheve n\u00eb terren, intervistave dhe analizave t\u00eb t\u00eb dh\u00ebnave p\u00ebr t\u00eb mbledhur informacionin p\u00ebrkat\u00ebs.<\/p>\n\n\n\n<p>&#8211; Zhvillimi i rekomandimeve t\u00eb bazuara n\u00eb d\u00ebshmi p\u00ebr strategjit\u00eb e avokimit q\u00eb adresojn\u00eb \u00e7\u00ebshtjet e identifikuara.<\/p>\n\n\n\n<p>&#8211; Sigurimi q\u00eb konsideratat etike, duke p\u00ebrfshir\u00eb marrjen e p\u00eblqimit t\u00eb informuar, mb\u00ebshteten gjat\u00eb gjith\u00eb procesit t\u00eb k\u00ebrkimit.<\/p>\n\n\n\n<p>&#8211; Prodhimi i nj\u00eb raporti gjith\u00ebp\u00ebrfshir\u00ebs k\u00ebrkimor q\u00eb p\u00ebrfshin\u00eb gjetje, rekomandime dhe njohuri t\u00eb zbatueshme.<\/p>\n\n\n\n<p>&#8211; Zhvillimi i strategjive efektive t\u00eb avokimit p\u00ebr t\u00eb promovuar mir\u00ebkuptimin, angazhimin dhe veprimin n\u00eb mb\u00ebshtetje t\u00eb ruajtjes s\u00eb ekosistemit lumor.<\/p>\n\n\n\n<p><br><\/p>\n\n\n\n<p><strong>Kualifikimet:<\/strong><\/p>\n\n\n\n<p><\/p>\n\n\n\n<p>Kandidati ideal duhet t\u00eb ket\u00eb:<\/p>\n\n\n\n<p><\/p>\n\n\n\n<p>&#8211; Nj\u00eb sfond t\u00eb fort\u00eb n\u00eb shkenca mjedisore, ekologji, burimet ujore ose ndonj\u00eb fush\u00eb t\u00eb ngjashme.<\/p>\n\n\n\n<p>&#8211; P\u00ebrvoj\u00eb e demonstruar n\u00eb kryerjen e hulumtimeve n\u00eb terren, mbledhjes s\u00eb t\u00eb dh\u00ebnave dhe analizave.<\/p>\n\n\n\n<p>&#8211; Aft\u00ebsi n\u00eb metodat e k\u00ebrkimit cil\u00ebsor dhe sasior.<\/p>\n\n\n\n<p>&#8211; Njohja me sfidat mjedisore me t\u00eb cilat p\u00ebrballen lumenjt\u00eb dhe ekosistemet.<\/p>\n\n\n\n<p>&#8211; Aft\u00ebsi t\u00eb shk\u00eblqyera komunikimi p\u00ebr t&#8217;u angazhuar me pal\u00ebt e interesuara lokale dhe p\u00ebr t\u00eb paraqitur gjetjet e hulumtimit.<\/p>\n\n\n\n<p>&#8211; Ndjeshm\u00ebria ndaj nuancave kulturore dhe konsideratave etike n\u00eb k\u00ebrkimet q\u00eb p\u00ebrfshijn\u00eb komunitetet lokale.<\/p>\n\n\n\n<p><\/p>\n\n\n\n<p><\/p>\n\n\n\n<p><\/p>\n\n\n\n<p><\/p>\n\n\n\n<p><strong>Procesi i aplikimit:<\/strong><\/p>\n\n\n\n<p>Studiuesit e interesuar duhet t\u00eb dor\u00ebzojn\u00eb dokumentet e m\u00ebposhtme:<\/p>\n\n\n\n<p>&#8211; Nj\u00eb propozim i detajuar k\u00ebrkimor q\u00eb p\u00ebrshkruan objektivat e k\u00ebrkimit, metodologjin\u00eb dhe qasjen ndaj zhvillimit t\u00eb strategjis\u00eb s\u00eb avokimit.<\/p>\n\n\n\n<p>&#8211; CV duke theksuar kualifikimet p\u00ebrkat\u00ebse dhe p\u00ebrvoj\u00ebn e m\u00ebparshme k\u00ebrkimore.<\/p>\n\n\n\n<p>&#8211; Shembuj t\u00eb pun\u00ebs k\u00ebrkimore t\u00eb m\u00ebparshme, publikimeve ose raporteve n\u00eb lidhje me \u00e7\u00ebshtjet mjedisore.<\/p>\n\n\n\n<p><\/p>\n\n\n\n<p><\/p>\n\n\n\n<p><\/p>\n\n\n\n<p><\/p>\n\n\n\n<p><\/p>\n\n\n\n<p><\/p>\n\n\n\n<p><strong>Afati i fundit:<\/strong><\/p>\n\n\n\n<p>T\u00eb gjitha aplikacionet duhet t\u00eb dor\u00ebzohen deri n\u00eb 06 shtator 2023 n\u00eb <a href=\"mailto:info@7-arte.org\">info@7-arte.org<\/a>&nbsp;<\/p>\n\n\n\n<p><\/p>\n\n\n\n<p>Mezi presim t\u00eb marrim propozime inovative k\u00ebrkimore q\u00eb do t\u00eb kontribuojn\u00eb n\u00eb zhvillimin e q\u00ebndruesh\u00ebm dhe ruajtjen e mjedisit t\u00eb kat\u00ebr lumenjve t\u00eb Mitrovic\u00ebs.<\/p>\n\n\n\n<p><\/p>\n\n\n\n<p><\/p>\n","protected":false},"excerpt":{"rendered":"<p>Thirrje p\u00ebr hulumtues mjedisor: Hulumtim mjedisor p\u00ebr kat\u00ebr lumenjt\u00eb e Mitrovic\u00ebs Jemi duke k\u00ebrkuar nj\u00eb studiues t\u00eb aft\u00eb dhe t\u00eb p\u00ebrkushtuar p\u00ebr t\u00eb kryer nj\u00eb studim gjith\u00ebp\u00ebrfshir\u00ebs mbi \u00e7\u00ebshtjet mjedisore q\u00eb rrethojn\u00eb kat\u00ebr lumenjt\u00eb e Mitrovic\u00ebs. Q\u00ebllimi i k\u00ebtij [&hellip;]<\/p>\n","protected":false},"author":4,"featured_media":5748,"parent":0,"menu_order":0,"comment_status":"closed","ping_status":"closed","template":"","meta":{"footnotes":""},"class_list":["post-5753","page","type-page","status-publish","has-post-thumbnail","hentry"],"yoast_head":"<!-- This site is optimized with the Yoast SEO plugin v27.0 - https:\/\/yoast.com\/product\/yoast-seo-wordpress\/ -->\n<title>Thirrje p\u00ebr hulumtues - GreenFest<\/title>\n<meta name=\"description\" content=\"Jemi duke k\u00ebrkuar nj\u00eb studiues t\u00eb aft\u00eb dhe t\u00eb p\u00ebrkushtuar p\u00ebr t\u00eb kryer nj\u00eb studim gjith\u00ebp\u00ebrfshir\u00ebs mbi \u00e7\u00ebshtjet mjedisore q\u00eb rrethojn\u00eb kat\u00ebr lumenjt\u00eb e Mitrovic\u00ebs.\" \/>\n<meta name=\"robots\" content=\"index, follow, max-snippet:-1, max-image-preview:large, max-video-preview:-1\" \/>\n<link rel=\"canonical\" href=\"https:\/\/mitrovicagreenfest.com\/sq\/thirrje-per-hulumtues\/\" \/>\n<meta property=\"og:locale\" content=\"sq_AL\" \/>\n<meta property=\"og:type\" content=\"article\" \/>\n<meta property=\"og:title\" content=\"Thirrje p\u00ebr hulumtues - GreenFest\" \/>\n<meta property=\"og:description\" content=\"Jemi duke k\u00ebrkuar nj\u00eb studiues t\u00eb aft\u00eb dhe t\u00eb p\u00ebrkushtuar p\u00ebr t\u00eb kryer nj\u00eb studim gjith\u00ebp\u00ebrfshir\u00ebs mbi \u00e7\u00ebshtjet mjedisore q\u00eb rrethojn\u00eb kat\u00ebr lumenjt\u00eb e Mitrovic\u00ebs.\" \/>\n<meta property=\"og:url\" content=\"https:\/\/mitrovicagreenfest.com\/sq\/thirrje-per-hulumtues\/\" \/>\n<meta property=\"og:site_name\" content=\"GreenFest\" \/>\n<meta property=\"article:publisher\" content=\"https:\/\/www.facebook.com\/GreenFestt\" \/>\n<meta property=\"article:modified_time\" content=\"2023-08-28T13:59:58+00:00\" \/>\n<meta property=\"og:image\" content=\"https:\/\/mitrovicagreenfest.com\/wp-content\/uploads\/2023\/08\/1200x628-01-scaled.jpg\" \/>\n\t<meta property=\"og:image:width\" content=\"2560\" \/>\n\t<meta property=\"og:image:height\" content=\"1340\" \/>\n\t<meta property=\"og:image:type\" content=\"image\/jpeg\" \/>\n<meta name=\"twitter:card\" content=\"summary_large_image\" \/>\n<meta name=\"twitter:label1\" content=\"Est. reading time\" \/>\n\t<meta name=\"twitter:data1\" content=\"2 minutes\" \/>\n<script type=\"application\/ld+json\" class=\"yoast-schema-graph\">{\"@context\":\"https:\/\/schema.org\",\"@graph\":[{\"@type\":\"WebPage\",\"@id\":\"https:\/\/mitrovicagreenfest.com\/sq\/thirrje-per-hulumtues\/\",\"url\":\"https:\/\/mitrovicagreenfest.com\/sq\/thirrje-per-hulumtues\/\",\"name\":\"Thirrje p\u00ebr hulumtues - GreenFest\",\"isPartOf\":{\"@id\":\"https:\/\/mitrovicagreenfest.com\/sq\/#website\"},\"primaryImageOfPage\":{\"@id\":\"https:\/\/mitrovicagreenfest.com\/sq\/thirrje-per-hulumtues\/#primaryimage\"},\"image\":{\"@id\":\"https:\/\/mitrovicagreenfest.com\/sq\/thirrje-per-hulumtues\/#primaryimage\"},\"thumbnailUrl\":\"https:\/\/mitrovicagreenfest.com\/wp-content\/uploads\/2023\/08\/1200x628.jpg\",\"datePublished\":\"2023-08-28T09:29:59+00:00\",\"dateModified\":\"2023-08-28T13:59:58+00:00\",\"description\":\"Jemi duke k\u00ebrkuar nj\u00eb studiues t\u00eb aft\u00eb dhe t\u00eb p\u00ebrkushtuar p\u00ebr t\u00eb kryer nj\u00eb studim gjith\u00ebp\u00ebrfshir\u00ebs mbi \u00e7\u00ebshtjet mjedisore q\u00eb rrethojn\u00eb kat\u00ebr lumenjt\u00eb e Mitrovic\u00ebs.\",\"breadcrumb\":{\"@id\":\"https:\/\/mitrovicagreenfest.com\/sq\/thirrje-per-hulumtues\/#breadcrumb\"},\"inLanguage\":\"sq-AL\",\"potentialAction\":[{\"@type\":\"ReadAction\",\"target\":[\"https:\/\/mitrovicagreenfest.com\/sq\/thirrje-per-hulumtues\/\"]}]},{\"@type\":\"ImageObject\",\"inLanguage\":\"sq-AL\",\"@id\":\"https:\/\/mitrovicagreenfest.com\/sq\/thirrje-per-hulumtues\/#primaryimage\",\"url\":\"https:\/\/mitrovicagreenfest.com\/wp-content\/uploads\/2023\/08\/1200x628.jpg\",\"contentUrl\":\"https:\/\/mitrovicagreenfest.com\/wp-content\/uploads\/2023\/08\/1200x628.jpg\",\"width\":1200,\"height\":628},{\"@type\":\"BreadcrumbList\",\"@id\":\"https:\/\/mitrovicagreenfest.com\/sq\/thirrje-per-hulumtues\/#breadcrumb\",\"itemListElement\":[{\"@type\":\"ListItem\",\"position\":1,\"name\":\"Home\",\"item\":\"https:\/\/mitrovicagreenfest.com\/sq\/\"},{\"@type\":\"ListItem\",\"position\":2,\"name\":\"Thirrje p\u00ebr hulumtues\"}]},{\"@type\":\"WebSite\",\"@id\":\"https:\/\/mitrovicagreenfest.com\/sq\/#website\",\"url\":\"https:\/\/mitrovicagreenfest.com\/sq\/\",\"name\":\"GreenFest\",\"description\":\"The festival of the year.\",\"publisher\":{\"@id\":\"https:\/\/mitrovicagreenfest.com\/sq\/#organization\"},\"potentialAction\":[{\"@type\":\"SearchAction\",\"target\":{\"@type\":\"EntryPoint\",\"urlTemplate\":\"https:\/\/mitrovicagreenfest.com\/sq\/?s={search_term_string}\"},\"query-input\":{\"@type\":\"PropertyValueSpecification\",\"valueRequired\":true,\"valueName\":\"search_term_string\"}}],\"inLanguage\":\"sq-AL\"},{\"@type\":\"Organization\",\"@id\":\"https:\/\/mitrovicagreenfest.com\/sq\/#organization\",\"name\":\"GreenFest\",\"url\":\"https:\/\/mitrovicagreenfest.com\/sq\/\",\"logo\":{\"@type\":\"ImageObject\",\"inLanguage\":\"sq-AL\",\"@id\":\"https:\/\/mitrovicagreenfest.com\/sq\/#\/schema\/logo\/image\/\",\"url\":\"https:\/\/mitrovicagreenfest.com\/wp-content\/uploads\/2019\/02\/greenfest-darkaa.png\",\"contentUrl\":\"https:\/\/mitrovicagreenfest.com\/wp-content\/uploads\/2019\/02\/greenfest-darkaa.png\",\"width\":400,\"height\":402,\"caption\":\"GreenFest\"},\"image\":{\"@id\":\"https:\/\/mitrovicagreenfest.com\/sq\/#\/schema\/logo\/image\/\"},\"sameAs\":[\"https:\/\/www.facebook.com\/GreenFestt\",\"https:\/\/www.instagram.com\/greenfest.13\/\",\"https:\/\/www.youtube.com\/@greenfestival9066\"]}]}<\/script>\n<!-- \/ Yoast SEO plugin. -->","yoast_head_json":{"title":"Thirrje p\u00ebr hulumtues - GreenFest","description":"Jemi duke k\u00ebrkuar nj\u00eb studiues t\u00eb aft\u00eb dhe t\u00eb p\u00ebrkushtuar p\u00ebr t\u00eb kryer nj\u00eb studim gjith\u00ebp\u00ebrfshir\u00ebs mbi \u00e7\u00ebshtjet mjedisore q\u00eb rrethojn\u00eb kat\u00ebr lumenjt\u00eb e Mitrovic\u00ebs.","robots":{"index":"index","follow":"follow","max-snippet":"max-snippet:-1","max-image-preview":"max-image-preview:large","max-video-preview":"max-video-preview:-1"},"canonical":"https:\/\/mitrovicagreenfest.com\/sq\/thirrje-per-hulumtues\/","og_locale":"sq_AL","og_type":"article","og_title":"Thirrje p\u00ebr hulumtues - GreenFest","og_description":"Jemi duke k\u00ebrkuar nj\u00eb studiues t\u00eb aft\u00eb dhe t\u00eb p\u00ebrkushtuar p\u00ebr t\u00eb kryer nj\u00eb studim gjith\u00ebp\u00ebrfshir\u00ebs mbi \u00e7\u00ebshtjet mjedisore q\u00eb rrethojn\u00eb kat\u00ebr lumenjt\u00eb e Mitrovic\u00ebs.","og_url":"https:\/\/mitrovicagreenfest.com\/sq\/thirrje-per-hulumtues\/","og_site_name":"GreenFest","article_publisher":"https:\/\/www.facebook.com\/GreenFestt","article_modified_time":"2023-08-28T13:59:58+00:00","og_image":[{"width":2560,"height":1340,"url":"https:\/\/mitrovicagreenfest.com\/wp-content\/uploads\/2023\/08\/1200x628-01-scaled.jpg","type":"image\/jpeg"}],"twitter_card":"summary_large_image","twitter_misc":{"Est. reading time":"2 minutes"},"schema":{"@context":"https:\/\/schema.org","@graph":[{"@type":"WebPage","@id":"https:\/\/mitrovicagreenfest.com\/sq\/thirrje-per-hulumtues\/","url":"https:\/\/mitrovicagreenfest.com\/sq\/thirrje-per-hulumtues\/","name":"Thirrje p\u00ebr hulumtues - GreenFest","isPartOf":{"@id":"https:\/\/mitrovicagreenfest.com\/sq\/#website"},"primaryImageOfPage":{"@id":"https:\/\/mitrovicagreenfest.com\/sq\/thirrje-per-hulumtues\/#primaryimage"},"image":{"@id":"https:\/\/mitrovicagreenfest.com\/sq\/thirrje-per-hulumtues\/#primaryimage"},"thumbnailUrl":"https:\/\/mitrovicagreenfest.com\/wp-content\/uploads\/2023\/08\/1200x628.jpg","datePublished":"2023-08-28T09:29:59+00:00","dateModified":"2023-08-28T13:59:58+00:00","description":"Jemi duke k\u00ebrkuar nj\u00eb studiues t\u00eb aft\u00eb dhe t\u00eb p\u00ebrkushtuar p\u00ebr t\u00eb kryer nj\u00eb studim gjith\u00ebp\u00ebrfshir\u00ebs mbi \u00e7\u00ebshtjet mjedisore q\u00eb rrethojn\u00eb kat\u00ebr lumenjt\u00eb e Mitrovic\u00ebs.","breadcrumb":{"@id":"https:\/\/mitrovicagreenfest.com\/sq\/thirrje-per-hulumtues\/#breadcrumb"},"inLanguage":"sq-AL","potentialAction":[{"@type":"ReadAction","target":["https:\/\/mitrovicagreenfest.com\/sq\/thirrje-per-hulumtues\/"]}]},{"@type":"ImageObject","inLanguage":"sq-AL","@id":"https:\/\/mitrovicagreenfest.com\/sq\/thirrje-per-hulumtues\/#primaryimage","url":"https:\/\/mitrovicagreenfest.com\/wp-content\/uploads\/2023\/08\/1200x628.jpg","contentUrl":"https:\/\/mitrovicagreenfest.com\/wp-content\/uploads\/2023\/08\/1200x628.jpg","width":1200,"height":628},{"@type":"BreadcrumbList","@id":"https:\/\/mitrovicagreenfest.com\/sq\/thirrje-per-hulumtues\/#breadcrumb","itemListElement":[{"@type":"ListItem","position":1,"name":"Home","item":"https:\/\/mitrovicagreenfest.com\/sq\/"},{"@type":"ListItem","position":2,"name":"Thirrje p\u00ebr hulumtues"}]},{"@type":"WebSite","@id":"https:\/\/mitrovicagreenfest.com\/sq\/#website","url":"https:\/\/mitrovicagreenfest.com\/sq\/","name":"GreenFest","description":"The festival of the year.","publisher":{"@id":"https:\/\/mitrovicagreenfest.com\/sq\/#organization"},"potentialAction":[{"@type":"SearchAction","target":{"@type":"EntryPoint","urlTemplate":"https:\/\/mitrovicagreenfest.com\/sq\/?s={search_term_string}"},"query-input":{"@type":"PropertyValueSpecification","valueRequired":true,"valueName":"search_term_string"}}],"inLanguage":"sq-AL"},{"@type":"Organization","@id":"https:\/\/mitrovicagreenfest.com\/sq\/#organization","name":"GreenFest","url":"https:\/\/mitrovicagreenfest.com\/sq\/","logo":{"@type":"ImageObject","inLanguage":"sq-AL","@id":"https:\/\/mitrovicagreenfest.com\/sq\/#\/schema\/logo\/image\/","url":"https:\/\/mitrovicagreenfest.com\/wp-content\/uploads\/2019\/02\/greenfest-darkaa.png","contentUrl":"https:\/\/mitrovicagreenfest.com\/wp-content\/uploads\/2019\/02\/greenfest-darkaa.png","width":400,"height":402,"caption":"GreenFest"},"image":{"@id":"https:\/\/mitrovicagreenfest.com\/sq\/#\/schema\/logo\/image\/"},"sameAs":["https:\/\/www.facebook.com\/GreenFestt","https:\/\/www.instagram.com\/greenfest.13\/","https:\/\/www.youtube.com\/@greenfestival9066"]}]}},"_links":{"self":[{"href":"https:\/\/mitrovicagreenfest.com\/sq\/wp-json\/wp\/v2\/pages\/5753","targetHints":{"allow":["GET"]}}],"collection":[{"href":"https:\/\/mitrovicagreenfest.com\/sq\/wp-json\/wp\/v2\/pages"}],"about":[{"href":"https:\/\/mitrovicagreenfest.com\/sq\/wp-json\/wp\/v2\/types\/page"}],"author":[{"embeddable":true,"href":"https:\/\/mitrovicagreenfest.com\/sq\/wp-json\/wp\/v2\/users\/4"}],"replies":[{"embeddable":true,"href":"https:\/\/mitrovicagreenfest.com\/sq\/wp-json\/wp\/v2\/comments?post=5753"}],"version-history":[{"count":6,"href":"https:\/\/mitrovicagreenfest.com\/sq\/wp-json\/wp\/v2\/pages\/5753\/revisions"}],"predecessor-version":[{"id":5767,"href":"https:\/\/mitrovicagreenfest.com\/sq\/wp-json\/wp\/v2\/pages\/5753\/revisions\/5767"}],"wp:featuredmedia":[{"embeddable":true,"href":"https:\/\/mitrovicagreenfest.com\/sq\/wp-json\/wp\/v2\/media\/5748"}],"wp:attachment":[{"href":"https:\/\/mitrovicagreenfest.com\/sq\/wp-json\/wp\/v2\/media?parent=5753"}],"curies":[{"name":"wp","href":"https:\/\/api.w.org\/{rel}","templated":true}]}}