{"id":5133,"date":"2019-02-26T10:19:44","date_gmt":"2019-02-26T10:19:44","guid":{"rendered":"https:\/\/mitrovicagreenfest.com\/kontakti\/"},"modified":"2024-11-14T10:47:39","modified_gmt":"2024-11-14T10:47:39","slug":"kontakti","status":"publish","type":"page","link":"https:\/\/mitrovicagreenfest.com\/sq\/kontakti\/","title":{"rendered":"Kontakti"},"content":{"rendered":"<p>[vc_row equal_height=&#8221;yes&#8221; content_placement=&#8221;middle&#8221; row_content_width=&#8221;grid&#8221; content_text_aligment=&#8221;center&#8221; css=&#8221;.vc_custom_1551974358692{padding-top: 0px !important;background-position: 0 0 !important;background-repeat: no-repeat !important;}&#8221;][vc_column css=&#8221;.vc_custom_1551194417256{padding-top: 0px !important;}&#8221;]<div class=\"edgtf-elements-holder   edgtf-one-column  edgtf-responsive-mode-768  \" ><div class=\"edgtf-eh-item   edgtf-horizontal-alignment-center \" style=\"background-image: url(https:\/\/mitrovicagreenfest.com\/wp-content\/uploads\/2019\/02\/New-Project-12.png)\" data-item-class=\"edgtf-eh-custom-3201\" data-1025-1366=\"190px 0 220px 0\" data-681-768=\"240px 0 280px 0\" data-680=\"225px 0 255px 0\">\n\t<div class=\"edgtf-eh-item-inner\">\n\t\t<div class=\"edgtf-eh-item-content edgtf-eh-custom-3201\" style=\"padding: 237px 0 267px 0\">\n\t\t\t[vc_column_text]<\/p>\n<h1 style=\"text-align: center;\"><span style=\"color: #ffffff;\">Na Kontaktoni<\/span><\/h1>\n<p>[\/vc_column_text]\t\t<\/div>\n\t<\/div>\n<\/div><\/div>[\/vc_column][\/vc_row][vc_row row_content_width=&#8221;grid&#8221;][vc_column]<div class=\"edgtf-elements-holder   edgtf-two-columns  edgtf-responsive-mode-1024  \" ><div class=\"edgtf-eh-item    \"  data-item-class=\"edgtf-eh-custom-2487\" data-1367-1600=\"24.4% 24% 21.6% 0%\" data-1025-1366=\"19.4% 20% 16.6% 0%\" data-769-1024=\"14.4% 35% 14.6% 0%\" data-681-768=\"19.4% 25% 16.6% 0%\" data-680=\"28% 0% 28% 0%\">\n\t<div class=\"edgtf-eh-item-inner\">\n\t\t<div class=\"edgtf-eh-item-content edgtf-eh-custom-2487\" style=\"padding: 19.4% 32% 16.6% 0%\">\n\t\t\t<div class=\"edgtf-section-title-holder   \" style=\"text-align: left\">\n\t<div class=\"edgtf-st-inner\">\n                    <h4 class=\"edgtf-st-subtitle\" >\n                Ndjehuni t\u00eb lir\u00eb t\u00eb na            <\/h4>\n        \n\t\t\t\t\t<h1 class=\"edgtf-st-title\" style=\"color: #000\">\n\t\t\t\tD\u00ebrgoni mesazh\t\t\t<\/h1>\n\t\t        \n        <div class=\"edgtf-separator-holder clearfix  edgtf-separator-left \">\n\t<div class=\"edgtf-separator\" style=\"border-color: #000;width: 77px;border-bottom-width: 3px\"><\/div>\n<\/div>\n\n\t\t\t\t\t<\/div>\n<\/div>[vc_empty_space]    <span class=\"edgtf-icon-shortcode edgtf-normal   \" style=\"margin: 0px 22px 0px 0px\" data-color=\"#23e072\">\n                    <a itemprop=\"url\" class=\"\" href=\"https:\/\/www.youtube.com\/@greenfestival9066\" target=\"_blank\">\n                    <span aria-hidden=\"true\" class=\"edgtf-icon-font-elegant social_youtube_circle edgtf-icon-element\" style=\"color: #23e072;font-size:25px\" ><\/span>                    <\/a>\n            <\/span>\n    <span class=\"edgtf-icon-shortcode edgtf-normal   \" style=\"margin: 0px 22px 0px 0px\" data-color=\"#23e072\">\n                    <a itemprop=\"url\" class=\"\" href=\"https:\/\/www.instagram.com\/greenfest.13\/\" target=\"_blank\">\n                    <span aria-hidden=\"true\" class=\"edgtf-icon-font-elegant social_instagram_circle edgtf-icon-element\" style=\"color: #23e072;font-size:25px\" ><\/span>                    <\/a>\n            <\/span>\n    <span class=\"edgtf-icon-shortcode edgtf-normal   \"  data-color=\"#23e072\">\n                    <a itemprop=\"url\" class=\"\" href=\"https:\/\/www.facebook.com\/GreenFestt\" target=\"_blank\">\n                    <span aria-hidden=\"true\" class=\"edgtf-icon-font-elegant social_facebook_circle edgtf-icon-element\" style=\"color: #23e072;font-size:25px\" ><\/span>                    <\/a>\n            <\/span>\n\t\t<\/div>\n\t<\/div>\n<\/div><div class=\"edgtf-eh-item    \"  data-item-class=\"edgtf-eh-custom-8106\" data-1367-1600=\"4% 0% 2% 0%\" data-769-1024=\"0% 0% 12% 0%\" data-681-768=\"0% 0% 12% 0%\" data-680=\"0% 0% 20% 0%\">\n\t<div class=\"edgtf-eh-item-inner\">\n\t\t<div class=\"edgtf-eh-item-content edgtf-eh-custom-8106\" style=\"padding: 4% 0% 2% 0%\">\n\t\t\t\n<div class=\"wpcf7 no-js\" id=\"wpcf7-f13-o1\" lang=\"en-US\" dir=\"ltr\" data-wpcf7-id=\"13\">\n<div class=\"screen-reader-response\"><p role=\"status\" aria-live=\"polite\" aria-atomic=\"true\"><\/p> <ul><\/ul><\/div>\n<form action=\"\/sq\/wp-json\/wp\/v2\/pages\/5133#wpcf7-f13-o1\" method=\"post\" class=\"wpcf7-form init\" aria-label=\"Contact form\" novalidate=\"novalidate\" data-status=\"init\">\n<fieldset class=\"hidden-fields-container\"><input type=\"hidden\" name=\"_wpcf7\" value=\"13\" \/><input type=\"hidden\" name=\"_wpcf7_version\" value=\"6.1.5\" \/><input type=\"hidden\" name=\"_wpcf7_locale\" value=\"en_US\" \/><input type=\"hidden\" name=\"_wpcf7_unit_tag\" value=\"wpcf7-f13-o1\" \/><input type=\"hidden\" name=\"_wpcf7_container_post\" value=\"0\" \/><input type=\"hidden\" name=\"_wpcf7_posted_data_hash\" value=\"\" \/>\n<\/fieldset>\n<div class=\"edgtf-grid-row qodef-grid-small-gutter\">\n\t<div class=\"edgtf-grid-col-6\">\n\t\t<p><span class=\"wpcf7-form-control-wrap\" data-name=\"your-name\"><input size=\"40\" maxlength=\"400\" class=\"wpcf7-form-control wpcf7-text wpcf7-validates-as-required\" aria-required=\"true\" aria-invalid=\"false\" placeholder=\"Your name\" value=\"\" type=\"text\" name=\"your-name\" \/><\/span>\n\t\t<\/p>\n\t<\/div>\n\t<div class=\"edgtf-grid-col-6\">\n\t\t<p><span class=\"wpcf7-form-control-wrap\" data-name=\"your-email\"><input size=\"40\" maxlength=\"400\" class=\"wpcf7-form-control wpcf7-email wpcf7-validates-as-required wpcf7-text wpcf7-validates-as-email\" aria-required=\"true\" aria-invalid=\"false\" placeholder=\"Your email\" value=\"\" type=\"email\" name=\"your-email\" \/><\/span>\n\t\t<\/p>\n\t<\/div>\n\t<div class=\"edgtf-grid-col-12\">\n\t\t<p><span class=\"wpcf7-form-control-wrap\" data-name=\"your-message\"><textarea cols=\"40\" rows=\"7\" maxlength=\"2000\" class=\"wpcf7-form-control wpcf7-textarea wpcf7-validates-as-required\" aria-required=\"true\" aria-invalid=\"false\" placeholder=\"Your message\" name=\"your-message\"><\/textarea><\/span>\n\t\t<\/p>\n\t<\/div>\n<\/div>\n<p><button class=\"wpcf7-form-control wpcf7-submit qodef-dark-shadow edgtf-btn edgtf-btn-medium edgtf-btn-outline\" type=\"submit\"><span class=\"edgtf-btn-text\">SUBSCRIBE<\/span><\/button>\n<\/p><div class=\"wpcf7-response-output\" aria-hidden=\"true\"><\/div>\n<\/form>\n<\/div>\n\t\t<\/div>\n\t<\/div>\n<\/div><\/div>[\/vc_column][\/vc_row][vc_row row_content_width=&#8221;grid&#8221; css=&#8221;.vc_custom_1685437482396{padding-bottom: 92px !important;}&#8221;][vc_column width=&#8221;1\/2&#8243; offset=&#8221;vc_col-lg-3 vc_col-md-6 vc_col-xs-12&#8243;][vc_column_text]<\/p>\n<h4>Kontakt<\/h4>\n<p>[\/vc_column_text][vc_empty_space height=&#8221;22px&#8221;][vc_column_text]Kontaktoni Organizat\u00ebn[\/vc_column_text][vc_column_text]<a href=\"mailto:info@7-arte.org\">info@7-arte.org<\/a>[\/vc_column_text][vc_column_text]+383(0)38 748 861[\/vc_column_text][vc_empty_space height=&#8221;50px&#8221;][\/vc_column][vc_column width=&#8221;1\/2&#8243; offset=&#8221;vc_col-lg-3 vc_col-md-6 vc_col-xs-12&#8243;][vc_column_text]<\/p>\n<h4>Kontakt<\/h4>\n<p>[\/vc_column_text][vc_empty_space height=&#8221;22px&#8221;][vc_column_text]Lulzim Hoti (Drejtor Ekzekutiv)[\/vc_column_text][vc_column_text]<a href=\"mailto:lulzimhoti@gmail.com\">lulzimhoti@gmail.com<\/a>[\/vc_column_text][vc_column_text]+383(0)49 211 771[\/vc_column_text][vc_empty_space height=&#8221;50px&#8221;][\/vc_column][\/vc_row][vc_row row_content_width=&#8221;grid&#8221;][vc_column]<div class=\"edgtf-google-map-holder\">\n\t\t<div class=\"edgtf-google-map\" id=\"edgtf-map-1147870\" data-addresses='[\"City Park, Mitrovica, Kosovo\"]' data-custom-map-style=no data-color-overlay=#393939 data-saturation=-100 data-lightness=-60 data-zoom=14 data-pin=https:\/\/mitrovicagreenfest.com\/wp-content\/themes\/vibra\/assets\/img\/pin.png data-unique-id=1147870 data-scroll-wheel=no data-height=600 data-snazzy-map-style=yes><\/div>\n\t\t\t<input type=\"hidden\" class=\"edgtf-snazzy-map\" value=\"`{`\n{\n``featureType``: ``all``,\n``elementType``: ``labels.icon``,\n``stylers``: `{`\n{\n``color``: ``#008457``\n},\n{\n``visibility``: ``on``\n}\n`}`\n},\n{\n``featureType``: ``administrative``,\n``elementType``: ``labels.text.fill``,\n``stylers``: `{`\n{\n``color``: ``#444444``\n}\n`}`\n},\n{\n``featureType``: ``administrative.province``,\n``elementType``: ``labels.text.fill``,\n``stylers``: `{`\n{\n``color``: ``#008450``\n}\n`}`\n},\n{\n``featureType``: ``administrative.locality``,\n``elementType``: ``geometry.fill``,\n``stylers``: `{`\n{\n``color``: ``#008457``\n}\n`}`\n},\n{\n``featureType``: ``administrative.locality``,\n``elementType``: ``labels``,\n``stylers``: `{`\n{\n``color``: ``#008457``\n}\n`}`\n},\n{\n``featureType``: ``administrative.locality``,\n``elementType``: ``labels.text.stroke``,\n``stylers``: `{`\n{\n``lightness``: ``-84``\n},\n{\n``saturation``: ``-59``\n},\n{\n``weight``: ``0.01``\n},\n{\n``color``: ``#008457``\n}\n`}`\n},\n{\n``featureType``: ``administrative.neighborhood``,\n``elementType``: ``geometry.fill``,\n``stylers``: `{`\n{\n``weight``: ``3.09``\n},\n{\n``color``: ``#ff0000``\n}\n`}`\n},\n{\n``featureType``: ``administrative.neighborhood``,\n``elementType``: ``labels.text.fill``,\n``stylers``: `{`\n{\n``color``: ``#008457``\n}\n`}`\n},\n{\n``featureType``: ``administrative.land_parcel``,\n``elementType``: ``geometry.fill``,\n``stylers``: `{`\n{\n``visibility``: ``on``\n},\n{\n``color``: ``#ff0000``\n}\n`}`\n},\n{\n``featureType``: ``administrative.land_parcel``,\n``elementType``: ``labels.text.fill``,\n``stylers``: `{`\n{\n``color``: ``#008457``\n},\n{\n``visibility``: ``on``\n}\n`}`\n},\n{\n``featureType``: ``landscape``,\n``elementType``: ``all``,\n``stylers``: `{`\n{\n``color``: ``#f2f2f2``\n}\n`}`\n},\n{\n``featureType``: ``landscape.man_made``,\n``elementType``: ``geometry.fill``,\n``stylers``: `{`\n{\n``lightness``: ``-18``\n},\n{\n``color``: ``#e2dfda``\n},\n{\n``saturation``: ``0``\n}\n`}`\n},\n{\n``featureType``: ``landscape.natural.landcover``,\n``elementType``: ``geometry.fill``,\n``stylers``: `{`\n{\n``visibility``: ``on``\n},\n{\n``color``: ``#e1dbdb``\n}\n`}`\n},\n{\n``featureType``: ``landscape.natural.terrain``,\n``elementType``: ``geometry.fill``,\n``stylers``: `{`\n{\n``hue``: ``#ff0000``\n},\n{\n``visibility``: ``on``\n}\n`}`\n},\n{\n``featureType``: ``landscape.natural.terrain``,\n``elementType``: ``labels.text.fill``,\n``stylers``: `{`\n{\n``color``: ``#ff0000``\n}\n`}`\n},\n{\n``featureType``: ``poi``,\n``elementType``: ``all``,\n``stylers``: `{`\n{\n``visibility``: ``on``\n}\n`}`\n},\n{\n``featureType``: ``poi``,\n``elementType``: ``labels.icon``,\n``stylers``: `{`\n{\n``color``: ``#008457``\n},\n{\n``visibility``: ``off``\n}\n`}`\n},\n{\n``featureType``: ``poi.attraction``,\n``elementType``: ``labels.text.fill``,\n``stylers``: `{`\n{\n``visibility``: ``on``\n},\n{\n``color``: ``#008457``\n}\n`}`\n},\n{\n``featureType``: ``poi.attraction``,\n``elementType``: ``labels.icon``,\n``stylers``: `{`\n{\n``gamma``: ``4.14``\n},\n{\n``weight``: ``3.85``\n},\n{\n``color``: ``#008457``\n},\n{\n``visibility``: ``off``\n}\n`}`\n},\n{\n``featureType``: ``poi.business``,\n``elementType``: ``geometry.fill``,\n``stylers``: `{`\n{\n``color``: ``#008457``\n}\n`}`\n},\n{\n``featureType``: ``poi.business``,\n``elementType``: ``labels.text.fill``,\n``stylers``: `{`\n{\n``visibility``: ``on``\n}\n`}`\n},\n{\n``featureType``: ``poi.business``,\n``elementType``: ``labels.icon``,\n``stylers``: `{`\n{\n``visibility``: ``off``\n}\n`}`\n},\n{\n``featureType``: ``poi.medical``,\n``elementType``: ``geometry.fill``,\n``stylers``: `{`\n{\n``visibility``: ``on``\n},\n{\n``weight``: ``1.92``\n}\n`}`\n},\n{\n``featureType``: ``poi.medical``,\n``elementType``: ``labels.text.fill``,\n``stylers``: `{`\n{\n``visibility``: ``simplified``\n}\n`}`\n},\n{\n``featureType``: ``poi.medical``,\n``elementType``: ``labels.icon``,\n``stylers``: `{`\n{\n``color``: ``#008457``\n},\n{\n``saturation``: ``-37``\n},\n{\n``visibility``: ``on``\n}\n`}`\n},\n{\n``featureType``: ``road``,\n``elementType``: ``all``,\n``stylers``: `{`\n{\n``saturation``: -100\n},\n{\n``lightness``: 45\n}\n`}`\n},\n{\n``featureType``: ``road``,\n``elementType``: ``labels.text.fill``,\n``stylers``: `{`\n{\n``color``: ``#008457``\n},\n{\n``visibility``: ``on``\n}\n`}`\n},\n{\n``featureType``: ``road``,\n``elementType``: ``labels.icon``,\n``stylers``: `{`\n{\n``visibility``: ``on``\n}\n`}`\n},\n{\n``featureType``: ``road.highway``,\n``elementType``: ``all``,\n``stylers``: `{`\n{\n``visibility``: ``simplified``\n}\n`}`\n},\n{\n``featureType``: ``road.highway``,\n``elementType``: ``geometry.fill``,\n``stylers``: `{`\n{\n``hue``: ``#00ffa8``\n},\n{\n``saturation``: ``-47``\n}\n`}`\n},\n{\n``featureType``: ``road.highway``,\n``elementType``: ``labels.text.fill``,\n``stylers``: `{`\n{\n``visibility``: ``on``\n}\n`}`\n},\n{\n``featureType``: ``road.arterial``,\n``elementType``: ``labels.icon``,\n``stylers``: `{`\n{\n``visibility``: ``off``\n}\n`}`\n},\n{\n``featureType``: ``transit``,\n``elementType``: ``all``,\n``stylers``: `{`\n{\n``visibility``: ``off``\n}\n`}`\n},\n{\n``featureType``: ``water``,\n``elementType``: ``all``,\n``stylers``: `{`\n{\n``color``: ``#46bcec``\n},\n{\n``visibility``: ``on``\n}\n`}`\n},\n{\n``featureType``: ``water``,\n``elementType``: ``geometry.fill``,\n``stylers``: `{`\n{\n``color``: ``#c1d6e1``\n}\n`}`\n},\n{\n``featureType``: ``water``,\n``elementType``: ``labels.text.fill``,\n``stylers``: `{`\n{\n``color``: ``#7e8083``\n},\n{\n``visibility``: ``on``\n}\n`}`\n},\n{\n``featureType``: ``water``,\n``elementType``: ``labels.text.stroke``,\n``stylers``: `{`\n{\n``color``: ``#6d7376``\n},\n{\n``visibility``: ``on``\n}\n`}`\n}\n`}`\"\/>\n\t\t\t\t<div class=\"edgtf-google-map-overlay\"><\/div>\n\t<\/div>[\/vc_column][\/vc_row]<\/p>\n","protected":false},"excerpt":{"rendered":"<p>[vc_row equal_height=&#8221;yes&#8221; content_placement=&#8221;middle&#8221; row_content_width=&#8221;grid&#8221; content_text_aligment=&#8221;center&#8221; css=&#8221;.vc_custom_1551974358692{padding-top: 0px !important;background-position: 0 0 !important;background-repeat: no-repeat !important;}&#8221;][vc_column css=&#8221;.vc_custom_1551194417256{padding-top: 0px !important;}&#8221;][\/vc_column][\/vc_row][vc_row row_content_width=&#8221;grid&#8221;][vc_column][\/vc_column][\/vc_row][vc_row row_content_width=&#8221;grid&#8221; css=&#8221;.vc_custom_1685437482396{padding-bottom: 92px !important;}&#8221;][vc_column width=&#8221;1\/2&#8243; offset=&#8221;vc_col-lg-3 vc_col-md-6 vc_col-xs-12&#8243;][vc_column_text] Kontakt [\/vc_column_text][vc_empty_space height=&#8221;22px&#8221;][vc_column_text]Kontaktoni Organizat\u00ebn[\/vc_column_text][vc_column_text]info@7-arte.org[\/vc_column_text][vc_column_text]+383(0)38 748 861[\/vc_column_text][vc_empty_space height=&#8221;50px&#8221;][\/vc_column][vc_column width=&#8221;1\/2&#8243; offset=&#8221;vc_col-lg-3 vc_col-md-6 vc_col-xs-12&#8243;][vc_column_text] Kontakt [\/vc_column_text][vc_empty_space height=&#8221;22px&#8221;][vc_column_text]Lulzim [&hellip;]<\/p>\n","protected":false},"author":1,"featured_media":0,"parent":0,"menu_order":0,"comment_status":"closed","ping_status":"closed","template":"full-width.php","meta":{"footnotes":""},"class_list":["post-5133","page","type-page","status-publish","hentry"],"yoast_head":"<!-- This site is optimized with the Yoast SEO plugin v27.0 - https:\/\/yoast.com\/product\/yoast-seo-wordpress\/ -->\n<title>Kontakti - GreenFest<\/title>\n<meta name=\"robots\" content=\"index, follow, max-snippet:-1, max-image-preview:large, max-video-preview:-1\" \/>\n<link rel=\"canonical\" href=\"https:\/\/mitrovicagreenfest.com\/sq\/kontakti\/\" \/>\n<meta property=\"og:locale\" content=\"sq_AL\" \/>\n<meta property=\"og:type\" content=\"article\" \/>\n<meta property=\"og:title\" content=\"Kontakti - GreenFest\" \/>\n<meta property=\"og:description\" content=\"[vc_row equal_height=&#8221;yes&#8221; content_placement=&#8221;middle&#8221; row_content_width=&#8221;grid&#8221; content_text_aligment=&#8221;center&#8221; css=&#8221;.vc_custom_1551974358692{padding-top: 0px !important;background-position: 0 0 !important;background-repeat: no-repeat !important;}&#8221;][vc_column css=&#8221;.vc_custom_1551194417256{padding-top: 0px !important;}&#8221;][\/vc_column][\/vc_row][vc_row row_content_width=&#8221;grid&#8221;][vc_column][\/vc_column][\/vc_row][vc_row row_content_width=&#8221;grid&#8221; css=&#8221;.vc_custom_1685437482396{padding-bottom: 92px !important;}&#8221;][vc_column width=&#8221;1\/2&#8243; offset=&#8221;vc_col-lg-3 vc_col-md-6 vc_col-xs-12&#8243;][vc_column_text] Kontakt [\/vc_column_text][vc_empty_space height=&#8221;22px&#8221;][vc_column_text]Kontaktoni Organizat\u00ebn[\/vc_column_text][vc_column_text]info@7-arte.org[\/vc_column_text][vc_column_text]+383(0)38 748 861[\/vc_column_text][vc_empty_space height=&#8221;50px&#8221;][\/vc_column][vc_column width=&#8221;1\/2&#8243; offset=&#8221;vc_col-lg-3 vc_col-md-6 vc_col-xs-12&#8243;][vc_column_text] Kontakt [\/vc_column_text][vc_empty_space height=&#8221;22px&#8221;][vc_column_text]Lulzim [&hellip;]\" \/>\n<meta property=\"og:url\" content=\"https:\/\/mitrovicagreenfest.com\/sq\/kontakti\/\" \/>\n<meta property=\"og:site_name\" content=\"GreenFest\" \/>\n<meta property=\"article:publisher\" content=\"https:\/\/www.facebook.com\/GreenFestt\" \/>\n<meta property=\"article:modified_time\" content=\"2024-11-14T10:47:39+00:00\" \/>\n<meta name=\"twitter:card\" content=\"summary_large_image\" \/>\n<meta name=\"twitter:label1\" content=\"Est. reading time\" \/>\n\t<meta name=\"twitter:data1\" content=\"4 minutes\" \/>\n<script type=\"application\/ld+json\" class=\"yoast-schema-graph\">{\"@context\":\"https:\/\/schema.org\",\"@graph\":[{\"@type\":\"WebPage\",\"@id\":\"https:\/\/mitrovicagreenfest.com\/sq\/kontakti\/\",\"url\":\"https:\/\/mitrovicagreenfest.com\/sq\/kontakti\/\",\"name\":\"Kontakti - GreenFest\",\"isPartOf\":{\"@id\":\"https:\/\/mitrovicagreenfest.com\/sq\/#website\"},\"datePublished\":\"2019-02-26T10:19:44+00:00\",\"dateModified\":\"2024-11-14T10:47:39+00:00\",\"breadcrumb\":{\"@id\":\"https:\/\/mitrovicagreenfest.com\/sq\/kontakti\/#breadcrumb\"},\"inLanguage\":\"sq-AL\",\"potentialAction\":[{\"@type\":\"ReadAction\",\"target\":[\"https:\/\/mitrovicagreenfest.com\/sq\/kontakti\/\"]}]},{\"@type\":\"BreadcrumbList\",\"@id\":\"https:\/\/mitrovicagreenfest.com\/sq\/kontakti\/#breadcrumb\",\"itemListElement\":[{\"@type\":\"ListItem\",\"position\":1,\"name\":\"Home\",\"item\":\"https:\/\/mitrovicagreenfest.com\/sq\/\"},{\"@type\":\"ListItem\",\"position\":2,\"name\":\"Kontakti\"}]},{\"@type\":\"WebSite\",\"@id\":\"https:\/\/mitrovicagreenfest.com\/sq\/#website\",\"url\":\"https:\/\/mitrovicagreenfest.com\/sq\/\",\"name\":\"GreenFest\",\"description\":\"The festival of the year.\",\"publisher\":{\"@id\":\"https:\/\/mitrovicagreenfest.com\/sq\/#organization\"},\"potentialAction\":[{\"@type\":\"SearchAction\",\"target\":{\"@type\":\"EntryPoint\",\"urlTemplate\":\"https:\/\/mitrovicagreenfest.com\/sq\/?s={search_term_string}\"},\"query-input\":{\"@type\":\"PropertyValueSpecification\",\"valueRequired\":true,\"valueName\":\"search_term_string\"}}],\"inLanguage\":\"sq-AL\"},{\"@type\":\"Organization\",\"@id\":\"https:\/\/mitrovicagreenfest.com\/sq\/#organization\",\"name\":\"GreenFest\",\"url\":\"https:\/\/mitrovicagreenfest.com\/sq\/\",\"logo\":{\"@type\":\"ImageObject\",\"inLanguage\":\"sq-AL\",\"@id\":\"https:\/\/mitrovicagreenfest.com\/sq\/#\/schema\/logo\/image\/\",\"url\":\"https:\/\/mitrovicagreenfest.com\/wp-content\/uploads\/2019\/02\/greenfest-darkaa.png\",\"contentUrl\":\"https:\/\/mitrovicagreenfest.com\/wp-content\/uploads\/2019\/02\/greenfest-darkaa.png\",\"width\":400,\"height\":402,\"caption\":\"GreenFest\"},\"image\":{\"@id\":\"https:\/\/mitrovicagreenfest.com\/sq\/#\/schema\/logo\/image\/\"},\"sameAs\":[\"https:\/\/www.facebook.com\/GreenFestt\",\"https:\/\/www.instagram.com\/greenfest.13\/\",\"https:\/\/www.youtube.com\/@greenfestival9066\"]}]}<\/script>\n<!-- \/ Yoast SEO plugin. -->","yoast_head_json":{"title":"Kontakti - GreenFest","robots":{"index":"index","follow":"follow","max-snippet":"max-snippet:-1","max-image-preview":"max-image-preview:large","max-video-preview":"max-video-preview:-1"},"canonical":"https:\/\/mitrovicagreenfest.com\/sq\/kontakti\/","og_locale":"sq_AL","og_type":"article","og_title":"Kontakti - GreenFest","og_description":"[vc_row equal_height=&#8221;yes&#8221; content_placement=&#8221;middle&#8221; row_content_width=&#8221;grid&#8221; content_text_aligment=&#8221;center&#8221; css=&#8221;.vc_custom_1551974358692{padding-top: 0px !important;background-position: 0 0 !important;background-repeat: no-repeat !important;}&#8221;][vc_column css=&#8221;.vc_custom_1551194417256{padding-top: 0px !important;}&#8221;][\/vc_column][\/vc_row][vc_row row_content_width=&#8221;grid&#8221;][vc_column][\/vc_column][\/vc_row][vc_row row_content_width=&#8221;grid&#8221; css=&#8221;.vc_custom_1685437482396{padding-bottom: 92px !important;}&#8221;][vc_column width=&#8221;1\/2&#8243; offset=&#8221;vc_col-lg-3 vc_col-md-6 vc_col-xs-12&#8243;][vc_column_text] Kontakt [\/vc_column_text][vc_empty_space height=&#8221;22px&#8221;][vc_column_text]Kontaktoni Organizat\u00ebn[\/vc_column_text][vc_column_text]info@7-arte.org[\/vc_column_text][vc_column_text]+383(0)38 748 861[\/vc_column_text][vc_empty_space height=&#8221;50px&#8221;][\/vc_column][vc_column width=&#8221;1\/2&#8243; offset=&#8221;vc_col-lg-3 vc_col-md-6 vc_col-xs-12&#8243;][vc_column_text] Kontakt [\/vc_column_text][vc_empty_space height=&#8221;22px&#8221;][vc_column_text]Lulzim [&hellip;]","og_url":"https:\/\/mitrovicagreenfest.com\/sq\/kontakti\/","og_site_name":"GreenFest","article_publisher":"https:\/\/www.facebook.com\/GreenFestt","article_modified_time":"2024-11-14T10:47:39+00:00","twitter_card":"summary_large_image","twitter_misc":{"Est. reading time":"4 minutes"},"schema":{"@context":"https:\/\/schema.org","@graph":[{"@type":"WebPage","@id":"https:\/\/mitrovicagreenfest.com\/sq\/kontakti\/","url":"https:\/\/mitrovicagreenfest.com\/sq\/kontakti\/","name":"Kontakti - GreenFest","isPartOf":{"@id":"https:\/\/mitrovicagreenfest.com\/sq\/#website"},"datePublished":"2019-02-26T10:19:44+00:00","dateModified":"2024-11-14T10:47:39+00:00","breadcrumb":{"@id":"https:\/\/mitrovicagreenfest.com\/sq\/kontakti\/#breadcrumb"},"inLanguage":"sq-AL","potentialAction":[{"@type":"ReadAction","target":["https:\/\/mitrovicagreenfest.com\/sq\/kontakti\/"]}]},{"@type":"BreadcrumbList","@id":"https:\/\/mitrovicagreenfest.com\/sq\/kontakti\/#breadcrumb","itemListElement":[{"@type":"ListItem","position":1,"name":"Home","item":"https:\/\/mitrovicagreenfest.com\/sq\/"},{"@type":"ListItem","position":2,"name":"Kontakti"}]},{"@type":"WebSite","@id":"https:\/\/mitrovicagreenfest.com\/sq\/#website","url":"https:\/\/mitrovicagreenfest.com\/sq\/","name":"GreenFest","description":"The festival of the year.","publisher":{"@id":"https:\/\/mitrovicagreenfest.com\/sq\/#organization"},"potentialAction":[{"@type":"SearchAction","target":{"@type":"EntryPoint","urlTemplate":"https:\/\/mitrovicagreenfest.com\/sq\/?s={search_term_string}"},"query-input":{"@type":"PropertyValueSpecification","valueRequired":true,"valueName":"search_term_string"}}],"inLanguage":"sq-AL"},{"@type":"Organization","@id":"https:\/\/mitrovicagreenfest.com\/sq\/#organization","name":"GreenFest","url":"https:\/\/mitrovicagreenfest.com\/sq\/","logo":{"@type":"ImageObject","inLanguage":"sq-AL","@id":"https:\/\/mitrovicagreenfest.com\/sq\/#\/schema\/logo\/image\/","url":"https:\/\/mitrovicagreenfest.com\/wp-content\/uploads\/2019\/02\/greenfest-darkaa.png","contentUrl":"https:\/\/mitrovicagreenfest.com\/wp-content\/uploads\/2019\/02\/greenfest-darkaa.png","width":400,"height":402,"caption":"GreenFest"},"image":{"@id":"https:\/\/mitrovicagreenfest.com\/sq\/#\/schema\/logo\/image\/"},"sameAs":["https:\/\/www.facebook.com\/GreenFestt","https:\/\/www.instagram.com\/greenfest.13\/","https:\/\/www.youtube.com\/@greenfestival9066"]}]}},"_links":{"self":[{"href":"https:\/\/mitrovicagreenfest.com\/sq\/wp-json\/wp\/v2\/pages\/5133","targetHints":{"allow":["GET"]}}],"collection":[{"href":"https:\/\/mitrovicagreenfest.com\/sq\/wp-json\/wp\/v2\/pages"}],"about":[{"href":"https:\/\/mitrovicagreenfest.com\/sq\/wp-json\/wp\/v2\/types\/page"}],"author":[{"embeddable":true,"href":"https:\/\/mitrovicagreenfest.com\/sq\/wp-json\/wp\/v2\/users\/1"}],"replies":[{"embeddable":true,"href":"https:\/\/mitrovicagreenfest.com\/sq\/wp-json\/wp\/v2\/comments?post=5133"}],"version-history":[{"count":13,"href":"https:\/\/mitrovicagreenfest.com\/sq\/wp-json\/wp\/v2\/pages\/5133\/revisions"}],"predecessor-version":[{"id":6091,"href":"https:\/\/mitrovicagreenfest.com\/sq\/wp-json\/wp\/v2\/pages\/5133\/revisions\/6091"}],"wp:attachment":[{"href":"https:\/\/mitrovicagreenfest.com\/sq\/wp-json\/wp\/v2\/media?parent=5133"}],"curies":[{"name":"wp","href":"https:\/\/api.w.org\/{rel}","templated":true}]}}