{"id":4834,"date":"2023-05-10T09:05:35","date_gmt":"2023-05-10T09:05:35","guid":{"rendered":"https:\/\/mitrovicagreenfest.com\/green-advocacy\/"},"modified":"2023-08-09T09:35:28","modified_gmt":"2023-08-09T09:35:28","slug":"green-advocacy","status":"publish","type":"page","link":"https:\/\/mitrovicagreenfest.com\/sq\/green-advocacy\/","title":{"rendered":"Green Advocacy"},"content":{"rendered":"<p>[vc_row full_height=&#8221;yes&#8221; simple_background_color=&#8221;#000000&#8243; el_class=&#8221;green-fest-type&#8221;][vc_column]<div class=\"edgtf-split-scrolling-section\">\n    <div class=\"edgtf-sss-ms-left\"><div class=\"edgtf-sss-ms-section\"  style=\"background-image: url(https:\/\/mitrovicagreenfest.com\/wp-content\/uploads\/2023\/03\/New-Project-21.png);text-align: center\">\n\t<div class=\"edgtf-elements-holder   edgtf-one-column  edgtf-responsive-mode-768 edgtf-one-column-alignment-center \" ><div class=\"edgtf-eh-item    \"  data-item-class=\"edgtf-eh-custom-4611\" data-1367-1600=\"21.5% 22%\" data-1025-1366=\"16% 18%\" data-769-1024=\"22.5% 24% 15.5%\" data-681-768=\"200px 18% 130px\" data-680=\"200px 15px 130px\">\n\t<div class=\"edgtf-eh-item-inner\">\n\t\t<div class=\"edgtf-eh-item-content edgtf-eh-custom-4611\" style=\"padding: 20.85% 17%\">\n\t\t\t[vc_single_image image=&#8221;4822&#8243; img_size=&#8221;600&#215;200&#8243; css=&#8221;.vc_custom_1683724362006{margin-left: 0px !important;border-left-width: 0px !important;}&#8221;]<div class=\"edgtf-section-title-holder   \" style=\"text-align: left\">\n\t<div class=\"edgtf-st-inner\">\n                    <h3 class=\"edgtf-st-subtitle\" style=\"color: #ffffff\">\n                come join us at            <\/h3>\n        \n\t\t\t\t\t<h1 class=\"edgtf-st-title\" style=\"color: #ffffff\">\n\t\t\t\tGreen Advocacy\t\t\t<\/h1>\n\t\t        \n        <div class=\"edgtf-separator-holder clearfix  edgtf-separator-left \">\n\t<div class=\"edgtf-separator\" style=\"border-color: #ffffff;width: 77px;border-bottom-width: 3px\"><\/div>\n<\/div>\n\n\t\t\t\t\t<\/div>\n<\/div>[vc_column_text el_class=&#8221;white_color_text_2a&#8221;]<\/p>\n<p style=\"text-align: left;\"><span style=\"font-weight: 400;\">Ky program do t\u00eb angazhohet n\u00eb p\u00ebrpjekje t\u00eb fuqishme avokuese, duke p\u00ebrfshir\u00eb lobimin, hulumtimin e politikave dhe partneritetet strategjike me politik\u00ebb\u00ebr\u00ebsit, OJQ-t\u00eb dhe pal\u00ebt e tjera t\u00eb interesuara. N\u00ebp\u00ebrmjet fushatave avokuese, fushatave nd\u00ebrgjegj\u00ebsuese publike dhe organizimit baz\u00eb, do punoj drejt ndikimit dhe zbatimit t\u00eb ndryshimeve t\u00eb politikave q\u00eb p\u00ebrputhen me misionin p\u00ebr t\u00eb promovuar q\u00ebndrueshm\u00ebrin\u00eb dhe mbrojtjen e mjedisit.<\/span><\/p>\n<p style=\"text-align: left;\"><span style=\"font-weight: 400;\">Ky program ka dy objektiva kryesore: Trash\u00ebgimia Industriale dhe Lumenjt\u00eb e Q\u00ebndruesh\u00ebm.<\/span><\/p>\n<p>[\/vc_column_text][vc_empty_space]<div class=\"edgtf-section-title-holder   \" style=\"text-align: left\">\n\t<div class=\"edgtf-st-inner\">\n        \n\t\t\t\t\t<h1 class=\"edgtf-st-title\" style=\"color: #ffffff\">\n\t\t\t\tIndustrial heritage\t\t\t<\/h1>\n\t\t        \n        <div class=\"edgtf-separator-holder clearfix  edgtf-separator-left \">\n\t<div class=\"edgtf-separator\" style=\"border-color: #ffffff;width: 77px;border-bottom-width: 3px\"><\/div>\n<\/div>\n\n\t\t\t\t\t<\/div>\n<\/div>[vc_column_text el_class=&#8221;white_color_text_2b&#8221;]<\/p>\n<p style=\"text-align: left;\"><span style=\"font-weight: 400;\">Promovimi i trash\u00ebgimis\u00eb industriale \u00ebsht\u00eb nj\u00eb aspekt ky\u00e7 i festivalit, pasi synon t\u00eb nxjerr\u00eb n\u00eb pah r\u00ebnd\u00ebsin\u00eb e ruajtjes s\u00eb trash\u00ebgimis\u00eb kulturore dhe historike p\u00ebr brezat e ardhsh\u00ebm. Trash\u00ebgimia industriale i referohet trash\u00ebgimis\u00eb kulturore materiale dhe jomateriale t\u00eb lidhur me industrializimin e nj\u00eb rajoni t\u00eb caktuar. Kjo p\u00ebrfshin\u00eb fabrikat, minierat, peizazhe industriale, banesat e pun\u00ebtor\u00ebve dhe vende t\u00eb tjera, si dhe histori e kujtesa kolektive t\u00eb njer\u00ebzve q\u00eb punuan n\u00eb k\u00ebto peizazhe industriale. Nj\u00eb nga platformat q\u00eb \u00ebsht\u00eb krijuar p\u00ebr k\u00ebt\u00eb kauz\u00eb njihet si Visit Trep\u00e7a, ku mund t\u00eb informoheni m\u00eb shum\u00eb p\u00ebr t\u00eb duke klikuar <\/span><a href=\"https:\/\/visittrepca.com\/sq\/\"><span style=\"font-weight: 400;\">k\u00ebtu<\/span><\/a>.<\/p>\n<p style=\"text-align: left;\"><span style=\"font-weight: 400;\">Duke promovuar trash\u00ebgimin\u00eb industriale gjat\u00eb festivalit, synojm\u00eb t\u00eb rrisim nd\u00ebrgjegj\u00ebsimin p\u00ebr r\u00ebnd\u00ebsin\u00eb e ruajtjes s\u00eb trash\u00ebgimis\u00eb kulturore dhe historike p\u00ebr gjeneratat e ardhshme dhe t\u00eb ofrojm\u00eb mund\u00ebsi p\u00ebr frekuentuesit e festivalit t\u00eb m\u00ebsojn\u00eb m\u00eb shum\u00eb p\u00ebr trash\u00ebgimin\u00eb industriale t\u00eb rajonit. Ky program gjithashtu do ta inkurajoj komunitetin t\u00eb m\u00ebsoj m\u00eb shum\u00eb p\u00ebr trash\u00ebgimin\u00eb dhe t\u00eb nd\u00ebrmarrin veprime p\u00ebr ta ruajtur dhe p\u00ebr ta p\u00ebrdorur at\u00eb si nj\u00eb mjet p\u00ebr q\u00ebndrueshm\u00ebri.<\/span><\/p>\n<p>[\/vc_column_text][vc_empty_space]<div class=\"edgtf-section-title-holder   \" style=\"text-align: left\">\n\t<div class=\"edgtf-st-inner\">\n        \n\t\t\t\t\t<h1 class=\"edgtf-st-title\" style=\"color: #ffffff\">\n\t\t\t\tSustainable Rivers\t\t\t<\/h1>\n\t\t        \n        <div class=\"edgtf-separator-holder clearfix  edgtf-separator-left \">\n\t<div class=\"edgtf-separator\" style=\"border-color: #ffffff;width: 77px;border-bottom-width: 3px\"><\/div>\n<\/div>\n\n\t\t\t\t\t<\/div>\n<\/div>[vc_column_text el_class=&#8221;white_color_text_2c&#8221;]<\/p>\n<p style=\"text-align: left;\"><span style=\"font-weight: 400;\">Objektivi yn\u00eb \u00ebsht\u00eb t\u00eb p\u00ebrmir\u00ebsojm\u00eb sh\u00ebndetin dhe q\u00ebndrueshm\u00ebrin\u00eb e lumenjve t\u00eb qytetit t\u00eb Mitrovic\u00ebs si dhe t\u00eb mbar\u00eb Kosov\u00ebs p\u00ebrmes menaxhimit efektiv, reduktimit t\u00eb ndotjes dhe angazhimit t\u00eb komunitetit.<\/span><\/p>\n<p style=\"text-align: left;\"><span style=\"font-weight: 400;\">Ne synojm\u00eb t\u00eb zbatojm\u00eb praktikat e integruara t\u00eb menaxhimit t\u00eb lumenjve, t\u00eb rregullojm\u00eb ndotjen nga burimet me baz\u00eb tok\u00ebsore, t\u00eb angazhojm\u00eb komunitetet lokale, t\u00eb kryejm\u00eb monitorim dhe k\u00ebrkime, t\u00eb nxisim bashk\u00ebpunimin e pal\u00ebve t\u00eb interesuara dhe t\u00eb avokojm\u00eb p\u00ebr politika mb\u00ebshtet\u00ebse dhe mekanizma qeveris\u00ebs.<\/span><\/p>\n<p style=\"text-align: left;\"><span style=\"font-weight: 400;\">Q\u00ebllimet tona jan\u00eb t\u00eb ruajm\u00eb dhe p\u00ebrdorim n\u00eb m\u00ebnyr\u00eb t\u00eb q\u00ebndrueshme lumenjt\u00eb, t\u00eb mbrojm\u00eb cil\u00ebsin\u00eb e ujit dhe habitatin, t\u00eb promovojm\u00eb jetes\u00ebn e q\u00ebndrueshme, t\u00eb p\u00ebrmir\u00ebsojm\u00eb p\u00ebrpjekjet e monitorimit dhe k\u00ebrkimit, t\u00eb bashk\u00ebpunojm\u00eb mes pal\u00ebve t\u00eb interesuara dhe t\u00eb avokojm\u00eb p\u00ebr politika miq\u00ebsore me mjedisin.<\/span><\/p>\n<p style=\"text-align: left;\"><span style=\"font-weight: 400;\">S\u00eb bashku, ne mund t\u00eb ndikojm\u00eb pozitivisht n\u00eb lumenjt\u00eb e Mitrovic\u00ebs dhe Kosov\u00ebs e t\u00eb kontribuojm\u00eb n\u00eb arritjen e Objektivit t\u00eb Zhvillimit t\u00eb Q\u00ebndruesh\u00ebm 14 &#8211; &#8220;Jeta n\u00ebn uj\u00eb&#8221;.<\/span><\/p>\n<p>[\/vc_column_text]\t\t<\/div>\n\t<\/div>\n<\/div><\/div><\/div><\/div><div class=\"edgtf-sss-ms-right\"><div class=\"edgtf-scrolling\"><div class=\"edgtf-sss-ms-section\"  style=\"padding: 11% 9% 0%;text-align: left\">\n\t<div class=\"edgtf-elements-holder   edgtf-one-column  edgtf-responsive-mode-768  \" ><div class=\"edgtf-eh-item    \"  data-item-class=\"edgtf-eh-custom-1381\" data-1367-1600=\"0px 7.8%\" data-1025-1366=\"0px 8%\" data-769-1024=\"13px 0 13px\" data-681-768=\"40px 0 0\" data-680=\"75px 0px 0\">\n\t<div class=\"edgtf-eh-item-inner\">\n\t\t<div class=\"edgtf-eh-item-content edgtf-eh-custom-1381\" style=\"padding: 0px 6%\">\n\t\t\t<div class=\"edgtf-section-title-holder   \" style=\"text-align: center\">\n\t<div class=\"edgtf-st-inner\">\n                    <h4 class=\"edgtf-st-subtitle\" style=\"color: #23e072\">\n                check our amazing            <\/h4>\n        \n\t\t\t\t\t<h1 class=\"edgtf-st-title\" style=\"color: #ffffff\">\n\t\t\t\tGreen Advocacy Gallery\t\t\t<\/h1>\n\t\t        \n        <div class=\"edgtf-separator-holder clearfix  edgtf-separator-center \">\n\t<div class=\"edgtf-separator\" style=\"border-color: #ffffff;width: 77px;border-bottom-width: 3px\"><\/div>\n<\/div>\n\n\t\t\t\t\t<\/div>\n<\/div>[vc_empty_space height=&#8221;62px&#8221;]<div class=\"edgtf-section-title-holder   \" style=\"text-align: center\">\n\t<div class=\"edgtf-st-inner\">\n                    <h3 class=\"edgtf-st-subtitle\" style=\"color: #ffffff\">\n                don't miss out            <\/h3>\n        \n\t\t        \n        <div class=\"edgtf-separator-holder clearfix  edgtf-separator-center \">\n\t<div class=\"edgtf-separator\" style=\"border-color: #000;width: 77px;border-bottom-width: 3px\"><\/div>\n<\/div>\n\n\t\t\t\t\t<\/div>\n<\/div><div class=\"edgtf-single-image-holder   \">\n    <div class=\"edgtf-si-inner\" >\n                                    <img loading=\"lazy\" decoding=\"async\" width=\"1024\" height=\"569\" src=\"https:\/\/mitrovicagreenfest.com\/wp-content\/uploads\/2023\/04\/301015339_580929510408120_6904876961654596348_n-1024x569-1.png\" class=\"attachment-full size-full\" alt=\"\" srcset=\"https:\/\/mitrovicagreenfest.com\/wp-content\/uploads\/2023\/04\/301015339_580929510408120_6904876961654596348_n-1024x569-1.png 1024w, https:\/\/mitrovicagreenfest.com\/wp-content\/uploads\/2023\/04\/301015339_580929510408120_6904876961654596348_n-1024x569-1-300x167.png 300w, https:\/\/mitrovicagreenfest.com\/wp-content\/uploads\/2023\/04\/301015339_580929510408120_6904876961654596348_n-1024x569-1-768x427.png 768w, https:\/\/mitrovicagreenfest.com\/wp-content\/uploads\/2023\/04\/301015339_580929510408120_6904876961654596348_n-1024x569-1-600x333.png 600w\" sizes=\"auto, (max-width: 1024px) 100vw, 1024px\" \/>                        <\/div>\n<\/div>[vc_empty_space height=&#8221;62px&#8221;]<div class=\"edgtf-single-image-holder   \">\n    <div class=\"edgtf-si-inner\" >\n                                    <img loading=\"lazy\" decoding=\"async\" width=\"2560\" height=\"1764\" src=\"https:\/\/mitrovicagreenfest.com\/wp-content\/uploads\/2023\/06\/workshopi-vizionimi-i-hapesirave-industriale-min-scaled.jpg\" class=\"attachment-full size-full\" alt=\"\" srcset=\"https:\/\/mitrovicagreenfest.com\/wp-content\/uploads\/2023\/06\/workshopi-vizionimi-i-hapesirave-industriale-min-scaled.jpg 2560w, https:\/\/mitrovicagreenfest.com\/wp-content\/uploads\/2023\/06\/workshopi-vizionimi-i-hapesirave-industriale-min-300x207.jpg 300w, https:\/\/mitrovicagreenfest.com\/wp-content\/uploads\/2023\/06\/workshopi-vizionimi-i-hapesirave-industriale-min-1024x705.jpg 1024w, https:\/\/mitrovicagreenfest.com\/wp-content\/uploads\/2023\/06\/workshopi-vizionimi-i-hapesirave-industriale-min-768x529.jpg 768w, https:\/\/mitrovicagreenfest.com\/wp-content\/uploads\/2023\/06\/workshopi-vizionimi-i-hapesirave-industriale-min-1536x1058.jpg 1536w, https:\/\/mitrovicagreenfest.com\/wp-content\/uploads\/2023\/06\/workshopi-vizionimi-i-hapesirave-industriale-min-600x413.jpg 600w\" sizes=\"auto, (max-width: 2560px) 100vw, 2560px\" \/>                        <\/div>\n<\/div>[vc_empty_space height=&#8221;62px&#8221;][vc_empty_space height=&#8221;30px&#8221;][vc_column_text]<a href=\"https:\/\/mitrovicagreenfest.com\/green-art-gallery\/\">Galerija e Green Art<\/a>[\/vc_column_text]\t\t<\/div>\n\t<\/div>\n<\/div><\/div><\/div><\/div><\/div><\/div>[\/vc_column][\/vc_row]<\/p>\n","protected":false},"excerpt":{"rendered":"<p>[vc_row full_height=&#8221;yes&#8221; simple_background_color=&#8221;#000000&#8243; el_class=&#8221;green-fest-type&#8221;][vc_column][\/vc_column][\/vc_row]<\/p>\n","protected":false},"author":2,"featured_media":0,"parent":0,"menu_order":0,"comment_status":"closed","ping_status":"closed","template":"full-width.php","meta":{"footnotes":""},"class_list":["post-4834","page","type-page","status-publish","hentry"],"yoast_head":"<!-- This site is optimized with the Yoast SEO plugin v27.0 - https:\/\/yoast.com\/product\/yoast-seo-wordpress\/ -->\n<title>Green Advocacy - GreenFest<\/title>\n<meta name=\"robots\" content=\"index, follow, max-snippet:-1, max-image-preview:large, max-video-preview:-1\" \/>\n<link rel=\"canonical\" href=\"https:\/\/mitrovicagreenfest.com\/sq\/green-advocacy\/\" \/>\n<meta property=\"og:locale\" content=\"sq_AL\" \/>\n<meta property=\"og:type\" content=\"article\" \/>\n<meta property=\"og:title\" content=\"Green Advocacy - GreenFest\" \/>\n<meta property=\"og:description\" content=\"[vc_row full_height=&#8221;yes&#8221; simple_background_color=&#8221;#000000&#8243; el_class=&#8221;green-fest-type&#8221;][vc_column][\/vc_column][\/vc_row]\" \/>\n<meta property=\"og:url\" content=\"https:\/\/mitrovicagreenfest.com\/sq\/green-advocacy\/\" \/>\n<meta property=\"og:site_name\" content=\"GreenFest\" \/>\n<meta property=\"article:publisher\" content=\"https:\/\/www.facebook.com\/GreenFestt\" \/>\n<meta property=\"article:modified_time\" content=\"2023-08-09T09:35:28+00:00\" \/>\n<meta name=\"twitter:card\" content=\"summary_large_image\" \/>\n<meta name=\"twitter:label1\" content=\"Est. reading time\" \/>\n\t<meta name=\"twitter:data1\" content=\"3 minutes\" \/>\n<script type=\"application\/ld+json\" class=\"yoast-schema-graph\">{\"@context\":\"https:\/\/schema.org\",\"@graph\":[{\"@type\":\"WebPage\",\"@id\":\"https:\/\/mitrovicagreenfest.com\/sq\/green-advocacy\/\",\"url\":\"https:\/\/mitrovicagreenfest.com\/sq\/green-advocacy\/\",\"name\":\"Green Advocacy - GreenFest\",\"isPartOf\":{\"@id\":\"https:\/\/mitrovicagreenfest.com\/sq\/#website\"},\"datePublished\":\"2023-05-10T09:05:35+00:00\",\"dateModified\":\"2023-08-09T09:35:28+00:00\",\"breadcrumb\":{\"@id\":\"https:\/\/mitrovicagreenfest.com\/sq\/green-advocacy\/#breadcrumb\"},\"inLanguage\":\"sq-AL\",\"potentialAction\":[{\"@type\":\"ReadAction\",\"target\":[\"https:\/\/mitrovicagreenfest.com\/sq\/green-advocacy\/\"]}]},{\"@type\":\"BreadcrumbList\",\"@id\":\"https:\/\/mitrovicagreenfest.com\/sq\/green-advocacy\/#breadcrumb\",\"itemListElement\":[{\"@type\":\"ListItem\",\"position\":1,\"name\":\"Home\",\"item\":\"https:\/\/mitrovicagreenfest.com\/sq\/\"},{\"@type\":\"ListItem\",\"position\":2,\"name\":\"Green Advocacy\"}]},{\"@type\":\"WebSite\",\"@id\":\"https:\/\/mitrovicagreenfest.com\/sq\/#website\",\"url\":\"https:\/\/mitrovicagreenfest.com\/sq\/\",\"name\":\"GreenFest\",\"description\":\"The festival of the year.\",\"publisher\":{\"@id\":\"https:\/\/mitrovicagreenfest.com\/sq\/#organization\"},\"potentialAction\":[{\"@type\":\"SearchAction\",\"target\":{\"@type\":\"EntryPoint\",\"urlTemplate\":\"https:\/\/mitrovicagreenfest.com\/sq\/?s={search_term_string}\"},\"query-input\":{\"@type\":\"PropertyValueSpecification\",\"valueRequired\":true,\"valueName\":\"search_term_string\"}}],\"inLanguage\":\"sq-AL\"},{\"@type\":\"Organization\",\"@id\":\"https:\/\/mitrovicagreenfest.com\/sq\/#organization\",\"name\":\"GreenFest\",\"url\":\"https:\/\/mitrovicagreenfest.com\/sq\/\",\"logo\":{\"@type\":\"ImageObject\",\"inLanguage\":\"sq-AL\",\"@id\":\"https:\/\/mitrovicagreenfest.com\/sq\/#\/schema\/logo\/image\/\",\"url\":\"https:\/\/mitrovicagreenfest.com\/wp-content\/uploads\/2019\/02\/greenfest-darkaa.png\",\"contentUrl\":\"https:\/\/mitrovicagreenfest.com\/wp-content\/uploads\/2019\/02\/greenfest-darkaa.png\",\"width\":400,\"height\":402,\"caption\":\"GreenFest\"},\"image\":{\"@id\":\"https:\/\/mitrovicagreenfest.com\/sq\/#\/schema\/logo\/image\/\"},\"sameAs\":[\"https:\/\/www.facebook.com\/GreenFestt\",\"https:\/\/www.instagram.com\/greenfest.13\/\",\"https:\/\/www.youtube.com\/@greenfestival9066\"]}]}<\/script>\n<!-- \/ Yoast SEO plugin. -->","yoast_head_json":{"title":"Green Advocacy - GreenFest","robots":{"index":"index","follow":"follow","max-snippet":"max-snippet:-1","max-image-preview":"max-image-preview:large","max-video-preview":"max-video-preview:-1"},"canonical":"https:\/\/mitrovicagreenfest.com\/sq\/green-advocacy\/","og_locale":"sq_AL","og_type":"article","og_title":"Green Advocacy - GreenFest","og_description":"[vc_row full_height=&#8221;yes&#8221; simple_background_color=&#8221;#000000&#8243; el_class=&#8221;green-fest-type&#8221;][vc_column][\/vc_column][\/vc_row]","og_url":"https:\/\/mitrovicagreenfest.com\/sq\/green-advocacy\/","og_site_name":"GreenFest","article_publisher":"https:\/\/www.facebook.com\/GreenFestt","article_modified_time":"2023-08-09T09:35:28+00:00","twitter_card":"summary_large_image","twitter_misc":{"Est. reading time":"3 minutes"},"schema":{"@context":"https:\/\/schema.org","@graph":[{"@type":"WebPage","@id":"https:\/\/mitrovicagreenfest.com\/sq\/green-advocacy\/","url":"https:\/\/mitrovicagreenfest.com\/sq\/green-advocacy\/","name":"Green Advocacy - GreenFest","isPartOf":{"@id":"https:\/\/mitrovicagreenfest.com\/sq\/#website"},"datePublished":"2023-05-10T09:05:35+00:00","dateModified":"2023-08-09T09:35:28+00:00","breadcrumb":{"@id":"https:\/\/mitrovicagreenfest.com\/sq\/green-advocacy\/#breadcrumb"},"inLanguage":"sq-AL","potentialAction":[{"@type":"ReadAction","target":["https:\/\/mitrovicagreenfest.com\/sq\/green-advocacy\/"]}]},{"@type":"BreadcrumbList","@id":"https:\/\/mitrovicagreenfest.com\/sq\/green-advocacy\/#breadcrumb","itemListElement":[{"@type":"ListItem","position":1,"name":"Home","item":"https:\/\/mitrovicagreenfest.com\/sq\/"},{"@type":"ListItem","position":2,"name":"Green Advocacy"}]},{"@type":"WebSite","@id":"https:\/\/mitrovicagreenfest.com\/sq\/#website","url":"https:\/\/mitrovicagreenfest.com\/sq\/","name":"GreenFest","description":"The festival of the year.","publisher":{"@id":"https:\/\/mitrovicagreenfest.com\/sq\/#organization"},"potentialAction":[{"@type":"SearchAction","target":{"@type":"EntryPoint","urlTemplate":"https:\/\/mitrovicagreenfest.com\/sq\/?s={search_term_string}"},"query-input":{"@type":"PropertyValueSpecification","valueRequired":true,"valueName":"search_term_string"}}],"inLanguage":"sq-AL"},{"@type":"Organization","@id":"https:\/\/mitrovicagreenfest.com\/sq\/#organization","name":"GreenFest","url":"https:\/\/mitrovicagreenfest.com\/sq\/","logo":{"@type":"ImageObject","inLanguage":"sq-AL","@id":"https:\/\/mitrovicagreenfest.com\/sq\/#\/schema\/logo\/image\/","url":"https:\/\/mitrovicagreenfest.com\/wp-content\/uploads\/2019\/02\/greenfest-darkaa.png","contentUrl":"https:\/\/mitrovicagreenfest.com\/wp-content\/uploads\/2019\/02\/greenfest-darkaa.png","width":400,"height":402,"caption":"GreenFest"},"image":{"@id":"https:\/\/mitrovicagreenfest.com\/sq\/#\/schema\/logo\/image\/"},"sameAs":["https:\/\/www.facebook.com\/GreenFestt","https:\/\/www.instagram.com\/greenfest.13\/","https:\/\/www.youtube.com\/@greenfestival9066"]}]}},"_links":{"self":[{"href":"https:\/\/mitrovicagreenfest.com\/sq\/wp-json\/wp\/v2\/pages\/4834","targetHints":{"allow":["GET"]}}],"collection":[{"href":"https:\/\/mitrovicagreenfest.com\/sq\/wp-json\/wp\/v2\/pages"}],"about":[{"href":"https:\/\/mitrovicagreenfest.com\/sq\/wp-json\/wp\/v2\/types\/page"}],"author":[{"embeddable":true,"href":"https:\/\/mitrovicagreenfest.com\/sq\/wp-json\/wp\/v2\/users\/2"}],"replies":[{"embeddable":true,"href":"https:\/\/mitrovicagreenfest.com\/sq\/wp-json\/wp\/v2\/comments?post=4834"}],"version-history":[{"count":14,"href":"https:\/\/mitrovicagreenfest.com\/sq\/wp-json\/wp\/v2\/pages\/4834\/revisions"}],"predecessor-version":[{"id":5638,"href":"https:\/\/mitrovicagreenfest.com\/sq\/wp-json\/wp\/v2\/pages\/4834\/revisions\/5638"}],"wp:attachment":[{"href":"https:\/\/mitrovicagreenfest.com\/sq\/wp-json\/wp\/v2\/media?parent=4834"}],"curies":[{"name":"wp","href":"https:\/\/api.w.org\/{rel}","templated":true}]}}