{"id":4831,"date":"2023-04-27T08:12:00","date_gmt":"2023-04-27T08:12:00","guid":{"rendered":"https:\/\/mitrovicagreenfest.com\/green-action\/"},"modified":"2025-07-09T08:10:40","modified_gmt":"2025-07-09T08:10:40","slug":"green-action","status":"publish","type":"page","link":"https:\/\/mitrovicagreenfest.com\/sq\/green-action\/","title":{"rendered":"Green Action"},"content":{"rendered":"<p>[vc_row full_height=&#8221;yes&#8221; simple_background_color=&#8221;#000000&#8243; el_class=&#8221;green-fest-type&#8221;][vc_column]<div class=\"edgtf-split-scrolling-section\">\n    <div class=\"edgtf-sss-ms-left\"><div class=\"edgtf-sss-ms-section\"  style=\"background-image: url(https:\/\/mitrovicagreenfest.com\/wp-content\/uploads\/2023\/03\/New-Project-21.png);text-align: center\">\n\t<div class=\"edgtf-elements-holder   edgtf-one-column  edgtf-responsive-mode-768 edgtf-one-column-alignment-center \" ><div class=\"edgtf-eh-item    \"  data-item-class=\"edgtf-eh-custom-2493\" data-1367-1600=\"21.5% 22%\" data-1025-1366=\"16% 18%\" data-769-1024=\"22.5% 24% 15.5%\" data-681-768=\"200px 18% 130px\" data-680=\"200px 15px 130px\">\n\t<div class=\"edgtf-eh-item-inner\">\n\t\t<div class=\"edgtf-eh-item-content edgtf-eh-custom-2493\" style=\"padding: 20.85% 17%\">\n\t\t\t[vc_single_image image=&#8221;4557&#8243; img_size=&#8221;500&#215;250&#8243; el_class=&#8221;green-fest-type-logo&#8221;][vc_empty_space]<div class=\"edgtf-section-title-holder   \" style=\"text-align: left\">\n\t<div class=\"edgtf-st-inner\">\n                    <h3 class=\"edgtf-st-subtitle\" style=\"color: #ffffff\">\n                check out            <\/h3>\n        \n\t\t\t\t\t<h1 class=\"edgtf-st-title\" style=\"color: #ffffff\">\n\t\t\t\tGreen Action\t\t\t<\/h1>\n\t\t        \n        <div class=\"edgtf-separator-holder clearfix  edgtf-separator-left \">\n\t<div class=\"edgtf-separator\" style=\"border-color: #ffffff;width: 77px;border-bottom-width: 3px\"><\/div>\n<\/div>\n\n\t\t\t\t\t<\/div>\n<\/div>[vc_column_text el_class=&#8221;white_color_text_4&#8243;]<\/p>\n<p style=\"text-align: left;\"><span style=\"font-weight: 400;\">Green Action p\u00ebrfshin\u00eb aktivitete t\u00eb ndryshme q\u00eb synojn\u00eb mbrojtjen e mjedisit, si pastrimi i hap\u00ebsirave t\u00eb caktuara n\u00eb qytet, mbjellja e pem\u00ebve etj. K\u00ebto aktivitete jan\u00eb krijuar p\u00ebr t\u00eb rritur nd\u00ebrgjegj\u00ebsimin p\u00ebr \u00e7\u00ebshtjet mjedisore dhe p\u00ebr t\u00eb inkurajuar njer\u00ebzit q\u00eb t\u00eb nd\u00ebrmarrin veprime p\u00ebr t\u00eb reduktuar ndikimin e tyre mjedisor.<\/span><\/p>\n<p style=\"text-align: left;\"><span style=\"font-weight: 400;\">Pastrimi n\u00eb zona t\u00eb caktuara t\u00eb qytetit jan\u00eb nj\u00eb pjes\u00eb e r\u00ebnd\u00ebsishme e programit ton\u00eb pasi ato ndihmojn\u00eb n\u00eb largimin e plehrave dhe mbeturinave t\u00eb tjera nga zonat natyrore, si parqet dhe lumenjt\u00eb.\u00a0<\/span><\/p>\n<p style=\"text-align: left;\"><span style=\"font-weight: 400;\">Mbjellja e pem\u00ebve \u00ebsht\u00eb nj\u00eb tjet\u00ebr aktivitet i r\u00ebnd\u00ebsish\u00ebm i Green Action. \u00c7do vit n\u00eb periudh\u00eb t\u00eb caktuar t\u00eb vitit Green Fest mbjell\u00eb dhjet\u00ebra pem\u00eb n\u00eb hap\u00ebsira t\u00eb ndryshme t\u00eb qytetit.<\/span><\/p>\n<p>[\/vc_column_text]\t\t<\/div>\n\t<\/div>\n<\/div><\/div><\/div><\/div><div class=\"edgtf-sss-ms-right\"><div class=\"edgtf-scrolling\"><div class=\"edgtf-sss-ms-section\"  style=\"padding: 11% 9% 0%;text-align: left\">\n\t<div class=\"edgtf-elements-holder   edgtf-one-column  edgtf-responsive-mode-768  \" ><div class=\"edgtf-eh-item    \"  data-item-class=\"edgtf-eh-custom-3979\" data-1367-1600=\"0px 7.8%\" data-1025-1366=\"0px 8%\" data-769-1024=\"13px 0 13px\" data-681-768=\"40px 0 0\" data-680=\"75px 0px 0\">\n\t<div class=\"edgtf-eh-item-inner\">\n\t\t<div class=\"edgtf-eh-item-content edgtf-eh-custom-3979\" style=\"padding: 0px 6%\">\n\t\t\t<div class=\"edgtf-section-title-holder   \" style=\"text-align: center\">\n\t<div class=\"edgtf-st-inner\">\n                    <h4 class=\"edgtf-st-subtitle\" style=\"color: #23e072\">\n                check our amazing            <\/h4>\n        \n\t\t\t\t\t<h1 class=\"edgtf-st-title\" style=\"color: #ffffff\">\n\t\t\t\tGreen Arts Gallery\t\t\t<\/h1>\n\t\t        \n        <div class=\"edgtf-separator-holder clearfix  edgtf-separator-center \">\n\t<div class=\"edgtf-separator\" style=\"border-color: #ffffff;width: 77px;border-bottom-width: 3px\"><\/div>\n<\/div>\n\n\t\t\t\t\t<\/div>\n<\/div>[vc_empty_space height=&#8221;62px&#8221;]<div class=\"edgtf-section-title-holder   \" style=\"text-align: center\">\n\t<div class=\"edgtf-st-inner\">\n                    <h3 class=\"edgtf-st-subtitle\" style=\"color: #ffffff\">\n                don't miss out            <\/h3>\n        \n\t\t        \n        <div class=\"edgtf-separator-holder clearfix  edgtf-separator-center \">\n\t<div class=\"edgtf-separator\" style=\"border-color: #000;width: 77px;border-bottom-width: 3px\"><\/div>\n<\/div>\n\n\t\t\t\t\t<\/div>\n<\/div>[vc_empty_space height=&#8221;62px&#8221;]<div class=\"edgtf-single-image-holder   \">\n    <div class=\"edgtf-si-inner\" >\n                                    <img loading=\"lazy\" decoding=\"async\" width=\"1080\" height=\"720\" src=\"https:\/\/mitrovicagreenfest.com\/wp-content\/uploads\/2023\/06\/343311895_200188066114924_7750965709990021470_n.jpg\" class=\"attachment-full size-full\" alt=\"\" srcset=\"https:\/\/mitrovicagreenfest.com\/wp-content\/uploads\/2023\/06\/343311895_200188066114924_7750965709990021470_n.jpg 1080w, https:\/\/mitrovicagreenfest.com\/wp-content\/uploads\/2023\/06\/343311895_200188066114924_7750965709990021470_n-300x200.jpg 300w, https:\/\/mitrovicagreenfest.com\/wp-content\/uploads\/2023\/06\/343311895_200188066114924_7750965709990021470_n-1024x683.jpg 1024w, https:\/\/mitrovicagreenfest.com\/wp-content\/uploads\/2023\/06\/343311895_200188066114924_7750965709990021470_n-768x512.jpg 768w, https:\/\/mitrovicagreenfest.com\/wp-content\/uploads\/2023\/06\/343311895_200188066114924_7750965709990021470_n-600x400.jpg 600w\" sizes=\"auto, (max-width: 1080px) 100vw, 1080px\" \/>                        <\/div>\n<\/div>[vc_empty_space height=&#8221;62px&#8221;]<div class=\"edgtf-single-image-holder   \">\n    <div class=\"edgtf-si-inner\" >\n                                    <img loading=\"lazy\" decoding=\"async\" width=\"1080\" height=\"720\" src=\"https:\/\/mitrovicagreenfest.com\/wp-content\/uploads\/2023\/08\/343422132_248412567699205_9129991059251992830_n.jpg\" class=\"attachment-full size-full\" alt=\"\" srcset=\"https:\/\/mitrovicagreenfest.com\/wp-content\/uploads\/2023\/08\/343422132_248412567699205_9129991059251992830_n.jpg 1080w, https:\/\/mitrovicagreenfest.com\/wp-content\/uploads\/2023\/08\/343422132_248412567699205_9129991059251992830_n-300x200.jpg 300w, https:\/\/mitrovicagreenfest.com\/wp-content\/uploads\/2023\/08\/343422132_248412567699205_9129991059251992830_n-1024x683.jpg 1024w, https:\/\/mitrovicagreenfest.com\/wp-content\/uploads\/2023\/08\/343422132_248412567699205_9129991059251992830_n-768x512.jpg 768w, https:\/\/mitrovicagreenfest.com\/wp-content\/uploads\/2023\/08\/343422132_248412567699205_9129991059251992830_n-600x400.jpg 600w\" sizes=\"auto, (max-width: 1080px) 100vw, 1080px\" \/>                        <\/div>\n<\/div>[vc_empty_space height=&#8221;30px&#8221;]<div class=\"edgtf-single-image-holder   \">\n    <div class=\"edgtf-si-inner\" >\n                                    <img loading=\"lazy\" decoding=\"async\" width=\"2048\" height=\"1365\" src=\"https:\/\/mitrovicagreenfest.com\/wp-content\/uploads\/2023\/04\/339141731_1230180404526107_4562927717142934491_n-1.jpg\" class=\"attachment-full size-full\" alt=\"\" srcset=\"https:\/\/mitrovicagreenfest.com\/wp-content\/uploads\/2023\/04\/339141731_1230180404526107_4562927717142934491_n-1.jpg 2048w, https:\/\/mitrovicagreenfest.com\/wp-content\/uploads\/2023\/04\/339141731_1230180404526107_4562927717142934491_n-1-300x200.jpg 300w, https:\/\/mitrovicagreenfest.com\/wp-content\/uploads\/2023\/04\/339141731_1230180404526107_4562927717142934491_n-1-1024x683.jpg 1024w, https:\/\/mitrovicagreenfest.com\/wp-content\/uploads\/2023\/04\/339141731_1230180404526107_4562927717142934491_n-1-768x512.jpg 768w, https:\/\/mitrovicagreenfest.com\/wp-content\/uploads\/2023\/04\/339141731_1230180404526107_4562927717142934491_n-1-1536x1024.jpg 1536w, https:\/\/mitrovicagreenfest.com\/wp-content\/uploads\/2023\/04\/339141731_1230180404526107_4562927717142934491_n-1-600x400.jpg 600w\" sizes=\"auto, (max-width: 2048px) 100vw, 2048px\" \/>                        <\/div>\n<\/div>[vc_empty_space height=&#8221;30px&#8221;]<div class=\"edgtf-single-image-holder   \">\n    <div class=\"edgtf-si-inner\" >\n                                    <img loading=\"lazy\" decoding=\"async\" width=\"1600\" height=\"1200\" src=\"https:\/\/mitrovicagreenfest.com\/wp-content\/uploads\/2023\/08\/358081616_662358599265027_7817336142755929271_n.jpg\" class=\"attachment-full size-full\" alt=\"\" srcset=\"https:\/\/mitrovicagreenfest.com\/wp-content\/uploads\/2023\/08\/358081616_662358599265027_7817336142755929271_n.jpg 1600w, https:\/\/mitrovicagreenfest.com\/wp-content\/uploads\/2023\/08\/358081616_662358599265027_7817336142755929271_n-300x225.jpg 300w, https:\/\/mitrovicagreenfest.com\/wp-content\/uploads\/2023\/08\/358081616_662358599265027_7817336142755929271_n-1024x768.jpg 1024w, https:\/\/mitrovicagreenfest.com\/wp-content\/uploads\/2023\/08\/358081616_662358599265027_7817336142755929271_n-768x576.jpg 768w, https:\/\/mitrovicagreenfest.com\/wp-content\/uploads\/2023\/08\/358081616_662358599265027_7817336142755929271_n-1536x1152.jpg 1536w, https:\/\/mitrovicagreenfest.com\/wp-content\/uploads\/2023\/08\/358081616_662358599265027_7817336142755929271_n-600x450.jpg 600w\" sizes=\"auto, (max-width: 1600px) 100vw, 1600px\" \/>                        <\/div>\n<\/div>[vc_column_text]<a href=\"https:\/\/mitrovicagreenfest.com\/green-art-gallery\/\">Galerija e Green Art<\/a>[\/vc_column_text]\t\t<\/div>\n\t<\/div>\n<\/div><\/div><\/div><\/div><\/div><\/div>[\/vc_column][\/vc_row]<\/p>\n","protected":false},"excerpt":{"rendered":"<p>[vc_row full_height=&#8221;yes&#8221; simple_background_color=&#8221;#000000&#8243; el_class=&#8221;green-fest-type&#8221;][vc_column][\/vc_column][\/vc_row]<\/p>\n","protected":false},"author":2,"featured_media":0,"parent":0,"menu_order":0,"comment_status":"closed","ping_status":"closed","template":"full-width.php","meta":{"footnotes":""},"class_list":["post-4831","page","type-page","status-publish","hentry"],"yoast_head":"<!-- This site is optimized with the Yoast SEO plugin v27.0 - https:\/\/yoast.com\/product\/yoast-seo-wordpress\/ -->\n<title>Green Action - GreenFest<\/title>\n<meta name=\"robots\" content=\"index, follow, max-snippet:-1, max-image-preview:large, max-video-preview:-1\" \/>\n<link rel=\"canonical\" href=\"https:\/\/mitrovicagreenfest.com\/sq\/green-action\/\" \/>\n<meta property=\"og:locale\" content=\"sq_AL\" \/>\n<meta property=\"og:type\" content=\"article\" \/>\n<meta property=\"og:title\" content=\"Green Action - GreenFest\" \/>\n<meta property=\"og:description\" content=\"[vc_row full_height=&#8221;yes&#8221; simple_background_color=&#8221;#000000&#8243; el_class=&#8221;green-fest-type&#8221;][vc_column][\/vc_column][\/vc_row]\" \/>\n<meta property=\"og:url\" content=\"https:\/\/mitrovicagreenfest.com\/sq\/green-action\/\" \/>\n<meta property=\"og:site_name\" content=\"GreenFest\" \/>\n<meta property=\"article:publisher\" content=\"https:\/\/www.facebook.com\/GreenFestt\" \/>\n<meta property=\"article:modified_time\" content=\"2025-07-09T08:10:40+00:00\" \/>\n<meta name=\"twitter:card\" content=\"summary_large_image\" \/>\n<meta name=\"twitter:label1\" content=\"Est. reading time\" \/>\n\t<meta name=\"twitter:data1\" content=\"2 minutes\" \/>\n<script type=\"application\/ld+json\" class=\"yoast-schema-graph\">{\"@context\":\"https:\/\/schema.org\",\"@graph\":[{\"@type\":\"WebPage\",\"@id\":\"https:\/\/mitrovicagreenfest.com\/sq\/green-action\/\",\"url\":\"https:\/\/mitrovicagreenfest.com\/sq\/green-action\/\",\"name\":\"Green Action - GreenFest\",\"isPartOf\":{\"@id\":\"https:\/\/mitrovicagreenfest.com\/sq\/#website\"},\"datePublished\":\"2023-04-27T08:12:00+00:00\",\"dateModified\":\"2025-07-09T08:10:40+00:00\",\"breadcrumb\":{\"@id\":\"https:\/\/mitrovicagreenfest.com\/sq\/green-action\/#breadcrumb\"},\"inLanguage\":\"sq-AL\",\"potentialAction\":[{\"@type\":\"ReadAction\",\"target\":[\"https:\/\/mitrovicagreenfest.com\/sq\/green-action\/\"]}]},{\"@type\":\"BreadcrumbList\",\"@id\":\"https:\/\/mitrovicagreenfest.com\/sq\/green-action\/#breadcrumb\",\"itemListElement\":[{\"@type\":\"ListItem\",\"position\":1,\"name\":\"Home\",\"item\":\"https:\/\/mitrovicagreenfest.com\/sq\/\"},{\"@type\":\"ListItem\",\"position\":2,\"name\":\"Green Action\"}]},{\"@type\":\"WebSite\",\"@id\":\"https:\/\/mitrovicagreenfest.com\/sq\/#website\",\"url\":\"https:\/\/mitrovicagreenfest.com\/sq\/\",\"name\":\"GreenFest\",\"description\":\"The festival of the year.\",\"publisher\":{\"@id\":\"https:\/\/mitrovicagreenfest.com\/sq\/#organization\"},\"potentialAction\":[{\"@type\":\"SearchAction\",\"target\":{\"@type\":\"EntryPoint\",\"urlTemplate\":\"https:\/\/mitrovicagreenfest.com\/sq\/?s={search_term_string}\"},\"query-input\":{\"@type\":\"PropertyValueSpecification\",\"valueRequired\":true,\"valueName\":\"search_term_string\"}}],\"inLanguage\":\"sq-AL\"},{\"@type\":\"Organization\",\"@id\":\"https:\/\/mitrovicagreenfest.com\/sq\/#organization\",\"name\":\"GreenFest\",\"url\":\"https:\/\/mitrovicagreenfest.com\/sq\/\",\"logo\":{\"@type\":\"ImageObject\",\"inLanguage\":\"sq-AL\",\"@id\":\"https:\/\/mitrovicagreenfest.com\/sq\/#\/schema\/logo\/image\/\",\"url\":\"https:\/\/mitrovicagreenfest.com\/wp-content\/uploads\/2019\/02\/greenfest-darkaa.png\",\"contentUrl\":\"https:\/\/mitrovicagreenfest.com\/wp-content\/uploads\/2019\/02\/greenfest-darkaa.png\",\"width\":400,\"height\":402,\"caption\":\"GreenFest\"},\"image\":{\"@id\":\"https:\/\/mitrovicagreenfest.com\/sq\/#\/schema\/logo\/image\/\"},\"sameAs\":[\"https:\/\/www.facebook.com\/GreenFestt\",\"https:\/\/www.instagram.com\/greenfest.13\/\",\"https:\/\/www.youtube.com\/@greenfestival9066\"]}]}<\/script>\n<!-- \/ Yoast SEO plugin. -->","yoast_head_json":{"title":"Green Action - GreenFest","robots":{"index":"index","follow":"follow","max-snippet":"max-snippet:-1","max-image-preview":"max-image-preview:large","max-video-preview":"max-video-preview:-1"},"canonical":"https:\/\/mitrovicagreenfest.com\/sq\/green-action\/","og_locale":"sq_AL","og_type":"article","og_title":"Green Action - GreenFest","og_description":"[vc_row full_height=&#8221;yes&#8221; simple_background_color=&#8221;#000000&#8243; el_class=&#8221;green-fest-type&#8221;][vc_column][\/vc_column][\/vc_row]","og_url":"https:\/\/mitrovicagreenfest.com\/sq\/green-action\/","og_site_name":"GreenFest","article_publisher":"https:\/\/www.facebook.com\/GreenFestt","article_modified_time":"2025-07-09T08:10:40+00:00","twitter_card":"summary_large_image","twitter_misc":{"Est. reading time":"2 minutes"},"schema":{"@context":"https:\/\/schema.org","@graph":[{"@type":"WebPage","@id":"https:\/\/mitrovicagreenfest.com\/sq\/green-action\/","url":"https:\/\/mitrovicagreenfest.com\/sq\/green-action\/","name":"Green Action - GreenFest","isPartOf":{"@id":"https:\/\/mitrovicagreenfest.com\/sq\/#website"},"datePublished":"2023-04-27T08:12:00+00:00","dateModified":"2025-07-09T08:10:40+00:00","breadcrumb":{"@id":"https:\/\/mitrovicagreenfest.com\/sq\/green-action\/#breadcrumb"},"inLanguage":"sq-AL","potentialAction":[{"@type":"ReadAction","target":["https:\/\/mitrovicagreenfest.com\/sq\/green-action\/"]}]},{"@type":"BreadcrumbList","@id":"https:\/\/mitrovicagreenfest.com\/sq\/green-action\/#breadcrumb","itemListElement":[{"@type":"ListItem","position":1,"name":"Home","item":"https:\/\/mitrovicagreenfest.com\/sq\/"},{"@type":"ListItem","position":2,"name":"Green Action"}]},{"@type":"WebSite","@id":"https:\/\/mitrovicagreenfest.com\/sq\/#website","url":"https:\/\/mitrovicagreenfest.com\/sq\/","name":"GreenFest","description":"The festival of the year.","publisher":{"@id":"https:\/\/mitrovicagreenfest.com\/sq\/#organization"},"potentialAction":[{"@type":"SearchAction","target":{"@type":"EntryPoint","urlTemplate":"https:\/\/mitrovicagreenfest.com\/sq\/?s={search_term_string}"},"query-input":{"@type":"PropertyValueSpecification","valueRequired":true,"valueName":"search_term_string"}}],"inLanguage":"sq-AL"},{"@type":"Organization","@id":"https:\/\/mitrovicagreenfest.com\/sq\/#organization","name":"GreenFest","url":"https:\/\/mitrovicagreenfest.com\/sq\/","logo":{"@type":"ImageObject","inLanguage":"sq-AL","@id":"https:\/\/mitrovicagreenfest.com\/sq\/#\/schema\/logo\/image\/","url":"https:\/\/mitrovicagreenfest.com\/wp-content\/uploads\/2019\/02\/greenfest-darkaa.png","contentUrl":"https:\/\/mitrovicagreenfest.com\/wp-content\/uploads\/2019\/02\/greenfest-darkaa.png","width":400,"height":402,"caption":"GreenFest"},"image":{"@id":"https:\/\/mitrovicagreenfest.com\/sq\/#\/schema\/logo\/image\/"},"sameAs":["https:\/\/www.facebook.com\/GreenFestt","https:\/\/www.instagram.com\/greenfest.13\/","https:\/\/www.youtube.com\/@greenfestival9066"]}]}},"_links":{"self":[{"href":"https:\/\/mitrovicagreenfest.com\/sq\/wp-json\/wp\/v2\/pages\/4831","targetHints":{"allow":["GET"]}}],"collection":[{"href":"https:\/\/mitrovicagreenfest.com\/sq\/wp-json\/wp\/v2\/pages"}],"about":[{"href":"https:\/\/mitrovicagreenfest.com\/sq\/wp-json\/wp\/v2\/types\/page"}],"author":[{"embeddable":true,"href":"https:\/\/mitrovicagreenfest.com\/sq\/wp-json\/wp\/v2\/users\/2"}],"replies":[{"embeddable":true,"href":"https:\/\/mitrovicagreenfest.com\/sq\/wp-json\/wp\/v2\/comments?post=4831"}],"version-history":[{"count":11,"href":"https:\/\/mitrovicagreenfest.com\/sq\/wp-json\/wp\/v2\/pages\/4831\/revisions"}],"predecessor-version":[{"id":6151,"href":"https:\/\/mitrovicagreenfest.com\/sq\/wp-json\/wp\/v2\/pages\/4831\/revisions\/6151"}],"wp:attachment":[{"href":"https:\/\/mitrovicagreenfest.com\/sq\/wp-json\/wp\/v2\/media?parent=4831"}],"curies":[{"name":"wp","href":"https:\/\/api.w.org\/{rel}","templated":true}]}}