{"id":4662,"date":"2023-05-04T11:45:49","date_gmt":"2023-05-04T11:45:49","guid":{"rendered":"https:\/\/mitrovicagreenfest.com\/green-youth-clubs\/"},"modified":"2023-08-09T09:32:36","modified_gmt":"2023-08-09T09:32:36","slug":"green-youth-clubs","status":"publish","type":"page","link":"https:\/\/mitrovicagreenfest.com\/sq\/green-youth-clubs\/","title":{"rendered":"Green Youth Clubs"},"content":{"rendered":"<p>[vc_row full_height=&#8221;yes&#8221; simple_background_color=&#8221;#000000&#8243; el_class=&#8221;green-fest-type&#8221;][vc_column]<div class=\"edgtf-split-scrolling-section\">\n    <div class=\"edgtf-sss-ms-left\"><div class=\"edgtf-sss-ms-section\"  style=\"background-image: url(https:\/\/mitrovicagreenfest.com\/wp-content\/uploads\/2023\/03\/New-Project-21.png);text-align: center\">\n\t<div class=\"edgtf-elements-holder   edgtf-one-column  edgtf-responsive-mode-768 edgtf-one-column-alignment-center \" ><div class=\"edgtf-eh-item    \"  data-item-class=\"edgtf-eh-custom-8499\" data-1367-1600=\"21.5% 22%\" data-1025-1366=\"16% 18%\" data-769-1024=\"22.5% 24% 15.5%\" data-681-768=\"200px 18% 130px\" data-680=\"200px 15px 130px\">\n\t<div class=\"edgtf-eh-item-inner\">\n\t\t<div class=\"edgtf-eh-item-content edgtf-eh-custom-8499\" style=\"padding: 20.85% 17%\">\n\t\t\t[vc_empty_space height=&#8221;52px&#8221;]<div class=\"edgtf-section-title-holder   \" style=\"text-align: left\">\n\t<div class=\"edgtf-st-inner\">\n                    <h3 class=\"edgtf-st-subtitle\" style=\"color: #ffffff\">\n                come join us at            <\/h3>\n        \n\t\t\t\t\t<h1 class=\"edgtf-st-title\" style=\"color: #ffffff\">\n\t\t\t\tGreen Youth Clubs\t\t\t<\/h1>\n\t\t        \n        <div class=\"edgtf-separator-holder clearfix  edgtf-separator-left \">\n\t<div class=\"edgtf-separator\" style=\"border-color: #ffffff;width: 77px;border-bottom-width: 3px\"><\/div>\n<\/div>\n\n\t\t\t\t\t<\/div>\n<\/div>[vc_column_text el_class=&#8221;white_color_text_1&#8243;]<\/p>\n<p style=\"text-align: left;\"><span style=\"font-weight: 400;\">Green Youth Clubs jan\u00eb krijuar p\u00ebr t\u00eb fuqizuar t\u00eb rinjt\u00eb q\u00eb t\u00eb marrin rol aktiv n\u00eb ruajtjen dhe mbrojtjen e mjedisit. Ne ofrojm\u00eb hap\u00ebsir\u00eb ku t\u00eb rinjt\u00eb mund t\u00eb mblidhen s\u00eb bashku p\u00ebr t\u00eb m\u00ebsuar rreth \u00e7\u00ebshtjeve mjedisore, p\u00ebr t\u00eb ndar\u00eb idet\u00eb dhe pasionet e tyre dhe p\u00ebr t\u00eb nd\u00ebrmarr\u00eb veprime n\u00eb komunitetin e tyre.<\/span><\/p>\n<p style=\"text-align: left;\"><span style=\"font-weight: 400;\">Nj\u00eb nga elementet kryesore t\u00eb Green Youth Clubs \u00ebsht\u00eb p\u00ebrdorimi i artit p\u00ebr t\u00eb angazhuar t\u00eb rinjt\u00eb n\u00eb \u00e7\u00ebshtjet mjedisore. Kur p\u00ebrdorim kreativitetin dhe imagjinat\u00ebn, ne mund t\u00eb frym\u00ebzojm\u00eb t\u00eb rinjt\u00eb q\u00eb t\u00eb mendojn\u00eb p\u00ebr bot\u00ebn p\u00ebrreth tyre n\u00eb m\u00ebnyra t\u00eb reja dhe t\u00eb marrin n\u00eb konsiderat\u00eb ndikimin e veprimeve t\u00eb tyre n\u00eb planet. Qoft\u00eb p\u00ebrmes piktur\u00ebs apo mediumeve tjera arti mund t\u00eb jet\u00eb nj\u00eb mjet i fuqish\u00ebm p\u00ebr t\u00eb rritur nd\u00ebrgjegj\u00ebsimin p\u00ebr \u00e7\u00ebshtjet mjedisore dhe p\u00ebr t\u00eb ndezur dashurin\u00eb p\u00ebr natyr\u00ebn tek t\u00eb rinjt\u00eb.<\/span><\/p>\n<p style=\"text-align: left;\"><span style=\"font-weight: 400;\">Nj\u00eb aspekt tjet\u00ebr i r\u00ebnd\u00ebsish\u00ebm i Green Youth Clubs \u00ebsht\u00eb mbjellja. Duke i p\u00ebrfshir\u00eb t\u00eb rinjt\u00eb n\u00eb mbjelljen dhe kujdesin e hap\u00ebsirave t\u00eb gjelbra, ne mund t\u00eb ndihmojm\u00eb p\u00ebr t\u00eb rr\u00ebnjosur nj\u00eb ndjenj\u00eb p\u00ebrgjegj\u00ebsie dhe pron\u00ebsie tek ata.\u00a0<\/span><\/p>\n<p style=\"text-align: left;\"><span style=\"font-weight: 400;\">P\u00ebrve\u00e7 artit dhe mbjelljes, Green Youth Clubs p\u00ebrdorin edhe filmin p\u00ebr t\u00eb edukuar t\u00eb rinjt\u00eb rreth temave mjedisore. Duke shfaqur dokumentar\u00eb dhe filma q\u00eb fokusohen n\u00eb tema si ndryshimet klimatike, ndotja dhe q\u00ebndrueshm\u00ebria, ne mund t&#8217;i ndihmojm\u00eb t\u00eb rinjt\u00eb t\u00eb kuptojn\u00eb sfidat me t\u00eb cilat p\u00ebrballemi si shoq\u00ebri dhe t&#8217;i frym\u00ebzojm\u00eb ata t\u00eb nd\u00ebrmarrin veprime.<\/span><\/p>\n<p style=\"text-align: left;\"><span style=\"font-weight: 400;\"> Duke ofruar nj\u00eb hap\u00ebsir\u00eb ku t\u00eb rinjt\u00eb mund t\u00eb m\u00ebsojn\u00eb, krijojn\u00eb dhe angazhohen n\u00eb bot\u00ebn p\u00ebrreth tyre, ne mund t\u00eb ndihmojm\u00eb ta krijojm\u00eb nj\u00eb t\u00eb ardhme m\u00eb t\u00eb q\u00ebndrueshme p\u00ebr t\u00eb gjith\u00eb ne.<\/span><\/p>\n<p>[\/vc_column_text]\t\t<\/div>\n\t<\/div>\n<\/div><\/div><\/div><\/div><div class=\"edgtf-sss-ms-right\"><div class=\"edgtf-scrolling\"><div class=\"edgtf-sss-ms-section\"  style=\"padding: 11% 9% 0%;text-align: left\">\n\t<div class=\"edgtf-elements-holder   edgtf-one-column  edgtf-responsive-mode-768  \" ><div class=\"edgtf-eh-item    \"  data-item-class=\"edgtf-eh-custom-5025\" data-1367-1600=\"0px 7.8%\" data-1025-1366=\"0px 8%\" data-769-1024=\"13px 0 13px\" data-681-768=\"40px 0 0\" data-680=\"75px 0px 0\">\n\t<div class=\"edgtf-eh-item-inner\">\n\t\t<div class=\"edgtf-eh-item-content edgtf-eh-custom-5025\" style=\"padding: 0px 6%\">\n\t\t\t<div class=\"edgtf-section-title-holder   \" style=\"text-align: center\">\n\t<div class=\"edgtf-st-inner\">\n                    <h4 class=\"edgtf-st-subtitle\" style=\"color: #23e072\">\n                check our amazing            <\/h4>\n        \n\t\t\t\t\t<h1 class=\"edgtf-st-title\" style=\"color: #ffffff\">\n\t\t\t\tGreen Youth Clubs Gallery\t\t\t<\/h1>\n\t\t        \n        <div class=\"edgtf-separator-holder clearfix  edgtf-separator-center \">\n\t<div class=\"edgtf-separator\" style=\"border-color: #ffffff;width: 77px;border-bottom-width: 3px\"><\/div>\n<\/div>\n\n\t\t\t\t\t<\/div>\n<\/div>[vc_empty_space height=&#8221;62px&#8221;]<div class=\"edgtf-section-title-holder   \" style=\"text-align: center\">\n\t<div class=\"edgtf-st-inner\">\n                    <h3 class=\"edgtf-st-subtitle\" style=\"color: #ffffff\">\n                don't miss out            <\/h3>\n        \n\t\t        \n        <div class=\"edgtf-separator-holder clearfix  edgtf-separator-center \">\n\t<div class=\"edgtf-separator\" style=\"border-color: #000;width: 77px;border-bottom-width: 3px\"><\/div>\n<\/div>\n\n\t\t\t\t\t<\/div>\n<\/div><div class=\"edgtf-single-image-holder   \">\n    <div class=\"edgtf-si-inner\" >\n                                    <img loading=\"lazy\" decoding=\"async\" width=\"2048\" height=\"1365\" src=\"https:\/\/mitrovicagreenfest.com\/wp-content\/uploads\/2023\/08\/329350210_754282842771582_1624009842820190924_n.jpg\" class=\"attachment-full size-full\" alt=\"\" srcset=\"https:\/\/mitrovicagreenfest.com\/wp-content\/uploads\/2023\/08\/329350210_754282842771582_1624009842820190924_n.jpg 2048w, https:\/\/mitrovicagreenfest.com\/wp-content\/uploads\/2023\/08\/329350210_754282842771582_1624009842820190924_n-300x200.jpg 300w, https:\/\/mitrovicagreenfest.com\/wp-content\/uploads\/2023\/08\/329350210_754282842771582_1624009842820190924_n-1024x683.jpg 1024w, https:\/\/mitrovicagreenfest.com\/wp-content\/uploads\/2023\/08\/329350210_754282842771582_1624009842820190924_n-768x512.jpg 768w, https:\/\/mitrovicagreenfest.com\/wp-content\/uploads\/2023\/08\/329350210_754282842771582_1624009842820190924_n-1536x1024.jpg 1536w, https:\/\/mitrovicagreenfest.com\/wp-content\/uploads\/2023\/08\/329350210_754282842771582_1624009842820190924_n-600x400.jpg 600w\" sizes=\"auto, (max-width: 2048px) 100vw, 2048px\" \/>                        <\/div>\n<\/div>[vc_empty_space height=&#8221;30px&#8221;]<div class=\"edgtf-single-image-holder   \">\n    <div class=\"edgtf-si-inner\" >\n                                    <img loading=\"lazy\" decoding=\"async\" width=\"2048\" height=\"1412\" src=\"https:\/\/mitrovicagreenfest.com\/wp-content\/uploads\/2023\/08\/329534721_888568195675882_5921246850434052141_n.jpg\" class=\"attachment-full size-full\" alt=\"\" srcset=\"https:\/\/mitrovicagreenfest.com\/wp-content\/uploads\/2023\/08\/329534721_888568195675882_5921246850434052141_n.jpg 2048w, https:\/\/mitrovicagreenfest.com\/wp-content\/uploads\/2023\/08\/329534721_888568195675882_5921246850434052141_n-300x207.jpg 300w, https:\/\/mitrovicagreenfest.com\/wp-content\/uploads\/2023\/08\/329534721_888568195675882_5921246850434052141_n-1024x706.jpg 1024w, https:\/\/mitrovicagreenfest.com\/wp-content\/uploads\/2023\/08\/329534721_888568195675882_5921246850434052141_n-768x530.jpg 768w, https:\/\/mitrovicagreenfest.com\/wp-content\/uploads\/2023\/08\/329534721_888568195675882_5921246850434052141_n-1536x1059.jpg 1536w, https:\/\/mitrovicagreenfest.com\/wp-content\/uploads\/2023\/08\/329534721_888568195675882_5921246850434052141_n-600x414.jpg 600w\" sizes=\"auto, (max-width: 2048px) 100vw, 2048px\" \/>                        <\/div>\n<\/div>[vc_empty_space height=&#8221;30px&#8221;]<div class=\"edgtf-single-image-holder   \">\n    <div class=\"edgtf-si-inner\" >\n                                    <img loading=\"lazy\" decoding=\"async\" width=\"2048\" height=\"1365\" src=\"https:\/\/mitrovicagreenfest.com\/wp-content\/uploads\/2023\/08\/329566639_596512831807532_7490850851961915837_n.jpg\" class=\"attachment-full size-full\" alt=\"\" srcset=\"https:\/\/mitrovicagreenfest.com\/wp-content\/uploads\/2023\/08\/329566639_596512831807532_7490850851961915837_n.jpg 2048w, https:\/\/mitrovicagreenfest.com\/wp-content\/uploads\/2023\/08\/329566639_596512831807532_7490850851961915837_n-300x200.jpg 300w, https:\/\/mitrovicagreenfest.com\/wp-content\/uploads\/2023\/08\/329566639_596512831807532_7490850851961915837_n-1024x683.jpg 1024w, https:\/\/mitrovicagreenfest.com\/wp-content\/uploads\/2023\/08\/329566639_596512831807532_7490850851961915837_n-768x512.jpg 768w, https:\/\/mitrovicagreenfest.com\/wp-content\/uploads\/2023\/08\/329566639_596512831807532_7490850851961915837_n-1536x1024.jpg 1536w, https:\/\/mitrovicagreenfest.com\/wp-content\/uploads\/2023\/08\/329566639_596512831807532_7490850851961915837_n-600x400.jpg 600w\" sizes=\"auto, (max-width: 2048px) 100vw, 2048px\" \/>                        <\/div>\n<\/div>[vc_empty_space height=&#8221;30px&#8221;]<div class=\"edgtf-single-image-holder   \">\n    <div class=\"edgtf-si-inner\" >\n                                    <img loading=\"lazy\" decoding=\"async\" width=\"2048\" height=\"1365\" src=\"https:\/\/mitrovicagreenfest.com\/wp-content\/uploads\/2023\/08\/339124474_520618693383023_8111616057451557853_n.jpg\" class=\"attachment-full size-full\" alt=\"\" srcset=\"https:\/\/mitrovicagreenfest.com\/wp-content\/uploads\/2023\/08\/339124474_520618693383023_8111616057451557853_n.jpg 2048w, https:\/\/mitrovicagreenfest.com\/wp-content\/uploads\/2023\/08\/339124474_520618693383023_8111616057451557853_n-300x200.jpg 300w, https:\/\/mitrovicagreenfest.com\/wp-content\/uploads\/2023\/08\/339124474_520618693383023_8111616057451557853_n-1024x683.jpg 1024w, https:\/\/mitrovicagreenfest.com\/wp-content\/uploads\/2023\/08\/339124474_520618693383023_8111616057451557853_n-768x512.jpg 768w, https:\/\/mitrovicagreenfest.com\/wp-content\/uploads\/2023\/08\/339124474_520618693383023_8111616057451557853_n-1536x1024.jpg 1536w, https:\/\/mitrovicagreenfest.com\/wp-content\/uploads\/2023\/08\/339124474_520618693383023_8111616057451557853_n-600x400.jpg 600w\" sizes=\"auto, (max-width: 2048px) 100vw, 2048px\" \/>                        <\/div>\n<\/div>[vc_empty_space height=&#8221;30px&#8221;]<div class=\"edgtf-single-image-holder   \">\n    <div class=\"edgtf-si-inner\" >\n                                    <img loading=\"lazy\" decoding=\"async\" width=\"2048\" height=\"1365\" src=\"https:\/\/mitrovicagreenfest.com\/wp-content\/uploads\/2023\/08\/337502680_889195642188426_8751110239673962852_n.jpg\" class=\"attachment-full size-full\" alt=\"\" srcset=\"https:\/\/mitrovicagreenfest.com\/wp-content\/uploads\/2023\/08\/337502680_889195642188426_8751110239673962852_n.jpg 2048w, https:\/\/mitrovicagreenfest.com\/wp-content\/uploads\/2023\/08\/337502680_889195642188426_8751110239673962852_n-300x200.jpg 300w, https:\/\/mitrovicagreenfest.com\/wp-content\/uploads\/2023\/08\/337502680_889195642188426_8751110239673962852_n-1024x683.jpg 1024w, https:\/\/mitrovicagreenfest.com\/wp-content\/uploads\/2023\/08\/337502680_889195642188426_8751110239673962852_n-768x512.jpg 768w, https:\/\/mitrovicagreenfest.com\/wp-content\/uploads\/2023\/08\/337502680_889195642188426_8751110239673962852_n-1536x1024.jpg 1536w, https:\/\/mitrovicagreenfest.com\/wp-content\/uploads\/2023\/08\/337502680_889195642188426_8751110239673962852_n-600x400.jpg 600w\" sizes=\"auto, (max-width: 2048px) 100vw, 2048px\" \/>                        <\/div>\n<\/div>[vc_empty_space height=&#8221;30px&#8221;]<div class=\"edgtf-single-image-holder   \">\n    <div class=\"edgtf-si-inner\" >\n                                    <img loading=\"lazy\" decoding=\"async\" width=\"2560\" height=\"1707\" src=\"https:\/\/mitrovicagreenfest.com\/wp-content\/uploads\/2023\/08\/2-scaled.jpg\" class=\"attachment-full size-full\" alt=\"\" srcset=\"https:\/\/mitrovicagreenfest.com\/wp-content\/uploads\/2023\/08\/2-scaled.jpg 2560w, https:\/\/mitrovicagreenfest.com\/wp-content\/uploads\/2023\/08\/2-300x200.jpg 300w, https:\/\/mitrovicagreenfest.com\/wp-content\/uploads\/2023\/08\/2-1024x683.jpg 1024w, https:\/\/mitrovicagreenfest.com\/wp-content\/uploads\/2023\/08\/2-768x512.jpg 768w, https:\/\/mitrovicagreenfest.com\/wp-content\/uploads\/2023\/08\/2-1536x1024.jpg 1536w, https:\/\/mitrovicagreenfest.com\/wp-content\/uploads\/2023\/08\/2-600x400.jpg 600w\" sizes=\"auto, (max-width: 2560px) 100vw, 2560px\" \/>                        <\/div>\n<\/div>[vc_column_text]<a href=\"https:\/\/mitrovicagreenfest.com\/green-art-gallery\/\">Galerija e Green Art<\/a>[\/vc_column_text]\t\t<\/div>\n\t<\/div>\n<\/div><\/div><\/div><\/div><\/div><\/div>[\/vc_column][\/vc_row]<\/p>\n","protected":false},"excerpt":{"rendered":"<p>[vc_row full_height=&#8221;yes&#8221; simple_background_color=&#8221;#000000&#8243; el_class=&#8221;green-fest-type&#8221;][vc_column][\/vc_column][\/vc_row]<\/p>\n","protected":false},"author":2,"featured_media":0,"parent":0,"menu_order":0,"comment_status":"closed","ping_status":"closed","template":"full-width.php","meta":{"footnotes":""},"class_list":["post-4662","page","type-page","status-publish","hentry"],"yoast_head":"<!-- This site is optimized with the Yoast SEO plugin v27.4 - https:\/\/yoast.com\/product\/yoast-seo-wordpress\/ -->\n<title>Green Youth Clubs - GreenFest<\/title>\n<meta name=\"robots\" content=\"index, follow, max-snippet:-1, max-image-preview:large, max-video-preview:-1\" \/>\n<link rel=\"canonical\" href=\"https:\/\/mitrovicagreenfest.com\/sq\/green-youth-clubs\/\" \/>\n<meta property=\"og:locale\" content=\"sq_AL\" \/>\n<meta property=\"og:type\" content=\"article\" \/>\n<meta property=\"og:title\" content=\"Green Youth Clubs - GreenFest\" \/>\n<meta property=\"og:description\" content=\"[vc_row full_height=&#8221;yes&#8221; simple_background_color=&#8221;#000000&#8243; el_class=&#8221;green-fest-type&#8221;][vc_column][\/vc_column][\/vc_row]\" \/>\n<meta property=\"og:url\" content=\"https:\/\/mitrovicagreenfest.com\/sq\/green-youth-clubs\/\" \/>\n<meta property=\"og:site_name\" content=\"GreenFest\" \/>\n<meta property=\"article:publisher\" content=\"https:\/\/www.facebook.com\/GreenFestt\" \/>\n<meta property=\"article:modified_time\" content=\"2023-08-09T09:32:36+00:00\" \/>\n<meta name=\"twitter:card\" content=\"summary_large_image\" \/>\n<meta name=\"twitter:label1\" content=\"Est. reading time\" \/>\n\t<meta name=\"twitter:data1\" content=\"2 minutes\" \/>\n<script type=\"application\/ld+json\" class=\"yoast-schema-graph\">{\"@context\":\"https:\\\/\\\/schema.org\",\"@graph\":[{\"@type\":\"WebPage\",\"@id\":\"https:\\\/\\\/mitrovicagreenfest.com\\\/sq\\\/green-youth-clubs\\\/\",\"url\":\"https:\\\/\\\/mitrovicagreenfest.com\\\/sq\\\/green-youth-clubs\\\/\",\"name\":\"Green Youth Clubs - GreenFest\",\"isPartOf\":{\"@id\":\"https:\\\/\\\/mitrovicagreenfest.com\\\/sq\\\/#website\"},\"datePublished\":\"2023-05-04T11:45:49+00:00\",\"dateModified\":\"2023-08-09T09:32:36+00:00\",\"breadcrumb\":{\"@id\":\"https:\\\/\\\/mitrovicagreenfest.com\\\/sq\\\/green-youth-clubs\\\/#breadcrumb\"},\"inLanguage\":\"sq-AL\",\"potentialAction\":[{\"@type\":\"ReadAction\",\"target\":[\"https:\\\/\\\/mitrovicagreenfest.com\\\/sq\\\/green-youth-clubs\\\/\"]}]},{\"@type\":\"BreadcrumbList\",\"@id\":\"https:\\\/\\\/mitrovicagreenfest.com\\\/sq\\\/green-youth-clubs\\\/#breadcrumb\",\"itemListElement\":[{\"@type\":\"ListItem\",\"position\":1,\"name\":\"Home\",\"item\":\"https:\\\/\\\/mitrovicagreenfest.com\\\/sq\\\/faqja-kryesore\\\/\"},{\"@type\":\"ListItem\",\"position\":2,\"name\":\"Green Youth Clubs\"}]},{\"@type\":\"WebSite\",\"@id\":\"https:\\\/\\\/mitrovicagreenfest.com\\\/sq\\\/#website\",\"url\":\"https:\\\/\\\/mitrovicagreenfest.com\\\/sq\\\/\",\"name\":\"GreenFest\",\"description\":\"The festival of the year.\",\"publisher\":{\"@id\":\"https:\\\/\\\/mitrovicagreenfest.com\\\/sq\\\/#organization\"},\"potentialAction\":[{\"@type\":\"SearchAction\",\"target\":{\"@type\":\"EntryPoint\",\"urlTemplate\":\"https:\\\/\\\/mitrovicagreenfest.com\\\/sq\\\/?s={search_term_string}\"},\"query-input\":{\"@type\":\"PropertyValueSpecification\",\"valueRequired\":true,\"valueName\":\"search_term_string\"}}],\"inLanguage\":\"sq-AL\"},{\"@type\":\"Organization\",\"@id\":\"https:\\\/\\\/mitrovicagreenfest.com\\\/sq\\\/#organization\",\"name\":\"GreenFest\",\"url\":\"https:\\\/\\\/mitrovicagreenfest.com\\\/sq\\\/\",\"logo\":{\"@type\":\"ImageObject\",\"inLanguage\":\"sq-AL\",\"@id\":\"https:\\\/\\\/mitrovicagreenfest.com\\\/sq\\\/#\\\/schema\\\/logo\\\/image\\\/\",\"url\":\"https:\\\/\\\/mitrovicagreenfest.com\\\/wp-content\\\/uploads\\\/2019\\\/02\\\/greenfest-darkaa.png\",\"contentUrl\":\"https:\\\/\\\/mitrovicagreenfest.com\\\/wp-content\\\/uploads\\\/2019\\\/02\\\/greenfest-darkaa.png\",\"width\":400,\"height\":402,\"caption\":\"GreenFest\"},\"image\":{\"@id\":\"https:\\\/\\\/mitrovicagreenfest.com\\\/sq\\\/#\\\/schema\\\/logo\\\/image\\\/\"},\"sameAs\":[\"https:\\\/\\\/www.facebook.com\\\/GreenFestt\",\"https:\\\/\\\/www.instagram.com\\\/greenfest.13\\\/\",\"https:\\\/\\\/www.youtube.com\\\/@greenfestival9066\"]}]}<\/script>\n<!-- \/ Yoast SEO plugin. -->","yoast_head_json":{"title":"Green Youth Clubs - GreenFest","robots":{"index":"index","follow":"follow","max-snippet":"max-snippet:-1","max-image-preview":"max-image-preview:large","max-video-preview":"max-video-preview:-1"},"canonical":"https:\/\/mitrovicagreenfest.com\/sq\/green-youth-clubs\/","og_locale":"sq_AL","og_type":"article","og_title":"Green Youth Clubs - GreenFest","og_description":"[vc_row full_height=&#8221;yes&#8221; simple_background_color=&#8221;#000000&#8243; el_class=&#8221;green-fest-type&#8221;][vc_column][\/vc_column][\/vc_row]","og_url":"https:\/\/mitrovicagreenfest.com\/sq\/green-youth-clubs\/","og_site_name":"GreenFest","article_publisher":"https:\/\/www.facebook.com\/GreenFestt","article_modified_time":"2023-08-09T09:32:36+00:00","twitter_card":"summary_large_image","twitter_misc":{"Est. reading time":"2 minutes"},"schema":{"@context":"https:\/\/schema.org","@graph":[{"@type":"WebPage","@id":"https:\/\/mitrovicagreenfest.com\/sq\/green-youth-clubs\/","url":"https:\/\/mitrovicagreenfest.com\/sq\/green-youth-clubs\/","name":"Green Youth Clubs - GreenFest","isPartOf":{"@id":"https:\/\/mitrovicagreenfest.com\/sq\/#website"},"datePublished":"2023-05-04T11:45:49+00:00","dateModified":"2023-08-09T09:32:36+00:00","breadcrumb":{"@id":"https:\/\/mitrovicagreenfest.com\/sq\/green-youth-clubs\/#breadcrumb"},"inLanguage":"sq-AL","potentialAction":[{"@type":"ReadAction","target":["https:\/\/mitrovicagreenfest.com\/sq\/green-youth-clubs\/"]}]},{"@type":"BreadcrumbList","@id":"https:\/\/mitrovicagreenfest.com\/sq\/green-youth-clubs\/#breadcrumb","itemListElement":[{"@type":"ListItem","position":1,"name":"Home","item":"https:\/\/mitrovicagreenfest.com\/sq\/faqja-kryesore\/"},{"@type":"ListItem","position":2,"name":"Green Youth Clubs"}]},{"@type":"WebSite","@id":"https:\/\/mitrovicagreenfest.com\/sq\/#website","url":"https:\/\/mitrovicagreenfest.com\/sq\/","name":"GreenFest","description":"The festival of the year.","publisher":{"@id":"https:\/\/mitrovicagreenfest.com\/sq\/#organization"},"potentialAction":[{"@type":"SearchAction","target":{"@type":"EntryPoint","urlTemplate":"https:\/\/mitrovicagreenfest.com\/sq\/?s={search_term_string}"},"query-input":{"@type":"PropertyValueSpecification","valueRequired":true,"valueName":"search_term_string"}}],"inLanguage":"sq-AL"},{"@type":"Organization","@id":"https:\/\/mitrovicagreenfest.com\/sq\/#organization","name":"GreenFest","url":"https:\/\/mitrovicagreenfest.com\/sq\/","logo":{"@type":"ImageObject","inLanguage":"sq-AL","@id":"https:\/\/mitrovicagreenfest.com\/sq\/#\/schema\/logo\/image\/","url":"https:\/\/mitrovicagreenfest.com\/wp-content\/uploads\/2019\/02\/greenfest-darkaa.png","contentUrl":"https:\/\/mitrovicagreenfest.com\/wp-content\/uploads\/2019\/02\/greenfest-darkaa.png","width":400,"height":402,"caption":"GreenFest"},"image":{"@id":"https:\/\/mitrovicagreenfest.com\/sq\/#\/schema\/logo\/image\/"},"sameAs":["https:\/\/www.facebook.com\/GreenFestt","https:\/\/www.instagram.com\/greenfest.13\/","https:\/\/www.youtube.com\/@greenfestival9066"]}]}},"_links":{"self":[{"href":"https:\/\/mitrovicagreenfest.com\/sq\/wp-json\/wp\/v2\/pages\/4662","targetHints":{"allow":["GET"]}}],"collection":[{"href":"https:\/\/mitrovicagreenfest.com\/sq\/wp-json\/wp\/v2\/pages"}],"about":[{"href":"https:\/\/mitrovicagreenfest.com\/sq\/wp-json\/wp\/v2\/types\/page"}],"author":[{"embeddable":true,"href":"https:\/\/mitrovicagreenfest.com\/sq\/wp-json\/wp\/v2\/users\/2"}],"replies":[{"embeddable":true,"href":"https:\/\/mitrovicagreenfest.com\/sq\/wp-json\/wp\/v2\/comments?post=4662"}],"version-history":[{"count":21,"href":"https:\/\/mitrovicagreenfest.com\/sq\/wp-json\/wp\/v2\/pages\/4662\/revisions"}],"predecessor-version":[{"id":5635,"href":"https:\/\/mitrovicagreenfest.com\/sq\/wp-json\/wp\/v2\/pages\/4662\/revisions\/5635"}],"wp:attachment":[{"href":"https:\/\/mitrovicagreenfest.com\/sq\/wp-json\/wp\/v2\/media?parent=4662"}],"curies":[{"name":"wp","href":"https:\/\/api.w.org\/{rel}","templated":true}]}}