{"id":4642,"date":"2023-03-14T21:16:50","date_gmt":"2023-03-14T21:16:50","guid":{"rendered":"https:\/\/mitrovicagreenfest.com\/green-talk\/"},"modified":"2025-07-09T07:57:27","modified_gmt":"2025-07-09T07:57:27","slug":"green-talk","status":"publish","type":"page","link":"https:\/\/mitrovicagreenfest.com\/sq\/green-talk\/","title":{"rendered":"Green Talk"},"content":{"rendered":"<p>[vc_row full_height=&#8221;yes&#8221; simple_background_color=&#8221;#000000&#8243; el_class=&#8221;green-fest-type&#8221;][vc_column]<div class=\"edgtf-split-scrolling-section\">\n    <div class=\"edgtf-sss-ms-left\"><div class=\"edgtf-sss-ms-section\"  style=\"background-image: url(https:\/\/mitrovicagreenfest.com\/wp-content\/uploads\/2023\/03\/New-Project-21.png);text-align: center\">\n\t<div class=\"edgtf-elements-holder   edgtf-one-column  edgtf-responsive-mode-768 edgtf-one-column-alignment-center \" ><div class=\"edgtf-eh-item    \"  data-item-class=\"edgtf-eh-custom-7781\" data-1367-1600=\"21.5% 22%\" data-1025-1366=\"16% 18%\" data-769-1024=\"22.5% 24% 15.5%\" data-681-768=\"200px 18% 130px\" data-680=\"200px 15px 130px\">\n\t<div class=\"edgtf-eh-item-inner\">\n\t\t<div class=\"edgtf-eh-item-content edgtf-eh-custom-7781\" style=\"padding: 20.85% 17%\">\n\t\t\t[vc_single_image image=&#8221;4060&#8243; img_size=&#8221;408&#215;142&#8243; el_class=&#8221;green-fest-type-logo&#8221;]<div class=\"edgtf-section-title-holder   \" style=\"text-align: left\">\n\t<div class=\"edgtf-st-inner\">\n                    <h3 class=\"edgtf-st-subtitle\" style=\"color: #ffffff\">\n                join the vibe at            <\/h3>\n        \n\t\t\t\t\t<h1 class=\"edgtf-st-title\" style=\"color: #ffffff\">\n\t\t\t\tGreen Talk\t\t\t<\/h1>\n\t\t        \n        <div class=\"edgtf-separator-holder clearfix  edgtf-separator-left \">\n\t<div class=\"edgtf-separator\" style=\"border-color: #ffffff;width: 77px;border-bottom-width: 3px\"><\/div>\n<\/div>\n\n\t\t\t\t\t<p class=\"edgtf-st-text\" style=\"color: #ffffff\">\n\t\t\t\tSeria Green Talks synon ta ofroj nj\u00eb platform\u00eb p\u00ebr ekspert\u00eb q\u00eb t\u00eb ndajn\u00eb njohurit\u00eb dhe pik\u00ebpamjet e tyre mbi tematik\u00ebn e festivalit. Green Talks jan\u00eb konceptuar p\u00ebr t\u00eb edukuar, informuar dhe frym\u00ebzuar pjes\u00ebmarr\u00ebsit mbi nj\u00eb gam\u00eb t\u00eb gjer\u00eb \u00e7\u00ebshtjesh q\u00eb lidhen me zhvillimin e q\u00ebndruesh\u00ebm dhe ndryshimet klimatike prej hulumtimeve shkencore dhe politikat mjedisore, deri te aktivizmi qytetar dhe p\u00ebrfshirja e komunitetit.\t\t\t<\/p>\n\t\t\t\t\t<\/div>\n<\/div>\t\t<\/div>\n\t<\/div>\n<\/div><\/div><\/div><\/div><div class=\"edgtf-sss-ms-right\"><div class=\"edgtf-scrolling\"><div class=\"edgtf-sss-ms-section\"  style=\"padding: 11% 9% 0%;text-align: left\">\n\t<div class=\"edgtf-elements-holder   edgtf-one-column  edgtf-responsive-mode-768  \" ><div class=\"edgtf-eh-item    \"  data-item-class=\"edgtf-eh-custom-2195\" data-1367-1600=\"0px 7.8%\" data-1025-1366=\"0px 8%\" data-769-1024=\"13px 0 13px\" data-681-768=\"40px 0 0\" data-680=\"75px 0px 0\">\n\t<div class=\"edgtf-eh-item-inner\">\n\t\t<div class=\"edgtf-eh-item-content edgtf-eh-custom-2195\" style=\"padding: 0px 6%\">\n\t\t\t<div class=\"edgtf-section-title-holder   \" style=\"text-align: center\">\n\t<div class=\"edgtf-st-inner\">\n                    <h4 class=\"edgtf-st-subtitle\" style=\"color: #23e072\">\n                check our amazing            <\/h4>\n        \n\t\t\t\t\t<h1 class=\"edgtf-st-title\" style=\"color: #ffffff\">\n\t\t\t\tGaleria e Green Talk\t\t\t<\/h1>\n\t\t        \n        <div class=\"edgtf-separator-holder clearfix  edgtf-separator-center \">\n\t<div class=\"edgtf-separator\" style=\"border-color: #ffffff;width: 77px;border-bottom-width: 3px\"><\/div>\n<\/div>\n\n\t\t\t\t\t<\/div>\n<\/div>[vc_empty_space height=&#8221;62px&#8221;]<div class=\"edgtf-section-title-holder   \" style=\"text-align: center\">\n\t<div class=\"edgtf-st-inner\">\n                    <h3 class=\"edgtf-st-subtitle\" style=\"color: #ffffff\">\n                don't miss out            <\/h3>\n        \n\t\t        \n        <div class=\"edgtf-separator-holder clearfix  edgtf-separator-center \">\n\t<div class=\"edgtf-separator\" style=\"border-color: #000;width: 77px;border-bottom-width: 3px\"><\/div>\n<\/div>\n\n\t\t\t\t\t<\/div>\n<\/div><div class=\"edgtf-single-image-holder   \">\n    <div class=\"edgtf-si-inner\" >\n                                    <img loading=\"lazy\" decoding=\"async\" width=\"2048\" height=\"1356\" src=\"https:\/\/mitrovicagreenfest.com\/wp-content\/uploads\/2023\/04\/293927876_6064769223549745_7069952732366696016_n-1.jpg\" class=\"attachment-full size-full\" alt=\"\" srcset=\"https:\/\/mitrovicagreenfest.com\/wp-content\/uploads\/2023\/04\/293927876_6064769223549745_7069952732366696016_n-1.jpg 2048w, https:\/\/mitrovicagreenfest.com\/wp-content\/uploads\/2023\/04\/293927876_6064769223549745_7069952732366696016_n-1-300x199.jpg 300w, https:\/\/mitrovicagreenfest.com\/wp-content\/uploads\/2023\/04\/293927876_6064769223549745_7069952732366696016_n-1-1024x678.jpg 1024w, https:\/\/mitrovicagreenfest.com\/wp-content\/uploads\/2023\/04\/293927876_6064769223549745_7069952732366696016_n-1-768x509.jpg 768w, https:\/\/mitrovicagreenfest.com\/wp-content\/uploads\/2023\/04\/293927876_6064769223549745_7069952732366696016_n-1-1536x1017.jpg 1536w, https:\/\/mitrovicagreenfest.com\/wp-content\/uploads\/2023\/04\/293927876_6064769223549745_7069952732366696016_n-1-600x397.jpg 600w\" sizes=\"auto, (max-width: 2048px) 100vw, 2048px\" \/>                        <\/div>\n<\/div>[vc_empty_space height=&#8221;62px&#8221;]<div class=\"edgtf-single-image-holder   \">\n    <div class=\"edgtf-si-inner\" >\n                                    <img loading=\"lazy\" decoding=\"async\" width=\"2048\" height=\"1356\" src=\"https:\/\/mitrovicagreenfest.com\/wp-content\/uploads\/2023\/04\/295291158_6070459476314053_2954753512257469635_n-1.jpg\" class=\"attachment-full size-full\" alt=\"\" srcset=\"https:\/\/mitrovicagreenfest.com\/wp-content\/uploads\/2023\/04\/295291158_6070459476314053_2954753512257469635_n-1.jpg 2048w, https:\/\/mitrovicagreenfest.com\/wp-content\/uploads\/2023\/04\/295291158_6070459476314053_2954753512257469635_n-1-300x199.jpg 300w, https:\/\/mitrovicagreenfest.com\/wp-content\/uploads\/2023\/04\/295291158_6070459476314053_2954753512257469635_n-1-1024x678.jpg 1024w, https:\/\/mitrovicagreenfest.com\/wp-content\/uploads\/2023\/04\/295291158_6070459476314053_2954753512257469635_n-1-768x509.jpg 768w, https:\/\/mitrovicagreenfest.com\/wp-content\/uploads\/2023\/04\/295291158_6070459476314053_2954753512257469635_n-1-1536x1017.jpg 1536w, https:\/\/mitrovicagreenfest.com\/wp-content\/uploads\/2023\/04\/295291158_6070459476314053_2954753512257469635_n-1-600x397.jpg 600w\" sizes=\"auto, (max-width: 2048px) 100vw, 2048px\" \/>                        <\/div>\n<\/div>[vc_empty_space height=&#8221;62px&#8221;]<div class=\"edgtf-single-image-holder   \">\n    <div class=\"edgtf-si-inner\" >\n                                    <img loading=\"lazy\" decoding=\"async\" width=\"1944\" height=\"1296\" src=\"https:\/\/mitrovicagreenfest.com\/wp-content\/uploads\/2023\/08\/237838724_4981269805233031_4557529449346946285_n.jpg\" class=\"attachment-full size-full\" alt=\"\" srcset=\"https:\/\/mitrovicagreenfest.com\/wp-content\/uploads\/2023\/08\/237838724_4981269805233031_4557529449346946285_n.jpg 1944w, https:\/\/mitrovicagreenfest.com\/wp-content\/uploads\/2023\/08\/237838724_4981269805233031_4557529449346946285_n-300x200.jpg 300w, https:\/\/mitrovicagreenfest.com\/wp-content\/uploads\/2023\/08\/237838724_4981269805233031_4557529449346946285_n-1024x683.jpg 1024w, https:\/\/mitrovicagreenfest.com\/wp-content\/uploads\/2023\/08\/237838724_4981269805233031_4557529449346946285_n-768x512.jpg 768w, https:\/\/mitrovicagreenfest.com\/wp-content\/uploads\/2023\/08\/237838724_4981269805233031_4557529449346946285_n-1536x1024.jpg 1536w, https:\/\/mitrovicagreenfest.com\/wp-content\/uploads\/2023\/08\/237838724_4981269805233031_4557529449346946285_n-600x400.jpg 600w\" sizes=\"auto, (max-width: 1944px) 100vw, 1944px\" \/>                        <\/div>\n<\/div>[vc_empty_space height=&#8221;62px&#8221;]<div class=\"edgtf-single-image-holder   \">\n    <div class=\"edgtf-si-inner\" >\n                                    <img loading=\"lazy\" decoding=\"async\" width=\"1944\" height=\"1296\" src=\"https:\/\/mitrovicagreenfest.com\/wp-content\/uploads\/2023\/08\/239616496_4989987191027959_674898028225988051_n.jpg\" class=\"attachment-full size-full\" alt=\"\" srcset=\"https:\/\/mitrovicagreenfest.com\/wp-content\/uploads\/2023\/08\/239616496_4989987191027959_674898028225988051_n.jpg 1944w, https:\/\/mitrovicagreenfest.com\/wp-content\/uploads\/2023\/08\/239616496_4989987191027959_674898028225988051_n-300x200.jpg 300w, https:\/\/mitrovicagreenfest.com\/wp-content\/uploads\/2023\/08\/239616496_4989987191027959_674898028225988051_n-1024x683.jpg 1024w, https:\/\/mitrovicagreenfest.com\/wp-content\/uploads\/2023\/08\/239616496_4989987191027959_674898028225988051_n-768x512.jpg 768w, https:\/\/mitrovicagreenfest.com\/wp-content\/uploads\/2023\/08\/239616496_4989987191027959_674898028225988051_n-1536x1024.jpg 1536w, https:\/\/mitrovicagreenfest.com\/wp-content\/uploads\/2023\/08\/239616496_4989987191027959_674898028225988051_n-600x400.jpg 600w\" sizes=\"auto, (max-width: 1944px) 100vw, 1944px\" \/>                        <\/div>\n<\/div>[vc_empty_space height=&#8221;30px&#8221;]<div class=\"edgtf-single-image-holder   \">\n    <div class=\"edgtf-si-inner\" >\n                                    <img loading=\"lazy\" decoding=\"async\" width=\"960\" height=\"640\" src=\"https:\/\/mitrovicagreenfest.com\/wp-content\/uploads\/2023\/08\/237124640_4980970131929665_6378496641017301708_n.jpg\" class=\"attachment-full size-full\" alt=\"\" srcset=\"https:\/\/mitrovicagreenfest.com\/wp-content\/uploads\/2023\/08\/237124640_4980970131929665_6378496641017301708_n.jpg 960w, https:\/\/mitrovicagreenfest.com\/wp-content\/uploads\/2023\/08\/237124640_4980970131929665_6378496641017301708_n-300x200.jpg 300w, https:\/\/mitrovicagreenfest.com\/wp-content\/uploads\/2023\/08\/237124640_4980970131929665_6378496641017301708_n-768x512.jpg 768w, https:\/\/mitrovicagreenfest.com\/wp-content\/uploads\/2023\/08\/237124640_4980970131929665_6378496641017301708_n-600x400.jpg 600w\" sizes=\"auto, (max-width: 960px) 100vw, 960px\" \/>                        <\/div>\n<\/div>\t\t<\/div>\n\t<\/div>\n<\/div><\/div><\/div><\/div><\/div><\/div>[\/vc_column][\/vc_row]<\/p>\n","protected":false},"excerpt":{"rendered":"<p>[vc_row full_height=&#8221;yes&#8221; simple_background_color=&#8221;#000000&#8243; el_class=&#8221;green-fest-type&#8221;][vc_column][\/vc_column][\/vc_row]<\/p>\n","protected":false},"author":1,"featured_media":0,"parent":0,"menu_order":0,"comment_status":"closed","ping_status":"closed","template":"full-width.php","meta":{"footnotes":""},"class_list":["post-4642","page","type-page","status-publish","hentry"],"yoast_head":"<!-- This site is optimized with the Yoast SEO plugin v27.0 - https:\/\/yoast.com\/product\/yoast-seo-wordpress\/ -->\n<title>Green Talk - GreenFest<\/title>\n<meta name=\"robots\" content=\"index, follow, max-snippet:-1, max-image-preview:large, max-video-preview:-1\" \/>\n<link rel=\"canonical\" href=\"https:\/\/mitrovicagreenfest.com\/sq\/green-talk\/\" \/>\n<meta property=\"og:locale\" content=\"sq_AL\" \/>\n<meta property=\"og:type\" content=\"article\" \/>\n<meta property=\"og:title\" content=\"Green Talk - GreenFest\" \/>\n<meta property=\"og:description\" content=\"[vc_row full_height=&#8221;yes&#8221; simple_background_color=&#8221;#000000&#8243; el_class=&#8221;green-fest-type&#8221;][vc_column][\/vc_column][\/vc_row]\" \/>\n<meta property=\"og:url\" content=\"https:\/\/mitrovicagreenfest.com\/sq\/green-talk\/\" \/>\n<meta property=\"og:site_name\" content=\"GreenFest\" \/>\n<meta property=\"article:publisher\" content=\"https:\/\/www.facebook.com\/GreenFestt\" \/>\n<meta property=\"article:modified_time\" content=\"2025-07-09T07:57:27+00:00\" \/>\n<meta name=\"twitter:card\" content=\"summary_large_image\" \/>\n<meta name=\"twitter:label1\" content=\"Est. reading time\" \/>\n\t<meta name=\"twitter:data1\" content=\"1 minute\" \/>\n<script type=\"application\/ld+json\" class=\"yoast-schema-graph\">{\"@context\":\"https:\/\/schema.org\",\"@graph\":[{\"@type\":\"WebPage\",\"@id\":\"https:\/\/mitrovicagreenfest.com\/sq\/green-talk\/\",\"url\":\"https:\/\/mitrovicagreenfest.com\/sq\/green-talk\/\",\"name\":\"Green Talk - GreenFest\",\"isPartOf\":{\"@id\":\"https:\/\/mitrovicagreenfest.com\/sq\/#website\"},\"datePublished\":\"2023-03-14T21:16:50+00:00\",\"dateModified\":\"2025-07-09T07:57:27+00:00\",\"breadcrumb\":{\"@id\":\"https:\/\/mitrovicagreenfest.com\/sq\/green-talk\/#breadcrumb\"},\"inLanguage\":\"sq-AL\",\"potentialAction\":[{\"@type\":\"ReadAction\",\"target\":[\"https:\/\/mitrovicagreenfest.com\/sq\/green-talk\/\"]}]},{\"@type\":\"BreadcrumbList\",\"@id\":\"https:\/\/mitrovicagreenfest.com\/sq\/green-talk\/#breadcrumb\",\"itemListElement\":[{\"@type\":\"ListItem\",\"position\":1,\"name\":\"Home\",\"item\":\"https:\/\/mitrovicagreenfest.com\/sq\/\"},{\"@type\":\"ListItem\",\"position\":2,\"name\":\"Green Talk\"}]},{\"@type\":\"WebSite\",\"@id\":\"https:\/\/mitrovicagreenfest.com\/sq\/#website\",\"url\":\"https:\/\/mitrovicagreenfest.com\/sq\/\",\"name\":\"GreenFest\",\"description\":\"The festival of the year.\",\"publisher\":{\"@id\":\"https:\/\/mitrovicagreenfest.com\/sq\/#organization\"},\"potentialAction\":[{\"@type\":\"SearchAction\",\"target\":{\"@type\":\"EntryPoint\",\"urlTemplate\":\"https:\/\/mitrovicagreenfest.com\/sq\/?s={search_term_string}\"},\"query-input\":{\"@type\":\"PropertyValueSpecification\",\"valueRequired\":true,\"valueName\":\"search_term_string\"}}],\"inLanguage\":\"sq-AL\"},{\"@type\":\"Organization\",\"@id\":\"https:\/\/mitrovicagreenfest.com\/sq\/#organization\",\"name\":\"GreenFest\",\"url\":\"https:\/\/mitrovicagreenfest.com\/sq\/\",\"logo\":{\"@type\":\"ImageObject\",\"inLanguage\":\"sq-AL\",\"@id\":\"https:\/\/mitrovicagreenfest.com\/sq\/#\/schema\/logo\/image\/\",\"url\":\"https:\/\/mitrovicagreenfest.com\/wp-content\/uploads\/2019\/02\/greenfest-darkaa.png\",\"contentUrl\":\"https:\/\/mitrovicagreenfest.com\/wp-content\/uploads\/2019\/02\/greenfest-darkaa.png\",\"width\":400,\"height\":402,\"caption\":\"GreenFest\"},\"image\":{\"@id\":\"https:\/\/mitrovicagreenfest.com\/sq\/#\/schema\/logo\/image\/\"},\"sameAs\":[\"https:\/\/www.facebook.com\/GreenFestt\",\"https:\/\/www.instagram.com\/greenfest.13\/\",\"https:\/\/www.youtube.com\/@greenfestival9066\"]}]}<\/script>\n<!-- \/ Yoast SEO plugin. -->","yoast_head_json":{"title":"Green Talk - GreenFest","robots":{"index":"index","follow":"follow","max-snippet":"max-snippet:-1","max-image-preview":"max-image-preview:large","max-video-preview":"max-video-preview:-1"},"canonical":"https:\/\/mitrovicagreenfest.com\/sq\/green-talk\/","og_locale":"sq_AL","og_type":"article","og_title":"Green Talk - GreenFest","og_description":"[vc_row full_height=&#8221;yes&#8221; simple_background_color=&#8221;#000000&#8243; el_class=&#8221;green-fest-type&#8221;][vc_column][\/vc_column][\/vc_row]","og_url":"https:\/\/mitrovicagreenfest.com\/sq\/green-talk\/","og_site_name":"GreenFest","article_publisher":"https:\/\/www.facebook.com\/GreenFestt","article_modified_time":"2025-07-09T07:57:27+00:00","twitter_card":"summary_large_image","twitter_misc":{"Est. reading time":"1 minute"},"schema":{"@context":"https:\/\/schema.org","@graph":[{"@type":"WebPage","@id":"https:\/\/mitrovicagreenfest.com\/sq\/green-talk\/","url":"https:\/\/mitrovicagreenfest.com\/sq\/green-talk\/","name":"Green Talk - GreenFest","isPartOf":{"@id":"https:\/\/mitrovicagreenfest.com\/sq\/#website"},"datePublished":"2023-03-14T21:16:50+00:00","dateModified":"2025-07-09T07:57:27+00:00","breadcrumb":{"@id":"https:\/\/mitrovicagreenfest.com\/sq\/green-talk\/#breadcrumb"},"inLanguage":"sq-AL","potentialAction":[{"@type":"ReadAction","target":["https:\/\/mitrovicagreenfest.com\/sq\/green-talk\/"]}]},{"@type":"BreadcrumbList","@id":"https:\/\/mitrovicagreenfest.com\/sq\/green-talk\/#breadcrumb","itemListElement":[{"@type":"ListItem","position":1,"name":"Home","item":"https:\/\/mitrovicagreenfest.com\/sq\/"},{"@type":"ListItem","position":2,"name":"Green Talk"}]},{"@type":"WebSite","@id":"https:\/\/mitrovicagreenfest.com\/sq\/#website","url":"https:\/\/mitrovicagreenfest.com\/sq\/","name":"GreenFest","description":"The festival of the year.","publisher":{"@id":"https:\/\/mitrovicagreenfest.com\/sq\/#organization"},"potentialAction":[{"@type":"SearchAction","target":{"@type":"EntryPoint","urlTemplate":"https:\/\/mitrovicagreenfest.com\/sq\/?s={search_term_string}"},"query-input":{"@type":"PropertyValueSpecification","valueRequired":true,"valueName":"search_term_string"}}],"inLanguage":"sq-AL"},{"@type":"Organization","@id":"https:\/\/mitrovicagreenfest.com\/sq\/#organization","name":"GreenFest","url":"https:\/\/mitrovicagreenfest.com\/sq\/","logo":{"@type":"ImageObject","inLanguage":"sq-AL","@id":"https:\/\/mitrovicagreenfest.com\/sq\/#\/schema\/logo\/image\/","url":"https:\/\/mitrovicagreenfest.com\/wp-content\/uploads\/2019\/02\/greenfest-darkaa.png","contentUrl":"https:\/\/mitrovicagreenfest.com\/wp-content\/uploads\/2019\/02\/greenfest-darkaa.png","width":400,"height":402,"caption":"GreenFest"},"image":{"@id":"https:\/\/mitrovicagreenfest.com\/sq\/#\/schema\/logo\/image\/"},"sameAs":["https:\/\/www.facebook.com\/GreenFestt","https:\/\/www.instagram.com\/greenfest.13\/","https:\/\/www.youtube.com\/@greenfestival9066"]}]}},"_links":{"self":[{"href":"https:\/\/mitrovicagreenfest.com\/sq\/wp-json\/wp\/v2\/pages\/4642","targetHints":{"allow":["GET"]}}],"collection":[{"href":"https:\/\/mitrovicagreenfest.com\/sq\/wp-json\/wp\/v2\/pages"}],"about":[{"href":"https:\/\/mitrovicagreenfest.com\/sq\/wp-json\/wp\/v2\/types\/page"}],"author":[{"embeddable":true,"href":"https:\/\/mitrovicagreenfest.com\/sq\/wp-json\/wp\/v2\/users\/1"}],"replies":[{"embeddable":true,"href":"https:\/\/mitrovicagreenfest.com\/sq\/wp-json\/wp\/v2\/comments?post=4642"}],"version-history":[{"count":6,"href":"https:\/\/mitrovicagreenfest.com\/sq\/wp-json\/wp\/v2\/pages\/4642\/revisions"}],"predecessor-version":[{"id":6146,"href":"https:\/\/mitrovicagreenfest.com\/sq\/wp-json\/wp\/v2\/pages\/4642\/revisions\/6146"}],"wp:attachment":[{"href":"https:\/\/mitrovicagreenfest.com\/sq\/wp-json\/wp\/v2\/media?parent=4642"}],"curies":[{"name":"wp","href":"https:\/\/api.w.org\/{rel}","templated":true}]}}