{"id":4641,"date":"2023-03-14T21:38:34","date_gmt":"2023-03-14T21:38:34","guid":{"rendered":"https:\/\/mitrovicagreenfest.com\/green-kids\/"},"modified":"2025-07-09T07:39:42","modified_gmt":"2025-07-09T07:39:42","slug":"green-kids","status":"publish","type":"page","link":"https:\/\/mitrovicagreenfest.com\/sq\/green-kids\/","title":{"rendered":"Green Kids"},"content":{"rendered":"<p>[vc_row full_height=&#8221;yes&#8221; simple_background_color=&#8221;#000000&#8243; el_class=&#8221;green-fest-type&#8221;][vc_column]<div class=\"edgtf-split-scrolling-section\">\n    <div class=\"edgtf-sss-ms-left\"><div class=\"edgtf-sss-ms-section\"  style=\"background-image: url(https:\/\/mitrovicagreenfest.com\/wp-content\/uploads\/2023\/03\/New-Project-22.png);text-align: center\">\n\t<div class=\"edgtf-elements-holder   edgtf-one-column  edgtf-responsive-mode-768 edgtf-one-column-alignment-center \" ><div class=\"edgtf-eh-item    \"  data-item-class=\"edgtf-eh-custom-1117\" data-1367-1600=\"21.5% 22%\" data-1025-1366=\"16% 18%\" data-769-1024=\"22.5% 24% 15.5%\" data-681-768=\"200px 18% 130px\" data-680=\"200px 15px 130px\">\n\t<div class=\"edgtf-eh-item-inner\">\n\t\t<div class=\"edgtf-eh-item-content edgtf-eh-custom-1117\" style=\"padding: 20.85% 17%\">\n\t\t\t[vc_single_image image=&#8221;4067&#8243; img_size=&#8221;408&#215;142&#8243; el_class=&#8221;green-fest-type-logo&#8221;][vc_empty_space height=&#8221;52px&#8221;]<div class=\"edgtf-section-title-holder   \" style=\"text-align: left\">\n\t<div class=\"edgtf-st-inner\">\n        \n\t\t\t\t\t<h1 class=\"edgtf-st-title\" style=\"color: #ffffff\">\n\t\t\t\tGreen Kids\t\t\t<\/h1>\n\t\t        \n        <div class=\"edgtf-separator-holder clearfix  edgtf-separator-left \">\n\t<div class=\"edgtf-separator\" style=\"border-color: #ffffff;width: 77px;border-bottom-width: 3px\"><\/div>\n<\/div>\n\n\t\t\t\t\t<p class=\"edgtf-st-text\" style=\"color: #ffffff\">\n\t\t\t\tProgrami Green Kids synon t\u2019i edukoj dhe frym\u00ebzoj f\u00ebmij\u00ebt dhe t\u00eb rinjt\u00eb rreth zhvillimit t\u00eb q\u00ebndruesh\u00ebm dhe objektivave t\u00eb zhvillimit t\u00eb q\u00ebndruesh\u00ebm t\u00eb Kombeve t\u00eb Bashkuara (SDGs). Programi \u00ebsht\u00eb ideuar q\u00eb t\u00eb ofroj p\u00ebrvoja arg\u00ebtuese, t\u00ebrheq\u00ebse dhe edukative p\u00ebr f\u00ebmij\u00ebt dhe t\u00eb rinjt\u00eb e t\u00eb gjitha moshave p\u00ebrmes aktiviteteve interaktive, loj\u00ebrave dhe pun\u00ebtorive praktike q\u00eb nxisin vet\u00ebdijen mjedisore dhe mendimin kritik.\t\t\t<\/p>\n\t\t\t\t\t<\/div>\n<\/div>\t\t<\/div>\n\t<\/div>\n<\/div><\/div><\/div><\/div><div class=\"edgtf-sss-ms-right\"><div class=\"edgtf-scrolling\"><div class=\"edgtf-sss-ms-section\"  style=\"padding: 11% 9% 0%;text-align: left\">\n\t<div class=\"edgtf-elements-holder   edgtf-one-column  edgtf-responsive-mode-768  \" ><div class=\"edgtf-eh-item    \"  data-item-class=\"edgtf-eh-custom-7527\" data-1367-1600=\"0px 7.8%\" data-1025-1366=\"0px 8%\" data-769-1024=\"13px 0 13px\" data-681-768=\"40px 0 0\" data-680=\"75px 0px 0\">\n\t<div class=\"edgtf-eh-item-inner\">\n\t\t<div class=\"edgtf-eh-item-content edgtf-eh-custom-7527\" style=\"padding: 0px 6%\">\n\t\t\t<div class=\"edgtf-section-title-holder   \" style=\"text-align: center\">\n\t<div class=\"edgtf-st-inner\">\n                    <h4 class=\"edgtf-st-subtitle\" style=\"color: #23e072\">\n                check our amazing            <\/h4>\n        \n\t\t\t\t\t<h1 class=\"edgtf-st-title\" style=\"color: #ffffff\">\n\t\t\t\tGaleria Green Kids\t\t\t<\/h1>\n\t\t        \n        <div class=\"edgtf-separator-holder clearfix  edgtf-separator-center \">\n\t<div class=\"edgtf-separator\" style=\"border-color: #ffffff;width: 77px;border-bottom-width: 3px\"><\/div>\n<\/div>\n\n\t\t\t\t\t<\/div>\n<\/div>[vc_empty_space height=&#8221;62px&#8221;]<div class=\"edgtf-section-title-holder   \" style=\"text-align: center\">\n\t<div class=\"edgtf-st-inner\">\n                    <h3 class=\"edgtf-st-subtitle\" style=\"color: #ffffff\">\n                don't miss out            <\/h3>\n        \n\t\t        \n        <div class=\"edgtf-separator-holder clearfix  edgtf-separator-center \">\n\t<div class=\"edgtf-separator\" style=\"border-color: #000;width: 77px;border-bottom-width: 3px\"><\/div>\n<\/div>\n\n\t\t\t\t\t<\/div>\n<\/div>[vc_empty_space height=&#8221;30px&#8221;]<div class=\"edgtf-single-image-holder   \">\n    <div class=\"edgtf-si-inner\" >\n                                    <img loading=\"lazy\" decoding=\"async\" width=\"2048\" height=\"1365\" src=\"https:\/\/mitrovicagreenfest.com\/wp-content\/uploads\/2023\/08\/357680237_660358076131746_3304328952607908727_n-1.jpg\" class=\"attachment-full size-full\" alt=\"\" srcset=\"https:\/\/mitrovicagreenfest.com\/wp-content\/uploads\/2023\/08\/357680237_660358076131746_3304328952607908727_n-1.jpg 2048w, https:\/\/mitrovicagreenfest.com\/wp-content\/uploads\/2023\/08\/357680237_660358076131746_3304328952607908727_n-1-300x200.jpg 300w, https:\/\/mitrovicagreenfest.com\/wp-content\/uploads\/2023\/08\/357680237_660358076131746_3304328952607908727_n-1-1024x683.jpg 1024w, https:\/\/mitrovicagreenfest.com\/wp-content\/uploads\/2023\/08\/357680237_660358076131746_3304328952607908727_n-1-768x512.jpg 768w, https:\/\/mitrovicagreenfest.com\/wp-content\/uploads\/2023\/08\/357680237_660358076131746_3304328952607908727_n-1-1536x1024.jpg 1536w, https:\/\/mitrovicagreenfest.com\/wp-content\/uploads\/2023\/08\/357680237_660358076131746_3304328952607908727_n-1-600x400.jpg 600w\" sizes=\"auto, (max-width: 2048px) 100vw, 2048px\" \/>                        <\/div>\n<\/div>[vc_empty_space height=&#8221;30px&#8221;]<div class=\"edgtf-single-image-holder   \">\n    <div class=\"edgtf-si-inner\" >\n                                    <img loading=\"lazy\" decoding=\"async\" width=\"2048\" height=\"1365\" src=\"https:\/\/mitrovicagreenfest.com\/wp-content\/uploads\/2023\/08\/357694003_660358576131696_5306330378660440234_n-1.jpg\" class=\"attachment-full size-full\" alt=\"\" srcset=\"https:\/\/mitrovicagreenfest.com\/wp-content\/uploads\/2023\/08\/357694003_660358576131696_5306330378660440234_n-1.jpg 2048w, https:\/\/mitrovicagreenfest.com\/wp-content\/uploads\/2023\/08\/357694003_660358576131696_5306330378660440234_n-1-300x200.jpg 300w, https:\/\/mitrovicagreenfest.com\/wp-content\/uploads\/2023\/08\/357694003_660358576131696_5306330378660440234_n-1-1024x683.jpg 1024w, https:\/\/mitrovicagreenfest.com\/wp-content\/uploads\/2023\/08\/357694003_660358576131696_5306330378660440234_n-1-768x512.jpg 768w, https:\/\/mitrovicagreenfest.com\/wp-content\/uploads\/2023\/08\/357694003_660358576131696_5306330378660440234_n-1-1536x1024.jpg 1536w, https:\/\/mitrovicagreenfest.com\/wp-content\/uploads\/2023\/08\/357694003_660358576131696_5306330378660440234_n-1-600x400.jpg 600w\" sizes=\"auto, (max-width: 2048px) 100vw, 2048px\" \/>                        <\/div>\n<\/div>[vc_empty_space height=&#8221;30px&#8221;]<div class=\"edgtf-single-image-holder   \">\n    <div class=\"edgtf-si-inner\" >\n                                    <img loading=\"lazy\" decoding=\"async\" width=\"2048\" height=\"1365\" src=\"https:\/\/mitrovicagreenfest.com\/wp-content\/uploads\/2023\/08\/347256701_660358242798396_8331678302711993242_n.jpg\" class=\"attachment-full size-full\" alt=\"\" srcset=\"https:\/\/mitrovicagreenfest.com\/wp-content\/uploads\/2023\/08\/347256701_660358242798396_8331678302711993242_n.jpg 2048w, https:\/\/mitrovicagreenfest.com\/wp-content\/uploads\/2023\/08\/347256701_660358242798396_8331678302711993242_n-300x200.jpg 300w, https:\/\/mitrovicagreenfest.com\/wp-content\/uploads\/2023\/08\/347256701_660358242798396_8331678302711993242_n-1024x683.jpg 1024w, https:\/\/mitrovicagreenfest.com\/wp-content\/uploads\/2023\/08\/347256701_660358242798396_8331678302711993242_n-768x512.jpg 768w, https:\/\/mitrovicagreenfest.com\/wp-content\/uploads\/2023\/08\/347256701_660358242798396_8331678302711993242_n-1536x1024.jpg 1536w, https:\/\/mitrovicagreenfest.com\/wp-content\/uploads\/2023\/08\/347256701_660358242798396_8331678302711993242_n-600x400.jpg 600w\" sizes=\"auto, (max-width: 2048px) 100vw, 2048px\" \/>                        <\/div>\n<\/div>[vc_empty_space height=&#8221;30px&#8221;]<div class=\"edgtf-single-image-holder   \">\n    <div class=\"edgtf-si-inner\" >\n                                    <img loading=\"lazy\" decoding=\"async\" width=\"2048\" height=\"1365\" src=\"https:\/\/mitrovicagreenfest.com\/wp-content\/uploads\/2023\/08\/347257801_660358032798417_8714429605137106494_n.jpg\" class=\"attachment-full size-full\" alt=\"\" srcset=\"https:\/\/mitrovicagreenfest.com\/wp-content\/uploads\/2023\/08\/347257801_660358032798417_8714429605137106494_n.jpg 2048w, https:\/\/mitrovicagreenfest.com\/wp-content\/uploads\/2023\/08\/347257801_660358032798417_8714429605137106494_n-300x200.jpg 300w, https:\/\/mitrovicagreenfest.com\/wp-content\/uploads\/2023\/08\/347257801_660358032798417_8714429605137106494_n-1024x683.jpg 1024w, https:\/\/mitrovicagreenfest.com\/wp-content\/uploads\/2023\/08\/347257801_660358032798417_8714429605137106494_n-768x512.jpg 768w, https:\/\/mitrovicagreenfest.com\/wp-content\/uploads\/2023\/08\/347257801_660358032798417_8714429605137106494_n-1536x1024.jpg 1536w, https:\/\/mitrovicagreenfest.com\/wp-content\/uploads\/2023\/08\/347257801_660358032798417_8714429605137106494_n-600x400.jpg 600w\" sizes=\"auto, (max-width: 2048px) 100vw, 2048px\" \/>                        <\/div>\n<\/div>[vc_empty_space height=&#8221;30px&#8221;]<div class=\"edgtf-single-image-holder   \">\n    <div class=\"edgtf-si-inner\" >\n                                    <img loading=\"lazy\" decoding=\"async\" width=\"2048\" height=\"1365\" src=\"https:\/\/mitrovicagreenfest.com\/wp-content\/uploads\/2023\/08\/357473443_660358909464996_852334969998338072_n.jpg\" class=\"attachment-full size-full\" alt=\"\" srcset=\"https:\/\/mitrovicagreenfest.com\/wp-content\/uploads\/2023\/08\/357473443_660358909464996_852334969998338072_n.jpg 2048w, https:\/\/mitrovicagreenfest.com\/wp-content\/uploads\/2023\/08\/357473443_660358909464996_852334969998338072_n-300x200.jpg 300w, https:\/\/mitrovicagreenfest.com\/wp-content\/uploads\/2023\/08\/357473443_660358909464996_852334969998338072_n-1024x683.jpg 1024w, https:\/\/mitrovicagreenfest.com\/wp-content\/uploads\/2023\/08\/357473443_660358909464996_852334969998338072_n-768x512.jpg 768w, https:\/\/mitrovicagreenfest.com\/wp-content\/uploads\/2023\/08\/357473443_660358909464996_852334969998338072_n-1536x1024.jpg 1536w, https:\/\/mitrovicagreenfest.com\/wp-content\/uploads\/2023\/08\/357473443_660358909464996_852334969998338072_n-600x400.jpg 600w\" sizes=\"auto, (max-width: 2048px) 100vw, 2048px\" \/>                        <\/div>\n<\/div>[vc_empty_space height=&#8221;30px&#8221;]<div class=\"edgtf-single-image-holder   \">\n    <div class=\"edgtf-si-inner\" >\n                                    <img loading=\"lazy\" decoding=\"async\" width=\"2048\" height=\"1365\" src=\"https:\/\/mitrovicagreenfest.com\/wp-content\/uploads\/2023\/08\/357695782_660358679465019_5369129888193877953_n.jpg\" class=\"attachment-full size-full\" alt=\"\" srcset=\"https:\/\/mitrovicagreenfest.com\/wp-content\/uploads\/2023\/08\/357695782_660358679465019_5369129888193877953_n.jpg 2048w, https:\/\/mitrovicagreenfest.com\/wp-content\/uploads\/2023\/08\/357695782_660358679465019_5369129888193877953_n-300x200.jpg 300w, https:\/\/mitrovicagreenfest.com\/wp-content\/uploads\/2023\/08\/357695782_660358679465019_5369129888193877953_n-1024x683.jpg 1024w, https:\/\/mitrovicagreenfest.com\/wp-content\/uploads\/2023\/08\/357695782_660358679465019_5369129888193877953_n-768x512.jpg 768w, https:\/\/mitrovicagreenfest.com\/wp-content\/uploads\/2023\/08\/357695782_660358679465019_5369129888193877953_n-1536x1024.jpg 1536w, https:\/\/mitrovicagreenfest.com\/wp-content\/uploads\/2023\/08\/357695782_660358679465019_5369129888193877953_n-600x400.jpg 600w\" sizes=\"auto, (max-width: 2048px) 100vw, 2048px\" \/>                        <\/div>\n<\/div>\t\t<\/div>\n\t<\/div>\n<\/div><\/div><\/div><\/div><\/div><\/div>[\/vc_column][\/vc_row]<\/p>\n","protected":false},"excerpt":{"rendered":"<p>[vc_row full_height=&#8221;yes&#8221; simple_background_color=&#8221;#000000&#8243; el_class=&#8221;green-fest-type&#8221;][vc_column][\/vc_column][\/vc_row]<\/p>\n","protected":false},"author":1,"featured_media":0,"parent":0,"menu_order":0,"comment_status":"closed","ping_status":"closed","template":"full-width.php","meta":{"footnotes":""},"class_list":["post-4641","page","type-page","status-publish","hentry"],"yoast_head":"<!-- This site is optimized with the Yoast SEO plugin v27.0 - https:\/\/yoast.com\/product\/yoast-seo-wordpress\/ -->\n<title>Green Kids - GreenFest<\/title>\n<meta name=\"robots\" content=\"index, follow, max-snippet:-1, max-image-preview:large, max-video-preview:-1\" \/>\n<link rel=\"canonical\" href=\"https:\/\/mitrovicagreenfest.com\/sq\/green-kids\/\" \/>\n<meta property=\"og:locale\" content=\"sq_AL\" \/>\n<meta property=\"og:type\" content=\"article\" \/>\n<meta property=\"og:title\" content=\"Green Kids - GreenFest\" \/>\n<meta property=\"og:description\" content=\"[vc_row full_height=&#8221;yes&#8221; simple_background_color=&#8221;#000000&#8243; el_class=&#8221;green-fest-type&#8221;][vc_column][\/vc_column][\/vc_row]\" \/>\n<meta property=\"og:url\" content=\"https:\/\/mitrovicagreenfest.com\/sq\/green-kids\/\" \/>\n<meta property=\"og:site_name\" content=\"GreenFest\" \/>\n<meta property=\"article:publisher\" content=\"https:\/\/www.facebook.com\/GreenFestt\" \/>\n<meta property=\"article:modified_time\" content=\"2025-07-09T07:39:42+00:00\" \/>\n<meta name=\"twitter:card\" content=\"summary_large_image\" \/>\n<meta name=\"twitter:label1\" content=\"Est. reading time\" \/>\n\t<meta name=\"twitter:data1\" content=\"1 minute\" \/>\n<script type=\"application\/ld+json\" class=\"yoast-schema-graph\">{\"@context\":\"https:\/\/schema.org\",\"@graph\":[{\"@type\":\"WebPage\",\"@id\":\"https:\/\/mitrovicagreenfest.com\/sq\/green-kids\/\",\"url\":\"https:\/\/mitrovicagreenfest.com\/sq\/green-kids\/\",\"name\":\"Green Kids - GreenFest\",\"isPartOf\":{\"@id\":\"https:\/\/mitrovicagreenfest.com\/sq\/#website\"},\"datePublished\":\"2023-03-14T21:38:34+00:00\",\"dateModified\":\"2025-07-09T07:39:42+00:00\",\"breadcrumb\":{\"@id\":\"https:\/\/mitrovicagreenfest.com\/sq\/green-kids\/#breadcrumb\"},\"inLanguage\":\"sq-AL\",\"potentialAction\":[{\"@type\":\"ReadAction\",\"target\":[\"https:\/\/mitrovicagreenfest.com\/sq\/green-kids\/\"]}]},{\"@type\":\"BreadcrumbList\",\"@id\":\"https:\/\/mitrovicagreenfest.com\/sq\/green-kids\/#breadcrumb\",\"itemListElement\":[{\"@type\":\"ListItem\",\"position\":1,\"name\":\"Home\",\"item\":\"https:\/\/mitrovicagreenfest.com\/sq\/\"},{\"@type\":\"ListItem\",\"position\":2,\"name\":\"Green Kids\"}]},{\"@type\":\"WebSite\",\"@id\":\"https:\/\/mitrovicagreenfest.com\/sq\/#website\",\"url\":\"https:\/\/mitrovicagreenfest.com\/sq\/\",\"name\":\"GreenFest\",\"description\":\"The festival of the year.\",\"publisher\":{\"@id\":\"https:\/\/mitrovicagreenfest.com\/sq\/#organization\"},\"potentialAction\":[{\"@type\":\"SearchAction\",\"target\":{\"@type\":\"EntryPoint\",\"urlTemplate\":\"https:\/\/mitrovicagreenfest.com\/sq\/?s={search_term_string}\"},\"query-input\":{\"@type\":\"PropertyValueSpecification\",\"valueRequired\":true,\"valueName\":\"search_term_string\"}}],\"inLanguage\":\"sq-AL\"},{\"@type\":\"Organization\",\"@id\":\"https:\/\/mitrovicagreenfest.com\/sq\/#organization\",\"name\":\"GreenFest\",\"url\":\"https:\/\/mitrovicagreenfest.com\/sq\/\",\"logo\":{\"@type\":\"ImageObject\",\"inLanguage\":\"sq-AL\",\"@id\":\"https:\/\/mitrovicagreenfest.com\/sq\/#\/schema\/logo\/image\/\",\"url\":\"https:\/\/mitrovicagreenfest.com\/wp-content\/uploads\/2019\/02\/greenfest-darkaa.png\",\"contentUrl\":\"https:\/\/mitrovicagreenfest.com\/wp-content\/uploads\/2019\/02\/greenfest-darkaa.png\",\"width\":400,\"height\":402,\"caption\":\"GreenFest\"},\"image\":{\"@id\":\"https:\/\/mitrovicagreenfest.com\/sq\/#\/schema\/logo\/image\/\"},\"sameAs\":[\"https:\/\/www.facebook.com\/GreenFestt\",\"https:\/\/www.instagram.com\/greenfest.13\/\",\"https:\/\/www.youtube.com\/@greenfestival9066\"]}]}<\/script>\n<!-- \/ Yoast SEO plugin. -->","yoast_head_json":{"title":"Green Kids - GreenFest","robots":{"index":"index","follow":"follow","max-snippet":"max-snippet:-1","max-image-preview":"max-image-preview:large","max-video-preview":"max-video-preview:-1"},"canonical":"https:\/\/mitrovicagreenfest.com\/sq\/green-kids\/","og_locale":"sq_AL","og_type":"article","og_title":"Green Kids - GreenFest","og_description":"[vc_row full_height=&#8221;yes&#8221; simple_background_color=&#8221;#000000&#8243; el_class=&#8221;green-fest-type&#8221;][vc_column][\/vc_column][\/vc_row]","og_url":"https:\/\/mitrovicagreenfest.com\/sq\/green-kids\/","og_site_name":"GreenFest","article_publisher":"https:\/\/www.facebook.com\/GreenFestt","article_modified_time":"2025-07-09T07:39:42+00:00","twitter_card":"summary_large_image","twitter_misc":{"Est. reading time":"1 minute"},"schema":{"@context":"https:\/\/schema.org","@graph":[{"@type":"WebPage","@id":"https:\/\/mitrovicagreenfest.com\/sq\/green-kids\/","url":"https:\/\/mitrovicagreenfest.com\/sq\/green-kids\/","name":"Green Kids - GreenFest","isPartOf":{"@id":"https:\/\/mitrovicagreenfest.com\/sq\/#website"},"datePublished":"2023-03-14T21:38:34+00:00","dateModified":"2025-07-09T07:39:42+00:00","breadcrumb":{"@id":"https:\/\/mitrovicagreenfest.com\/sq\/green-kids\/#breadcrumb"},"inLanguage":"sq-AL","potentialAction":[{"@type":"ReadAction","target":["https:\/\/mitrovicagreenfest.com\/sq\/green-kids\/"]}]},{"@type":"BreadcrumbList","@id":"https:\/\/mitrovicagreenfest.com\/sq\/green-kids\/#breadcrumb","itemListElement":[{"@type":"ListItem","position":1,"name":"Home","item":"https:\/\/mitrovicagreenfest.com\/sq\/"},{"@type":"ListItem","position":2,"name":"Green Kids"}]},{"@type":"WebSite","@id":"https:\/\/mitrovicagreenfest.com\/sq\/#website","url":"https:\/\/mitrovicagreenfest.com\/sq\/","name":"GreenFest","description":"The festival of the year.","publisher":{"@id":"https:\/\/mitrovicagreenfest.com\/sq\/#organization"},"potentialAction":[{"@type":"SearchAction","target":{"@type":"EntryPoint","urlTemplate":"https:\/\/mitrovicagreenfest.com\/sq\/?s={search_term_string}"},"query-input":{"@type":"PropertyValueSpecification","valueRequired":true,"valueName":"search_term_string"}}],"inLanguage":"sq-AL"},{"@type":"Organization","@id":"https:\/\/mitrovicagreenfest.com\/sq\/#organization","name":"GreenFest","url":"https:\/\/mitrovicagreenfest.com\/sq\/","logo":{"@type":"ImageObject","inLanguage":"sq-AL","@id":"https:\/\/mitrovicagreenfest.com\/sq\/#\/schema\/logo\/image\/","url":"https:\/\/mitrovicagreenfest.com\/wp-content\/uploads\/2019\/02\/greenfest-darkaa.png","contentUrl":"https:\/\/mitrovicagreenfest.com\/wp-content\/uploads\/2019\/02\/greenfest-darkaa.png","width":400,"height":402,"caption":"GreenFest"},"image":{"@id":"https:\/\/mitrovicagreenfest.com\/sq\/#\/schema\/logo\/image\/"},"sameAs":["https:\/\/www.facebook.com\/GreenFestt","https:\/\/www.instagram.com\/greenfest.13\/","https:\/\/www.youtube.com\/@greenfestival9066"]}]}},"_links":{"self":[{"href":"https:\/\/mitrovicagreenfest.com\/sq\/wp-json\/wp\/v2\/pages\/4641","targetHints":{"allow":["GET"]}}],"collection":[{"href":"https:\/\/mitrovicagreenfest.com\/sq\/wp-json\/wp\/v2\/pages"}],"about":[{"href":"https:\/\/mitrovicagreenfest.com\/sq\/wp-json\/wp\/v2\/types\/page"}],"author":[{"embeddable":true,"href":"https:\/\/mitrovicagreenfest.com\/sq\/wp-json\/wp\/v2\/users\/1"}],"replies":[{"embeddable":true,"href":"https:\/\/mitrovicagreenfest.com\/sq\/wp-json\/wp\/v2\/comments?post=4641"}],"version-history":[{"count":5,"href":"https:\/\/mitrovicagreenfest.com\/sq\/wp-json\/wp\/v2\/pages\/4641\/revisions"}],"predecessor-version":[{"id":6133,"href":"https:\/\/mitrovicagreenfest.com\/sq\/wp-json\/wp\/v2\/pages\/4641\/revisions\/6133"}],"wp:attachment":[{"href":"https:\/\/mitrovicagreenfest.com\/sq\/wp-json\/wp\/v2\/media?parent=4641"}],"curies":[{"name":"wp","href":"https:\/\/api.w.org\/{rel}","templated":true}]}}