{"id":4640,"date":"2023-03-14T21:45:29","date_gmt":"2023-03-14T21:45:29","guid":{"rendered":"https:\/\/mitrovicagreenfest.com\/green-crafts-and-fair\/"},"modified":"2023-08-09T08:25:29","modified_gmt":"2023-08-09T08:25:29","slug":"green-crafts-and-fair","status":"publish","type":"page","link":"https:\/\/mitrovicagreenfest.com\/sq\/green-crafts-and-fair\/","title":{"rendered":"Green Crafts"},"content":{"rendered":"<p>[vc_row full_height=&#8221;yes&#8221; simple_background_color=&#8221;#000000&#8243; el_class=&#8221;green-fest-type&#8221;][vc_column]<div class=\"edgtf-split-scrolling-section\">\n    <div class=\"edgtf-sss-ms-left\"><div class=\"edgtf-sss-ms-section\"  style=\"background-image: url(https:\/\/mitrovicagreenfest.com\/wp-content\/uploads\/2023\/03\/New-Project-23.png);text-align: center\">\n\t<div class=\"edgtf-elements-holder   edgtf-one-column  edgtf-responsive-mode-768 edgtf-one-column-alignment-center \" ><div class=\"edgtf-eh-item    \"  data-item-class=\"edgtf-eh-custom-3126\" data-1367-1600=\"21.5% 22%\" data-1025-1366=\"16% 18%\" data-769-1024=\"22.5% 24% 15.5%\" data-681-768=\"200px 18% 130px\" data-680=\"200px 15px 130px\">\n\t<div class=\"edgtf-eh-item-inner\">\n\t\t<div class=\"edgtf-eh-item-content edgtf-eh-custom-3126\" style=\"padding: 20.85% 17%\">\n\t\t\t[vc_single_image image=&#8221;4074&#8243; img_size=&#8221;408&#215;142&#8243; el_class=&#8221;green-fest-type-logo&#8221;][vc_empty_space height=&#8221;52px&#8221;]<div class=\"edgtf-section-title-holder   \" style=\"text-align: left\">\n\t<div class=\"edgtf-st-inner\">\n                    <h3 class=\"edgtf-st-subtitle\" style=\"color: #ffffff\">\n                join us for some magic            <\/h3>\n        \n\t\t\t\t\t<h1 class=\"edgtf-st-title\" style=\"color: #ffffff\">\n\t\t\t\tGreen Crafts and Fairs\t\t\t<\/h1>\n\t\t        \n        <div class=\"edgtf-separator-holder clearfix  edgtf-separator-left \">\n\t<div class=\"edgtf-separator\" style=\"border-color: #ffffff;width: 77px;border-bottom-width: 3px\"><\/div>\n<\/div>\n\n\t\t\t\t\t<p class=\"edgtf-st-text\" style=\"color: #ffffff\">\n\t\t\t\tGreen Crafts and Fair \u00ebsht\u00eb program i cili synon ta promovoj\u00eb jetes\u00ebn e q\u00ebndrueshme dhe t\u2019i mb\u00ebshtes\u00eb artizan\u00ebt dhe shit\u00ebsit lokal q\u00eb jan\u00eb t\u00eb p\u00ebrkushtuar t\u00eb p\u00ebrdorin praktika dhe materiale miq\u00ebsore me mjedisin gjat\u00eb pun\u00ebs s\u00eb tyre. Panairi \u00ebsht\u00eb mund\u00ebsi p\u00ebr shit\u00ebsit e ndrysh\u00ebm q\u00eb t\u2019i shesin veprat e tyre artizanale t\u00eb punuara me dor\u00eb, veshjet, bizhuterit\u00eb dhe artikujt tjer\u00eb t\u00eb punuar duke p\u00ebrdorur metoda t\u00eb q\u00ebndrueshme dhe miq\u00ebsore me mjedisin.\t\t\t<\/p>\n\t\t\t\t\t<\/div>\n<\/div>\t\t<\/div>\n\t<\/div>\n<\/div><\/div><\/div><\/div><div class=\"edgtf-sss-ms-right\"><div class=\"edgtf-scrolling\"><div class=\"edgtf-sss-ms-section\"  style=\"padding: 11% 9% 0%;text-align: left\">\n\t<div class=\"edgtf-elements-holder   edgtf-one-column  edgtf-responsive-mode-768  \" ><div class=\"edgtf-eh-item    \"  data-item-class=\"edgtf-eh-custom-2649\" data-1367-1600=\"0px 7.8%\" data-1025-1366=\"0px 8%\" data-769-1024=\"13px 0 13px\" data-681-768=\"40px 0 0\" data-680=\"75px 0px 0\">\n\t<div class=\"edgtf-eh-item-inner\">\n\t\t<div class=\"edgtf-eh-item-content edgtf-eh-custom-2649\" style=\"padding: 0px 6%\">\n\t\t\t<div class=\"edgtf-section-title-holder   \" style=\"text-align: center\">\n\t<div class=\"edgtf-st-inner\">\n                    <h4 class=\"edgtf-st-subtitle\" style=\"color: #23e072\">\n                check our amazing            <\/h4>\n        \n\t\t\t\t\t<h1 class=\"edgtf-st-title\" style=\"color: #ffffff\">\n\t\t\t\tGaleria e Green Crafts and Fair\t\t\t<\/h1>\n\t\t        \n        <div class=\"edgtf-separator-holder clearfix  edgtf-separator-center \">\n\t<div class=\"edgtf-separator\" style=\"border-color: #ffffff;width: 77px;border-bottom-width: 3px\"><\/div>\n<\/div>\n\n\t\t\t\t\t<\/div>\n<\/div>[vc_empty_space height=&#8221;62px&#8221;]<div class=\"edgtf-section-title-holder   \" style=\"text-align: center\">\n\t<div class=\"edgtf-st-inner\">\n                    <h3 class=\"edgtf-st-subtitle\" style=\"color: #ffffff\">\n                don't miss out            <\/h3>\n        \n\t\t        \n        <div class=\"edgtf-separator-holder clearfix  edgtf-separator-center \">\n\t<div class=\"edgtf-separator\" style=\"border-color: #000;width: 77px;border-bottom-width: 3px\"><\/div>\n<\/div>\n\n\t\t\t\t\t<\/div>\n<\/div>[vc_empty_space height=&#8221;62px&#8221;]<div class=\"edgtf-single-image-holder   \">\n    <div class=\"edgtf-si-inner\" >\n                                    <img loading=\"lazy\" decoding=\"async\" width=\"2048\" height=\"1365\" src=\"https:\/\/mitrovicagreenfest.com\/wp-content\/uploads\/2023\/04\/319048192_588013326382749_3662629310113606432_n-1.jpg\" class=\"attachment-full size-full\" alt=\"\" srcset=\"https:\/\/mitrovicagreenfest.com\/wp-content\/uploads\/2023\/04\/319048192_588013326382749_3662629310113606432_n-1.jpg 2048w, https:\/\/mitrovicagreenfest.com\/wp-content\/uploads\/2023\/04\/319048192_588013326382749_3662629310113606432_n-1-300x200.jpg 300w, https:\/\/mitrovicagreenfest.com\/wp-content\/uploads\/2023\/04\/319048192_588013326382749_3662629310113606432_n-1-1024x683.jpg 1024w, https:\/\/mitrovicagreenfest.com\/wp-content\/uploads\/2023\/04\/319048192_588013326382749_3662629310113606432_n-1-768x512.jpg 768w, https:\/\/mitrovicagreenfest.com\/wp-content\/uploads\/2023\/04\/319048192_588013326382749_3662629310113606432_n-1-1536x1024.jpg 1536w, https:\/\/mitrovicagreenfest.com\/wp-content\/uploads\/2023\/04\/319048192_588013326382749_3662629310113606432_n-1-600x400.jpg 600w\" sizes=\"auto, (max-width: 2048px) 100vw, 2048px\" \/>                        <\/div>\n<\/div>[vc_empty_space height=&#8221;62px&#8221;][vc_empty_space height=&#8221;30px&#8221;]\t\t<\/div>\n\t<\/div>\n<\/div><\/div><\/div><\/div><\/div><\/div>[\/vc_column][\/vc_row]<\/p>\n","protected":false},"excerpt":{"rendered":"<p>[vc_row full_height=&#8221;yes&#8221; simple_background_color=&#8221;#000000&#8243; el_class=&#8221;green-fest-type&#8221;][vc_column][\/vc_column][\/vc_row]<\/p>\n","protected":false},"author":1,"featured_media":0,"parent":0,"menu_order":0,"comment_status":"closed","ping_status":"closed","template":"full-width.php","meta":{"footnotes":""},"class_list":["post-4640","page","type-page","status-publish","hentry"],"yoast_head":"<!-- This site is optimized with the Yoast SEO plugin v27.0 - https:\/\/yoast.com\/product\/yoast-seo-wordpress\/ -->\n<title>Green Crafts - GreenFest<\/title>\n<meta name=\"robots\" content=\"index, follow, max-snippet:-1, max-image-preview:large, max-video-preview:-1\" \/>\n<link rel=\"canonical\" href=\"https:\/\/mitrovicagreenfest.com\/sq\/green-crafts-and-fair\/\" \/>\n<meta property=\"og:locale\" content=\"sq_AL\" \/>\n<meta property=\"og:type\" content=\"article\" \/>\n<meta property=\"og:title\" content=\"Green Crafts - GreenFest\" \/>\n<meta property=\"og:description\" content=\"[vc_row full_height=&#8221;yes&#8221; simple_background_color=&#8221;#000000&#8243; el_class=&#8221;green-fest-type&#8221;][vc_column][\/vc_column][\/vc_row]\" \/>\n<meta property=\"og:url\" content=\"https:\/\/mitrovicagreenfest.com\/sq\/green-crafts-and-fair\/\" \/>\n<meta property=\"og:site_name\" content=\"GreenFest\" \/>\n<meta property=\"article:publisher\" content=\"https:\/\/www.facebook.com\/GreenFestt\" \/>\n<meta property=\"article:modified_time\" content=\"2023-08-09T08:25:29+00:00\" \/>\n<meta name=\"twitter:card\" content=\"summary_large_image\" \/>\n<meta name=\"twitter:label1\" content=\"Est. reading time\" \/>\n\t<meta name=\"twitter:data1\" content=\"1 minute\" \/>\n<script type=\"application\/ld+json\" class=\"yoast-schema-graph\">{\"@context\":\"https:\/\/schema.org\",\"@graph\":[{\"@type\":\"WebPage\",\"@id\":\"https:\/\/mitrovicagreenfest.com\/sq\/green-crafts-and-fair\/\",\"url\":\"https:\/\/mitrovicagreenfest.com\/sq\/green-crafts-and-fair\/\",\"name\":\"Green Crafts - GreenFest\",\"isPartOf\":{\"@id\":\"https:\/\/mitrovicagreenfest.com\/sq\/#website\"},\"datePublished\":\"2023-03-14T21:45:29+00:00\",\"dateModified\":\"2023-08-09T08:25:29+00:00\",\"breadcrumb\":{\"@id\":\"https:\/\/mitrovicagreenfest.com\/sq\/green-crafts-and-fair\/#breadcrumb\"},\"inLanguage\":\"sq-AL\",\"potentialAction\":[{\"@type\":\"ReadAction\",\"target\":[\"https:\/\/mitrovicagreenfest.com\/sq\/green-crafts-and-fair\/\"]}]},{\"@type\":\"BreadcrumbList\",\"@id\":\"https:\/\/mitrovicagreenfest.com\/sq\/green-crafts-and-fair\/#breadcrumb\",\"itemListElement\":[{\"@type\":\"ListItem\",\"position\":1,\"name\":\"Home\",\"item\":\"https:\/\/mitrovicagreenfest.com\/sq\/\"},{\"@type\":\"ListItem\",\"position\":2,\"name\":\"Green Crafts\"}]},{\"@type\":\"WebSite\",\"@id\":\"https:\/\/mitrovicagreenfest.com\/sq\/#website\",\"url\":\"https:\/\/mitrovicagreenfest.com\/sq\/\",\"name\":\"GreenFest\",\"description\":\"The festival of the year.\",\"publisher\":{\"@id\":\"https:\/\/mitrovicagreenfest.com\/sq\/#organization\"},\"potentialAction\":[{\"@type\":\"SearchAction\",\"target\":{\"@type\":\"EntryPoint\",\"urlTemplate\":\"https:\/\/mitrovicagreenfest.com\/sq\/?s={search_term_string}\"},\"query-input\":{\"@type\":\"PropertyValueSpecification\",\"valueRequired\":true,\"valueName\":\"search_term_string\"}}],\"inLanguage\":\"sq-AL\"},{\"@type\":\"Organization\",\"@id\":\"https:\/\/mitrovicagreenfest.com\/sq\/#organization\",\"name\":\"GreenFest\",\"url\":\"https:\/\/mitrovicagreenfest.com\/sq\/\",\"logo\":{\"@type\":\"ImageObject\",\"inLanguage\":\"sq-AL\",\"@id\":\"https:\/\/mitrovicagreenfest.com\/sq\/#\/schema\/logo\/image\/\",\"url\":\"https:\/\/mitrovicagreenfest.com\/wp-content\/uploads\/2019\/02\/greenfest-darkaa.png\",\"contentUrl\":\"https:\/\/mitrovicagreenfest.com\/wp-content\/uploads\/2019\/02\/greenfest-darkaa.png\",\"width\":400,\"height\":402,\"caption\":\"GreenFest\"},\"image\":{\"@id\":\"https:\/\/mitrovicagreenfest.com\/sq\/#\/schema\/logo\/image\/\"},\"sameAs\":[\"https:\/\/www.facebook.com\/GreenFestt\",\"https:\/\/www.instagram.com\/greenfest.13\/\",\"https:\/\/www.youtube.com\/@greenfestival9066\"]}]}<\/script>\n<!-- \/ Yoast SEO plugin. -->","yoast_head_json":{"title":"Green Crafts - GreenFest","robots":{"index":"index","follow":"follow","max-snippet":"max-snippet:-1","max-image-preview":"max-image-preview:large","max-video-preview":"max-video-preview:-1"},"canonical":"https:\/\/mitrovicagreenfest.com\/sq\/green-crafts-and-fair\/","og_locale":"sq_AL","og_type":"article","og_title":"Green Crafts - GreenFest","og_description":"[vc_row full_height=&#8221;yes&#8221; simple_background_color=&#8221;#000000&#8243; el_class=&#8221;green-fest-type&#8221;][vc_column][\/vc_column][\/vc_row]","og_url":"https:\/\/mitrovicagreenfest.com\/sq\/green-crafts-and-fair\/","og_site_name":"GreenFest","article_publisher":"https:\/\/www.facebook.com\/GreenFestt","article_modified_time":"2023-08-09T08:25:29+00:00","twitter_card":"summary_large_image","twitter_misc":{"Est. reading time":"1 minute"},"schema":{"@context":"https:\/\/schema.org","@graph":[{"@type":"WebPage","@id":"https:\/\/mitrovicagreenfest.com\/sq\/green-crafts-and-fair\/","url":"https:\/\/mitrovicagreenfest.com\/sq\/green-crafts-and-fair\/","name":"Green Crafts - GreenFest","isPartOf":{"@id":"https:\/\/mitrovicagreenfest.com\/sq\/#website"},"datePublished":"2023-03-14T21:45:29+00:00","dateModified":"2023-08-09T08:25:29+00:00","breadcrumb":{"@id":"https:\/\/mitrovicagreenfest.com\/sq\/green-crafts-and-fair\/#breadcrumb"},"inLanguage":"sq-AL","potentialAction":[{"@type":"ReadAction","target":["https:\/\/mitrovicagreenfest.com\/sq\/green-crafts-and-fair\/"]}]},{"@type":"BreadcrumbList","@id":"https:\/\/mitrovicagreenfest.com\/sq\/green-crafts-and-fair\/#breadcrumb","itemListElement":[{"@type":"ListItem","position":1,"name":"Home","item":"https:\/\/mitrovicagreenfest.com\/sq\/"},{"@type":"ListItem","position":2,"name":"Green Crafts"}]},{"@type":"WebSite","@id":"https:\/\/mitrovicagreenfest.com\/sq\/#website","url":"https:\/\/mitrovicagreenfest.com\/sq\/","name":"GreenFest","description":"The festival of the year.","publisher":{"@id":"https:\/\/mitrovicagreenfest.com\/sq\/#organization"},"potentialAction":[{"@type":"SearchAction","target":{"@type":"EntryPoint","urlTemplate":"https:\/\/mitrovicagreenfest.com\/sq\/?s={search_term_string}"},"query-input":{"@type":"PropertyValueSpecification","valueRequired":true,"valueName":"search_term_string"}}],"inLanguage":"sq-AL"},{"@type":"Organization","@id":"https:\/\/mitrovicagreenfest.com\/sq\/#organization","name":"GreenFest","url":"https:\/\/mitrovicagreenfest.com\/sq\/","logo":{"@type":"ImageObject","inLanguage":"sq-AL","@id":"https:\/\/mitrovicagreenfest.com\/sq\/#\/schema\/logo\/image\/","url":"https:\/\/mitrovicagreenfest.com\/wp-content\/uploads\/2019\/02\/greenfest-darkaa.png","contentUrl":"https:\/\/mitrovicagreenfest.com\/wp-content\/uploads\/2019\/02\/greenfest-darkaa.png","width":400,"height":402,"caption":"GreenFest"},"image":{"@id":"https:\/\/mitrovicagreenfest.com\/sq\/#\/schema\/logo\/image\/"},"sameAs":["https:\/\/www.facebook.com\/GreenFestt","https:\/\/www.instagram.com\/greenfest.13\/","https:\/\/www.youtube.com\/@greenfestival9066"]}]}},"_links":{"self":[{"href":"https:\/\/mitrovicagreenfest.com\/sq\/wp-json\/wp\/v2\/pages\/4640","targetHints":{"allow":["GET"]}}],"collection":[{"href":"https:\/\/mitrovicagreenfest.com\/sq\/wp-json\/wp\/v2\/pages"}],"about":[{"href":"https:\/\/mitrovicagreenfest.com\/sq\/wp-json\/wp\/v2\/types\/page"}],"author":[{"embeddable":true,"href":"https:\/\/mitrovicagreenfest.com\/sq\/wp-json\/wp\/v2\/users\/1"}],"replies":[{"embeddable":true,"href":"https:\/\/mitrovicagreenfest.com\/sq\/wp-json\/wp\/v2\/comments?post=4640"}],"version-history":[{"count":6,"href":"https:\/\/mitrovicagreenfest.com\/sq\/wp-json\/wp\/v2\/pages\/4640\/revisions"}],"predecessor-version":[{"id":5589,"href":"https:\/\/mitrovicagreenfest.com\/sq\/wp-json\/wp\/v2\/pages\/4640\/revisions\/5589"}],"wp:attachment":[{"href":"https:\/\/mitrovicagreenfest.com\/sq\/wp-json\/wp\/v2\/media?parent=4640"}],"curies":[{"name":"wp","href":"https:\/\/api.w.org\/{rel}","templated":true}]}}