{"id":4637,"date":"2023-03-15T09:49:02","date_gmt":"2023-03-15T09:49:02","guid":{"rendered":"https:\/\/mitrovicagreenfest.com\/mbeshtetni-green-fest-in\/"},"modified":"2023-05-26T12:39:23","modified_gmt":"2023-05-26T12:39:23","slug":"mbeshtetni-green-fest-in","status":"publish","type":"page","link":"https:\/\/mitrovicagreenfest.com\/sq\/mbeshtetni-green-fest-in\/","title":{"rendered":"Mb\u00ebshtetni Green Fest-in"},"content":{"rendered":"<p>[vc_row full_height=&#8221;yes&#8221; equal_height=&#8221;yes&#8221; el_class=&#8221;about-us-model&#8221;][vc_column css=&#8221;.vc_custom_1678873758700{padding-top: 280px !important;padding-right: 0px !important;padding-bottom: 280px !important;padding-left: 0px !important;background-image: url(https:\/\/mitrovicagreenfest.com\/wp-content\/uploads\/2019\/02\/New-Project-12.png?id=4100) !important;background-position: center !important;background-repeat: no-repeat !important;background-size: cover !important;}&#8221; offset=&#8221;vc_col-lg-6&#8243;][vc_row_inner][vc_column_inner][\/vc_column_inner][\/vc_row_inner][\/vc_column][vc_column offset=&#8221;vc_col-lg-6&#8243; css=&#8221;.vc_custom_1554892547964{padding-top: 0px !important;padding-right: 0px !important;padding-bottom: 0px !important;padding-left: 0px !important;}&#8221;]<div class=\"edgtf-elements-holder   edgtf-two-columns  edgtf-responsive-mode-768  \" ><div class=\"edgtf-eh-item    \"  data-item-class=\"edgtf-eh-custom-3347\" data-1367-1600=\"11.5% 7% 21.5% 10.5%\" data-1025-1366=\"9.9% 3% 9.7% 3.5%\" data-769-1024=\"7% 15% 32.3% 19.5%\" data-681-768=\"15% 11% 32.3% 11%\" data-680=\"15% 10% 24% 10%\">\n\t<div class=\"edgtf-eh-item-inner\">\n\t\t<div class=\"edgtf-eh-item-content edgtf-eh-custom-3347\" style=\"padding: 15% 15% 32.3% 19.5%\">\n\t\t\t<div class=\"edgtf-section-title-holder   \" style=\"text-align: left\">\n\t<div class=\"edgtf-st-inner\">\n                    <h4 class=\"edgtf-st-subtitle\" style=\"color: #23e072\">\n                ju mund t\u00eb keni d\u00ebshir\u00eb t\u00eb            <\/h4>\n        \n\t\t\t\t\t<h1 class=\"edgtf-st-title\" style=\"color: #000\">\n\t\t\t\tMb\u00ebshtetni Green Fest\t\t\t<\/h1>\n\t\t        \n        <div class=\"edgtf-separator-holder clearfix  edgtf-separator-left \">\n\t<div class=\"edgtf-separator\" style=\"border-color: #000;width: 77px;border-bottom-width: 3px\"><\/div>\n<\/div>\n\n\t\t\t\t\t<\/div>\n<\/div>[vc_column_text]<span style=\"font-weight: 400;\">Thirrja p\u00ebr Mbeshtetje dhe Donacione per festivalin<\/span><\/p>\n<p><span style=\"font-weight: 400;\">Besojm\u00eb se kultura dhe arti mund t\u00eb luajn\u00eb rol t\u00eb fuqish\u00ebm n\u00eb ngritjen e vet\u00ebdijes, inkurajimin e dialogut dhe frym\u00ebzimin e individ\u00ebve p\u00ebr t\u00eb b\u00ebr\u00eb ndryshime pozitive n\u00eb mjedisin ton\u00eb.<\/span><\/p>\n<p><span style=\"font-weight: 400;\">Sidoqoft\u00eb, organizimi i k\u00ebsaj ngjarjeje k\u00ebrkon shum\u00eb pun\u00eb dhe resurse. P\u00ebr ta mund\u00ebsuar k\u00ebt\u00eb festival po i drejtohemi komunitetit ton\u00eb p\u00ebr mb\u00ebshtetje.<\/span><\/p>\n<p><span style=\"font-weight: 400;\">Jemi n\u00eb k\u00ebrkim t\u00eb donacioneve, sponsor\u00ebve dhe vullnetar\u00ebve q\u00eb t\u00eb na ndihmojn\u00eb n\u00eb mbulimin e shpenzimeve si pagimin e artist\u00ebve, t\u00eb qirave p\u00ebr vendet ku mbahen aktivitetet, p\u00ebr pajisje dhe shum\u00eb\u00e7ka Edhe di\u00e7ka pak mund t\u00eb ndihmoj\u00eb! Mb\u00ebshtetja juaj na ndihmon ta organizojm\u00eb nj\u00eb festival t\u00ebrheq\u00ebs, edukativ dhe arg\u00ebtues nga i cili p\u00ebrfiton komuniteti.<\/span><\/p>\n<p><span style=\"font-weight: 400;\">\u00c7far\u00ebdo donacioni \u00ebsht\u00eb i mir\u00ebseardhur dhe \u00e7mohet dhe p\u00ebr k\u00ebt\u00eb kemi nivele t\u00eb ndryshme sponsorimi p\u00ebr biznese dhe organizata q\u00eb d\u00ebshirojn\u00eb ta mb\u00ebshtesin festivalin. P\u00ebrve\u00e7 k\u00ebsaj, k\u00ebrkojm\u00eb edhe vullnetar\u00eb p\u00ebr t\u00eb na ndihmuar ta planifikojm\u00eb dhe realizojm\u00eb festivalin.<\/span><\/p>\n<p><span style=\"font-weight: 400;\">Mb\u00ebshtetja juaj do t\u00eb na ndihmoj\u00eb n\u00eb realizimin e k\u00ebtij festivali dhe s\u00eb bashku mund t\u00eb b\u00ebjm\u00eb ndikim pozitiv n\u00eb mjedisin ton\u00eb. Ju fal\u00ebnderojm\u00eb p\u00ebr v\u00ebmendje! ju fal\u00ebnderojm\u00eb p\u00ebr shqyrtimin tuaj!<\/span>[\/vc_column_text][vc_empty_space height=&#8221;45px&#8221;]    <span class=\"edgtf-icon-shortcode edgtf-normal   \" style=\"margin: 0px 22px 0px 0px\" data-color=\"#23e072\">\n                    <a itemprop=\"url\" class=\"\" href=\"https:\/\/www.spotify.com\/\" target=\"_blank\">\n                    <span aria-hidden=\"true\" class=\"edgtf-icon-font-elegant social_spotify edgtf-icon-element\" style=\"color: #23e072;font-size:25px\" ><\/span>                    <\/a>\n            <\/span>\n    <span class=\"edgtf-icon-shortcode edgtf-normal   \" style=\"margin: 0px 22px 0px 0px\" data-color=\"#23e072\">\n                    <a itemprop=\"url\" class=\"\" href=\"https:\/\/www.instagram.com\/\" target=\"_blank\">\n                    <span aria-hidden=\"true\" class=\"edgtf-icon-font-elegant social_instagram_circle edgtf-icon-element\" style=\"color: #23e072;font-size:25px\" ><\/span>                    <\/a>\n            <\/span>\n    <span class=\"edgtf-icon-shortcode edgtf-normal   \"  data-color=\"#23e072\">\n                    <a itemprop=\"url\" class=\"\" href=\"https:\/\/www.facebook.com\/\" target=\"_blank\">\n                    <span aria-hidden=\"true\" class=\"edgtf-icon-font-elegant social_facebook_circle edgtf-icon-element\" style=\"color: #23e072;font-size:25px\" ><\/span>                    <\/a>\n            <\/span>\n\t\t<\/div>\n\t<\/div>\n<\/div><\/div>[\/vc_column][\/vc_row]<\/p>\n","protected":false},"excerpt":{"rendered":"<p>[vc_row full_height=&#8221;yes&#8221; equal_height=&#8221;yes&#8221; el_class=&#8221;about-us-model&#8221;][vc_column css=&#8221;.vc_custom_1678873758700{padding-top: 280px !important;padding-right: 0px !important;padding-bottom: 280px !important;padding-left: 0px !important;background-image: url(https:\/\/mitrovicagreenfest.com\/wp-content\/uploads\/2019\/02\/New-Project-12.png?id=4100) !important;background-position: center !important;background-repeat: no-repeat !important;background-size: cover !important;}&#8221; offset=&#8221;vc_col-lg-6&#8243;][vc_row_inner][vc_column_inner][\/vc_column_inner][\/vc_row_inner][\/vc_column][vc_column offset=&#8221;vc_col-lg-6&#8243; css=&#8221;.vc_custom_1554892547964{padding-top: 0px !important;padding-right: 0px !important;padding-bottom: 0px !important;padding-left: 0px !important;}&#8221;][\/vc_column][\/vc_row]<\/p>\n","protected":false},"author":1,"featured_media":0,"parent":0,"menu_order":0,"comment_status":"closed","ping_status":"closed","template":"full-width.php","meta":{"footnotes":""},"class_list":["post-4637","page","type-page","status-publish","hentry"],"yoast_head":"<!-- This site is optimized with the Yoast SEO plugin v27.0 - https:\/\/yoast.com\/product\/yoast-seo-wordpress\/ -->\n<title>Mb\u00ebshtetni Green Fest-in - GreenFest<\/title>\n<meta name=\"robots\" content=\"index, follow, max-snippet:-1, max-image-preview:large, max-video-preview:-1\" \/>\n<link rel=\"canonical\" href=\"https:\/\/mitrovicagreenfest.com\/sq\/mbeshtetni-green-fest-in\/\" \/>\n<meta property=\"og:locale\" content=\"sq_AL\" \/>\n<meta property=\"og:type\" content=\"article\" \/>\n<meta property=\"og:title\" content=\"Mb\u00ebshtetni Green Fest-in - GreenFest\" \/>\n<meta property=\"og:description\" content=\"[vc_row full_height=&#8221;yes&#8221; equal_height=&#8221;yes&#8221; el_class=&#8221;about-us-model&#8221;][vc_column css=&#8221;.vc_custom_1678873758700{padding-top: 280px !important;padding-right: 0px !important;padding-bottom: 280px !important;padding-left: 0px !important;background-image: url(https:\/\/mitrovicagreenfest.com\/wp-content\/uploads\/2019\/02\/New-Project-12.png?id=4100) !important;background-position: center !important;background-repeat: no-repeat !important;background-size: cover !important;}&#8221; offset=&#8221;vc_col-lg-6&#8243;][vc_row_inner][vc_column_inner][\/vc_column_inner][\/vc_row_inner][\/vc_column][vc_column offset=&#8221;vc_col-lg-6&#8243; css=&#8221;.vc_custom_1554892547964{padding-top: 0px !important;padding-right: 0px !important;padding-bottom: 0px !important;padding-left: 0px !important;}&#8221;][\/vc_column][\/vc_row]\" \/>\n<meta property=\"og:url\" content=\"https:\/\/mitrovicagreenfest.com\/sq\/mbeshtetni-green-fest-in\/\" \/>\n<meta property=\"og:site_name\" content=\"GreenFest\" \/>\n<meta property=\"article:publisher\" content=\"https:\/\/www.facebook.com\/GreenFestt\" \/>\n<meta property=\"article:modified_time\" content=\"2023-05-26T12:39:23+00:00\" \/>\n<meta name=\"twitter:card\" content=\"summary_large_image\" \/>\n<meta name=\"twitter:label1\" content=\"Est. reading time\" \/>\n\t<meta name=\"twitter:data1\" content=\"2 minutes\" \/>\n<script type=\"application\/ld+json\" class=\"yoast-schema-graph\">{\"@context\":\"https:\/\/schema.org\",\"@graph\":[{\"@type\":\"WebPage\",\"@id\":\"https:\/\/mitrovicagreenfest.com\/sq\/mbeshtetni-green-fest-in\/\",\"url\":\"https:\/\/mitrovicagreenfest.com\/sq\/mbeshtetni-green-fest-in\/\",\"name\":\"Mb\u00ebshtetni Green Fest-in - GreenFest\",\"isPartOf\":{\"@id\":\"https:\/\/mitrovicagreenfest.com\/sq\/#website\"},\"datePublished\":\"2023-03-15T09:49:02+00:00\",\"dateModified\":\"2023-05-26T12:39:23+00:00\",\"breadcrumb\":{\"@id\":\"https:\/\/mitrovicagreenfest.com\/sq\/mbeshtetni-green-fest-in\/#breadcrumb\"},\"inLanguage\":\"sq-AL\",\"potentialAction\":[{\"@type\":\"ReadAction\",\"target\":[\"https:\/\/mitrovicagreenfest.com\/sq\/mbeshtetni-green-fest-in\/\"]}]},{\"@type\":\"BreadcrumbList\",\"@id\":\"https:\/\/mitrovicagreenfest.com\/sq\/mbeshtetni-green-fest-in\/#breadcrumb\",\"itemListElement\":[{\"@type\":\"ListItem\",\"position\":1,\"name\":\"Home\",\"item\":\"https:\/\/mitrovicagreenfest.com\/sq\/\"},{\"@type\":\"ListItem\",\"position\":2,\"name\":\"Mb\u00ebshtetni Green Fest-in\"}]},{\"@type\":\"WebSite\",\"@id\":\"https:\/\/mitrovicagreenfest.com\/sq\/#website\",\"url\":\"https:\/\/mitrovicagreenfest.com\/sq\/\",\"name\":\"GreenFest\",\"description\":\"The festival of the year.\",\"publisher\":{\"@id\":\"https:\/\/mitrovicagreenfest.com\/sq\/#organization\"},\"potentialAction\":[{\"@type\":\"SearchAction\",\"target\":{\"@type\":\"EntryPoint\",\"urlTemplate\":\"https:\/\/mitrovicagreenfest.com\/sq\/?s={search_term_string}\"},\"query-input\":{\"@type\":\"PropertyValueSpecification\",\"valueRequired\":true,\"valueName\":\"search_term_string\"}}],\"inLanguage\":\"sq-AL\"},{\"@type\":\"Organization\",\"@id\":\"https:\/\/mitrovicagreenfest.com\/sq\/#organization\",\"name\":\"GreenFest\",\"url\":\"https:\/\/mitrovicagreenfest.com\/sq\/\",\"logo\":{\"@type\":\"ImageObject\",\"inLanguage\":\"sq-AL\",\"@id\":\"https:\/\/mitrovicagreenfest.com\/sq\/#\/schema\/logo\/image\/\",\"url\":\"https:\/\/mitrovicagreenfest.com\/wp-content\/uploads\/2019\/02\/greenfest-darkaa.png\",\"contentUrl\":\"https:\/\/mitrovicagreenfest.com\/wp-content\/uploads\/2019\/02\/greenfest-darkaa.png\",\"width\":400,\"height\":402,\"caption\":\"GreenFest\"},\"image\":{\"@id\":\"https:\/\/mitrovicagreenfest.com\/sq\/#\/schema\/logo\/image\/\"},\"sameAs\":[\"https:\/\/www.facebook.com\/GreenFestt\",\"https:\/\/www.instagram.com\/greenfest.13\/\",\"https:\/\/www.youtube.com\/@greenfestival9066\"]}]}<\/script>\n<!-- \/ Yoast SEO plugin. -->","yoast_head_json":{"title":"Mb\u00ebshtetni Green Fest-in - GreenFest","robots":{"index":"index","follow":"follow","max-snippet":"max-snippet:-1","max-image-preview":"max-image-preview:large","max-video-preview":"max-video-preview:-1"},"canonical":"https:\/\/mitrovicagreenfest.com\/sq\/mbeshtetni-green-fest-in\/","og_locale":"sq_AL","og_type":"article","og_title":"Mb\u00ebshtetni Green Fest-in - GreenFest","og_description":"[vc_row full_height=&#8221;yes&#8221; equal_height=&#8221;yes&#8221; el_class=&#8221;about-us-model&#8221;][vc_column css=&#8221;.vc_custom_1678873758700{padding-top: 280px !important;padding-right: 0px !important;padding-bottom: 280px !important;padding-left: 0px !important;background-image: url(https:\/\/mitrovicagreenfest.com\/wp-content\/uploads\/2019\/02\/New-Project-12.png?id=4100) !important;background-position: center !important;background-repeat: no-repeat !important;background-size: cover !important;}&#8221; offset=&#8221;vc_col-lg-6&#8243;][vc_row_inner][vc_column_inner][\/vc_column_inner][\/vc_row_inner][\/vc_column][vc_column offset=&#8221;vc_col-lg-6&#8243; css=&#8221;.vc_custom_1554892547964{padding-top: 0px !important;padding-right: 0px !important;padding-bottom: 0px !important;padding-left: 0px !important;}&#8221;][\/vc_column][\/vc_row]","og_url":"https:\/\/mitrovicagreenfest.com\/sq\/mbeshtetni-green-fest-in\/","og_site_name":"GreenFest","article_publisher":"https:\/\/www.facebook.com\/GreenFestt","article_modified_time":"2023-05-26T12:39:23+00:00","twitter_card":"summary_large_image","twitter_misc":{"Est. reading time":"2 minutes"},"schema":{"@context":"https:\/\/schema.org","@graph":[{"@type":"WebPage","@id":"https:\/\/mitrovicagreenfest.com\/sq\/mbeshtetni-green-fest-in\/","url":"https:\/\/mitrovicagreenfest.com\/sq\/mbeshtetni-green-fest-in\/","name":"Mb\u00ebshtetni Green Fest-in - GreenFest","isPartOf":{"@id":"https:\/\/mitrovicagreenfest.com\/sq\/#website"},"datePublished":"2023-03-15T09:49:02+00:00","dateModified":"2023-05-26T12:39:23+00:00","breadcrumb":{"@id":"https:\/\/mitrovicagreenfest.com\/sq\/mbeshtetni-green-fest-in\/#breadcrumb"},"inLanguage":"sq-AL","potentialAction":[{"@type":"ReadAction","target":["https:\/\/mitrovicagreenfest.com\/sq\/mbeshtetni-green-fest-in\/"]}]},{"@type":"BreadcrumbList","@id":"https:\/\/mitrovicagreenfest.com\/sq\/mbeshtetni-green-fest-in\/#breadcrumb","itemListElement":[{"@type":"ListItem","position":1,"name":"Home","item":"https:\/\/mitrovicagreenfest.com\/sq\/"},{"@type":"ListItem","position":2,"name":"Mb\u00ebshtetni Green Fest-in"}]},{"@type":"WebSite","@id":"https:\/\/mitrovicagreenfest.com\/sq\/#website","url":"https:\/\/mitrovicagreenfest.com\/sq\/","name":"GreenFest","description":"The festival of the year.","publisher":{"@id":"https:\/\/mitrovicagreenfest.com\/sq\/#organization"},"potentialAction":[{"@type":"SearchAction","target":{"@type":"EntryPoint","urlTemplate":"https:\/\/mitrovicagreenfest.com\/sq\/?s={search_term_string}"},"query-input":{"@type":"PropertyValueSpecification","valueRequired":true,"valueName":"search_term_string"}}],"inLanguage":"sq-AL"},{"@type":"Organization","@id":"https:\/\/mitrovicagreenfest.com\/sq\/#organization","name":"GreenFest","url":"https:\/\/mitrovicagreenfest.com\/sq\/","logo":{"@type":"ImageObject","inLanguage":"sq-AL","@id":"https:\/\/mitrovicagreenfest.com\/sq\/#\/schema\/logo\/image\/","url":"https:\/\/mitrovicagreenfest.com\/wp-content\/uploads\/2019\/02\/greenfest-darkaa.png","contentUrl":"https:\/\/mitrovicagreenfest.com\/wp-content\/uploads\/2019\/02\/greenfest-darkaa.png","width":400,"height":402,"caption":"GreenFest"},"image":{"@id":"https:\/\/mitrovicagreenfest.com\/sq\/#\/schema\/logo\/image\/"},"sameAs":["https:\/\/www.facebook.com\/GreenFestt","https:\/\/www.instagram.com\/greenfest.13\/","https:\/\/www.youtube.com\/@greenfestival9066"]}]}},"_links":{"self":[{"href":"https:\/\/mitrovicagreenfest.com\/sq\/wp-json\/wp\/v2\/pages\/4637","targetHints":{"allow":["GET"]}}],"collection":[{"href":"https:\/\/mitrovicagreenfest.com\/sq\/wp-json\/wp\/v2\/pages"}],"about":[{"href":"https:\/\/mitrovicagreenfest.com\/sq\/wp-json\/wp\/v2\/types\/page"}],"author":[{"embeddable":true,"href":"https:\/\/mitrovicagreenfest.com\/sq\/wp-json\/wp\/v2\/users\/1"}],"replies":[{"embeddable":true,"href":"https:\/\/mitrovicagreenfest.com\/sq\/wp-json\/wp\/v2\/comments?post=4637"}],"version-history":[{"count":4,"href":"https:\/\/mitrovicagreenfest.com\/sq\/wp-json\/wp\/v2\/pages\/4637\/revisions"}],"predecessor-version":[{"id":5057,"href":"https:\/\/mitrovicagreenfest.com\/sq\/wp-json\/wp\/v2\/pages\/4637\/revisions\/5057"}],"wp:attachment":[{"href":"https:\/\/mitrovicagreenfest.com\/sq\/wp-json\/wp\/v2\/media?parent=4637"}],"curies":[{"name":"wp","href":"https:\/\/api.w.org\/{rel}","templated":true}]}}