{"id":4634,"date":"2023-03-15T09:52:55","date_gmt":"2023-03-15T09:52:55","guid":{"rendered":"https:\/\/mitrovicagreenfest.com\/vlerat-tona-te-gjelbra\/"},"modified":"2023-05-15T12:47:32","modified_gmt":"2023-05-15T12:47:32","slug":"vlerat-tona-te-gjelbra","status":"publish","type":"page","link":"https:\/\/mitrovicagreenfest.com\/sq\/vlerat-tona-te-gjelbra\/","title":{"rendered":"Vlerat tona t\u00eb gjelbra"},"content":{"rendered":"<p>[vc_row full_height=&#8221;yes&#8221; simple_background_color=&#8221;#000000&#8243; el_class=&#8221;green-fest-type&#8221;][vc_column]<div class=\"edgtf-split-scrolling-section\">\n    <div class=\"edgtf-sss-ms-left\"><div class=\"edgtf-sss-ms-section\"  style=\"background-image: url(https:\/\/mitrovicagreenfest.com\/wp-content\/uploads\/2019\/02\/New-Project-12.png);text-align: center\">\n\t<div class=\"edgtf-elements-holder   edgtf-one-column  edgtf-responsive-mode-768 edgtf-one-column-alignment-center \" ><div class=\"edgtf-eh-item    \"  data-item-class=\"edgtf-eh-custom-9801\" data-1367-1600=\"21.5% 22%\" data-1025-1366=\"16% 18%\" data-769-1024=\"22.5% 24% 15.5%\" data-681-768=\"200px 18% 130px\" data-680=\"200px 15px 130px\">\n\t<div class=\"edgtf-eh-item-inner\">\n\t\t<div class=\"edgtf-eh-item-content edgtf-eh-custom-9801\" style=\"padding: 20.85% 17%\">\n\t\t\t\t\t<\/div>\n\t<\/div>\n<\/div><\/div><\/div><\/div><div class=\"edgtf-sss-ms-right\"><div class=\"edgtf-scrolling\"><div class=\"edgtf-sss-ms-section\"  style=\"padding: 12% 9% 0%;text-align: left\">\n\t<div class=\"edgtf-elements-holder   edgtf-one-column  edgtf-responsive-mode-768  \" ><div class=\"edgtf-eh-item    \"  data-item-class=\"edgtf-eh-custom-5482\" data-1367-1600=\"0px 7.8%\" data-1025-1366=\"0px 8%\" data-769-1024=\"13px 0 13px\" data-681-768=\"40px 0 0\" data-680=\"75px 0px 0\">\n\t<div class=\"edgtf-eh-item-inner\">\n\t\t<div class=\"edgtf-eh-item-content edgtf-eh-custom-5482\" style=\"padding: 0px 6%\">\n\t\t\t<div class=\"edgtf-section-title-holder   \" style=\"text-align: left\">\n\t<div class=\"edgtf-st-inner\">\n                    <h4 class=\"edgtf-st-subtitle\" style=\"color: #23e072\">\n                m\u00ebso m\u00eb shum\u00eb            <\/h4>\n        \n\t\t\t\t\t<h1 class=\"edgtf-st-title\" style=\"color: #ffffff\">\n\t\t\t\tVlerat tona t\u00eb gjelbra\t\t\t<\/h1>\n\t\t        \n        <div class=\"edgtf-separator-holder clearfix  edgtf-separator-left \">\n\t<div class=\"edgtf-separator\" style=\"border-color: #ffffff;width: 77px;border-bottom-width: 3px\"><\/div>\n<\/div>\n\n\t\t\t\t\t<\/div>\n<\/div>[vc_column_text]<span style=\"font-weight: 400; color: #ffffff;\">N\u00eb Green Fest u jemi p\u00ebrkushtuar q\u00ebndrueshm\u00ebris\u00eb dhe kujdesit ndaj planetin ton\u00eb. Kjo \u00ebsht\u00eb arsyeja pse kemi nd\u00ebrmarr\u00eb masa p\u00ebr t\u00eb siguruar q\u00eb ngjarja jon\u00eb t\u00eb organizohet n\u00eb m\u00ebnyr\u00eb t\u00eb p\u00ebrgjegjshme ndaj mjedisit, duke i zvog\u00ebluar sasin\u00eb e mbeturinave, duke e zvog\u00ebluar gjurm\u00ebn ton\u00eb t\u00eb karbonit dhe duke i mb\u00ebshtetur bizneset lokale. Besojm\u00eb se mjaft me r\u00ebnd\u00ebsi \u00ebsht\u00eb q\u00eb jo vet\u00ebm ta shijojm\u00eb festivalin por edhe t\u00eb ndikojm\u00eb pozitivisht tek komuniteti dhe mjedisi lokal. Bashkohuni me ne p\u00ebr ta festuar k\u00ebndsh\u00ebm dhe p\u00ebrgjegjsh\u00ebm q\u00ebndrueshm\u00ebrin\u00eb me muzik\u00eb dhe art.<\/span><\/p>\n<p><span style=\"font-weight: 400; color: #ffffff;\">N\u00eb Green festival u jemi p\u00ebrkushtuar organizimit t\u00eb nj\u00eb ngjarjeje t\u00eb p\u00ebrgjegjshme ndaj mjedisit q\u00eb ka ndikim pozitiv n\u00eb komunitet dhe mjedis lokal. P\u00ebr ta realizuar k\u00ebt\u00eb do t\u2019i zbatojm\u00eb k\u00ebto praktika:<\/span><\/p>\n<p><span style=\"font-weight: 400; color: #ffffff;\">Zvog\u00eblimi i mbeturinave: Mbeturinat zvog\u00eblohen duke promovuar p\u00ebrdorimin e gotave, pjatave, thikave, lug\u00ebve dhe pirun\u00ebve t\u00eb rip\u00ebrdorsh\u00ebm. Po ashtu, shportat p\u00ebr riciklim do t\u00eb jen\u00eb n\u00eb dispozicion n\u00eb gjitha ambientet e festivalit.<\/span><\/p>\n<p><span style=\"font-weight: 400; color: #ffffff;\">Transporti i q\u00ebndruesh\u00ebm: P\u00ebr ta zvog\u00ebluar gjurm\u00ebn e karbonit n\u00eb festival i inkurajojm\u00eb pjes\u00ebmarr\u00ebsit ta p\u00ebrdorin transportin publik, bi\u00e7iklet\u00ebn ose t\u00eb ecin. Gjithashtu sigurohet parkim i sigurt p\u00ebr bi\u00e7ikleta.<\/span><\/p>\n<p><span style=\"font-weight: 400; color: #ffffff;\">Kursimi i energjis\u00eb: Do t\u00eb p\u00ebrdoret ndri\u00e7im dhe pajisje me energji efikase gjat\u00eb festivalit dhe pjes\u00ebmarr\u00ebsit inkurajohen ta kursejn\u00eb energjin\u00eb ashtu q\u00eb t\u2019i fikin dritat dhe pajisjet elektronike kur nuk i p\u00ebrdorin.<\/span><\/p>\n<p><span style=\"font-weight: 400; color: #ffffff;\">Burimet lokale: N\u00eb m\u00ebnyr\u00eb q\u00eb t\u00eb mb\u00ebshtetet ekonomia lokale dhe t\u00eb zvog\u00eblohet gjurma e karbonit q\u00eb nd\u00ebrlidhet me transportin do t&#8217;i japim p\u00ebrpar\u00ebsi blerjes s\u00eb materialeve dhe produkteve nga bizneset lokale.<\/span><\/p>\n<p><span style=\"font-weight: 400; color: #ffffff;\">Angazhimi i komunitetit: Do t\u00eb bashk\u00ebpunojm\u00eb ngusht\u00eb me komunitetin lokal p\u00ebrfshir\u00eb an\u00ebtar\u00ebt e komunitetit n\u00eb planifikimin dhe realizimin e festivalit duke i angazhuar shit\u00ebsit dhe artist\u00ebt lokal\u00eb si dhe duke i promovuar bizneset lokale.<\/span><\/p>\n<p><span style=\"font-weight: 400; color: #ffffff;\">Duke i ndjekur k\u00ebto praktika t\u00eb mira u jemi p\u00ebrkushtuar organizimit t\u00eb nj\u00eb ngjarjeje t\u00eb p\u00ebrgjegjshme ndaj mjedisit q\u00eb p\u00ebrfiton komuniteti dhe mjedisi lokal.<\/span>[\/vc_column_text]\t\t<\/div>\n\t<\/div>\n<\/div><\/div><\/div><\/div><\/div><\/div>[\/vc_column][\/vc_row]<\/p>\n","protected":false},"excerpt":{"rendered":"<p>[vc_row full_height=&#8221;yes&#8221; simple_background_color=&#8221;#000000&#8243; el_class=&#8221;green-fest-type&#8221;][vc_column][\/vc_column][\/vc_row]<\/p>\n","protected":false},"author":1,"featured_media":0,"parent":0,"menu_order":0,"comment_status":"closed","ping_status":"closed","template":"full-width.php","meta":{"footnotes":""},"class_list":["post-4634","page","type-page","status-publish","hentry"],"yoast_head":"<!-- This site is optimized with the Yoast SEO plugin v27.0 - https:\/\/yoast.com\/product\/yoast-seo-wordpress\/ -->\n<title>Vlerat tona t\u00eb gjelbra - GreenFest<\/title>\n<meta name=\"robots\" content=\"index, follow, max-snippet:-1, max-image-preview:large, max-video-preview:-1\" \/>\n<link rel=\"canonical\" href=\"https:\/\/mitrovicagreenfest.com\/sq\/vlerat-tona-te-gjelbra\/\" \/>\n<meta property=\"og:locale\" content=\"sq_AL\" \/>\n<meta property=\"og:type\" content=\"article\" \/>\n<meta property=\"og:title\" content=\"Vlerat tona t\u00eb gjelbra - GreenFest\" \/>\n<meta property=\"og:description\" content=\"[vc_row full_height=&#8221;yes&#8221; simple_background_color=&#8221;#000000&#8243; el_class=&#8221;green-fest-type&#8221;][vc_column][\/vc_column][\/vc_row]\" \/>\n<meta property=\"og:url\" content=\"https:\/\/mitrovicagreenfest.com\/sq\/vlerat-tona-te-gjelbra\/\" \/>\n<meta property=\"og:site_name\" content=\"GreenFest\" \/>\n<meta property=\"article:publisher\" content=\"https:\/\/www.facebook.com\/GreenFestt\" \/>\n<meta property=\"article:modified_time\" content=\"2023-05-15T12:47:32+00:00\" \/>\n<meta name=\"twitter:card\" content=\"summary_large_image\" \/>\n<meta name=\"twitter:label1\" content=\"Est. reading time\" \/>\n\t<meta name=\"twitter:data1\" content=\"3 minutes\" \/>\n<script type=\"application\/ld+json\" class=\"yoast-schema-graph\">{\"@context\":\"https:\/\/schema.org\",\"@graph\":[{\"@type\":\"WebPage\",\"@id\":\"https:\/\/mitrovicagreenfest.com\/sq\/vlerat-tona-te-gjelbra\/\",\"url\":\"https:\/\/mitrovicagreenfest.com\/sq\/vlerat-tona-te-gjelbra\/\",\"name\":\"Vlerat tona t\u00eb gjelbra - GreenFest\",\"isPartOf\":{\"@id\":\"https:\/\/mitrovicagreenfest.com\/sq\/#website\"},\"datePublished\":\"2023-03-15T09:52:55+00:00\",\"dateModified\":\"2023-05-15T12:47:32+00:00\",\"breadcrumb\":{\"@id\":\"https:\/\/mitrovicagreenfest.com\/sq\/vlerat-tona-te-gjelbra\/#breadcrumb\"},\"inLanguage\":\"sq-AL\",\"potentialAction\":[{\"@type\":\"ReadAction\",\"target\":[\"https:\/\/mitrovicagreenfest.com\/sq\/vlerat-tona-te-gjelbra\/\"]}]},{\"@type\":\"BreadcrumbList\",\"@id\":\"https:\/\/mitrovicagreenfest.com\/sq\/vlerat-tona-te-gjelbra\/#breadcrumb\",\"itemListElement\":[{\"@type\":\"ListItem\",\"position\":1,\"name\":\"Home\",\"item\":\"https:\/\/mitrovicagreenfest.com\/sq\/\"},{\"@type\":\"ListItem\",\"position\":2,\"name\":\"Vlerat tona t\u00eb gjelbra\"}]},{\"@type\":\"WebSite\",\"@id\":\"https:\/\/mitrovicagreenfest.com\/sq\/#website\",\"url\":\"https:\/\/mitrovicagreenfest.com\/sq\/\",\"name\":\"GreenFest\",\"description\":\"The festival of the year.\",\"publisher\":{\"@id\":\"https:\/\/mitrovicagreenfest.com\/sq\/#organization\"},\"potentialAction\":[{\"@type\":\"SearchAction\",\"target\":{\"@type\":\"EntryPoint\",\"urlTemplate\":\"https:\/\/mitrovicagreenfest.com\/sq\/?s={search_term_string}\"},\"query-input\":{\"@type\":\"PropertyValueSpecification\",\"valueRequired\":true,\"valueName\":\"search_term_string\"}}],\"inLanguage\":\"sq-AL\"},{\"@type\":\"Organization\",\"@id\":\"https:\/\/mitrovicagreenfest.com\/sq\/#organization\",\"name\":\"GreenFest\",\"url\":\"https:\/\/mitrovicagreenfest.com\/sq\/\",\"logo\":{\"@type\":\"ImageObject\",\"inLanguage\":\"sq-AL\",\"@id\":\"https:\/\/mitrovicagreenfest.com\/sq\/#\/schema\/logo\/image\/\",\"url\":\"https:\/\/mitrovicagreenfest.com\/wp-content\/uploads\/2019\/02\/greenfest-darkaa.png\",\"contentUrl\":\"https:\/\/mitrovicagreenfest.com\/wp-content\/uploads\/2019\/02\/greenfest-darkaa.png\",\"width\":400,\"height\":402,\"caption\":\"GreenFest\"},\"image\":{\"@id\":\"https:\/\/mitrovicagreenfest.com\/sq\/#\/schema\/logo\/image\/\"},\"sameAs\":[\"https:\/\/www.facebook.com\/GreenFestt\",\"https:\/\/www.instagram.com\/greenfest.13\/\",\"https:\/\/www.youtube.com\/@greenfestival9066\"]}]}<\/script>\n<!-- \/ Yoast SEO plugin. -->","yoast_head_json":{"title":"Vlerat tona t\u00eb gjelbra - GreenFest","robots":{"index":"index","follow":"follow","max-snippet":"max-snippet:-1","max-image-preview":"max-image-preview:large","max-video-preview":"max-video-preview:-1"},"canonical":"https:\/\/mitrovicagreenfest.com\/sq\/vlerat-tona-te-gjelbra\/","og_locale":"sq_AL","og_type":"article","og_title":"Vlerat tona t\u00eb gjelbra - GreenFest","og_description":"[vc_row full_height=&#8221;yes&#8221; simple_background_color=&#8221;#000000&#8243; el_class=&#8221;green-fest-type&#8221;][vc_column][\/vc_column][\/vc_row]","og_url":"https:\/\/mitrovicagreenfest.com\/sq\/vlerat-tona-te-gjelbra\/","og_site_name":"GreenFest","article_publisher":"https:\/\/www.facebook.com\/GreenFestt","article_modified_time":"2023-05-15T12:47:32+00:00","twitter_card":"summary_large_image","twitter_misc":{"Est. reading time":"3 minutes"},"schema":{"@context":"https:\/\/schema.org","@graph":[{"@type":"WebPage","@id":"https:\/\/mitrovicagreenfest.com\/sq\/vlerat-tona-te-gjelbra\/","url":"https:\/\/mitrovicagreenfest.com\/sq\/vlerat-tona-te-gjelbra\/","name":"Vlerat tona t\u00eb gjelbra - GreenFest","isPartOf":{"@id":"https:\/\/mitrovicagreenfest.com\/sq\/#website"},"datePublished":"2023-03-15T09:52:55+00:00","dateModified":"2023-05-15T12:47:32+00:00","breadcrumb":{"@id":"https:\/\/mitrovicagreenfest.com\/sq\/vlerat-tona-te-gjelbra\/#breadcrumb"},"inLanguage":"sq-AL","potentialAction":[{"@type":"ReadAction","target":["https:\/\/mitrovicagreenfest.com\/sq\/vlerat-tona-te-gjelbra\/"]}]},{"@type":"BreadcrumbList","@id":"https:\/\/mitrovicagreenfest.com\/sq\/vlerat-tona-te-gjelbra\/#breadcrumb","itemListElement":[{"@type":"ListItem","position":1,"name":"Home","item":"https:\/\/mitrovicagreenfest.com\/sq\/"},{"@type":"ListItem","position":2,"name":"Vlerat tona t\u00eb gjelbra"}]},{"@type":"WebSite","@id":"https:\/\/mitrovicagreenfest.com\/sq\/#website","url":"https:\/\/mitrovicagreenfest.com\/sq\/","name":"GreenFest","description":"The festival of the year.","publisher":{"@id":"https:\/\/mitrovicagreenfest.com\/sq\/#organization"},"potentialAction":[{"@type":"SearchAction","target":{"@type":"EntryPoint","urlTemplate":"https:\/\/mitrovicagreenfest.com\/sq\/?s={search_term_string}"},"query-input":{"@type":"PropertyValueSpecification","valueRequired":true,"valueName":"search_term_string"}}],"inLanguage":"sq-AL"},{"@type":"Organization","@id":"https:\/\/mitrovicagreenfest.com\/sq\/#organization","name":"GreenFest","url":"https:\/\/mitrovicagreenfest.com\/sq\/","logo":{"@type":"ImageObject","inLanguage":"sq-AL","@id":"https:\/\/mitrovicagreenfest.com\/sq\/#\/schema\/logo\/image\/","url":"https:\/\/mitrovicagreenfest.com\/wp-content\/uploads\/2019\/02\/greenfest-darkaa.png","contentUrl":"https:\/\/mitrovicagreenfest.com\/wp-content\/uploads\/2019\/02\/greenfest-darkaa.png","width":400,"height":402,"caption":"GreenFest"},"image":{"@id":"https:\/\/mitrovicagreenfest.com\/sq\/#\/schema\/logo\/image\/"},"sameAs":["https:\/\/www.facebook.com\/GreenFestt","https:\/\/www.instagram.com\/greenfest.13\/","https:\/\/www.youtube.com\/@greenfestival9066"]}]}},"_links":{"self":[{"href":"https:\/\/mitrovicagreenfest.com\/sq\/wp-json\/wp\/v2\/pages\/4634","targetHints":{"allow":["GET"]}}],"collection":[{"href":"https:\/\/mitrovicagreenfest.com\/sq\/wp-json\/wp\/v2\/pages"}],"about":[{"href":"https:\/\/mitrovicagreenfest.com\/sq\/wp-json\/wp\/v2\/types\/page"}],"author":[{"embeddable":true,"href":"https:\/\/mitrovicagreenfest.com\/sq\/wp-json\/wp\/v2\/users\/1"}],"replies":[{"embeddable":true,"href":"https:\/\/mitrovicagreenfest.com\/sq\/wp-json\/wp\/v2\/comments?post=4634"}],"version-history":[{"count":3,"href":"https:\/\/mitrovicagreenfest.com\/sq\/wp-json\/wp\/v2\/pages\/4634\/revisions"}],"predecessor-version":[{"id":4908,"href":"https:\/\/mitrovicagreenfest.com\/sq\/wp-json\/wp\/v2\/pages\/4634\/revisions\/4908"}],"wp:attachment":[{"href":"https:\/\/mitrovicagreenfest.com\/sq\/wp-json\/wp\/v2\/media?parent=4634"}],"curies":[{"name":"wp","href":"https:\/\/api.w.org\/{rel}","templated":true}]}}