{"id":4631,"date":"2023-03-15T09:35:40","date_gmt":"2023-03-15T09:35:40","guid":{"rendered":"https:\/\/mitrovicagreenfest.com\/rrefimi-per-ne\/"},"modified":"2023-06-07T13:02:00","modified_gmt":"2023-06-07T13:02:00","slug":"rrefimi-per-ne","status":"publish","type":"page","link":"https:\/\/mitrovicagreenfest.com\/sq\/rrefimi-per-ne\/","title":{"rendered":"Rr\u00ebfimi p\u00ebr Ne"},"content":{"rendered":"<p>[vc_row full_height=&#8221;yes&#8221; equal_height=&#8221;yes&#8221; el_class=&#8221;about-us-model&#8221;][vc_column css=&#8221;.vc_custom_1678875523831{padding-top: 280px !important;padding-right: 0px !important;padding-bottom: 280px !important;padding-left: 0px !important;background-image: url(https:\/\/mitrovicagreenfest.com\/wp-content\/uploads\/2019\/02\/New-Project-12.png?id=4100) !important;background-position: center !important;background-repeat: no-repeat !important;background-size: cover !important;}&#8221; offset=&#8221;vc_col-lg-6&#8243;][\/vc_column][vc_column offset=&#8221;vc_col-lg-6&#8243; css=&#8221;.vc_custom_1554892547964{padding-top: 0px !important;padding-right: 0px !important;padding-bottom: 0px !important;padding-left: 0px !important;}&#8221;]<div class=\"edgtf-elements-holder   edgtf-two-columns  edgtf-responsive-mode-768  \" ><div class=\"edgtf-eh-item    \"  data-item-class=\"edgtf-eh-custom-4389\" data-1367-1600=\"11.5% 7% 21.5% 10.5%\" data-1025-1366=\"9.9% 3% 9.7% 3.5%\" data-769-1024=\"7% 15% 32.3% 19.5%\" data-681-768=\"15% 11% 32.3% 11%\" data-680=\"15% 10% 24% 10%\">\n\t<div class=\"edgtf-eh-item-inner\">\n\t\t<div class=\"edgtf-eh-item-content edgtf-eh-custom-4389\" style=\"padding: 15% 15% 32.3% 19.5%\">\n\t\t\t<div class=\"edgtf-section-title-holder   \" style=\"text-align: left\">\n\t<div class=\"edgtf-st-inner\">\n                    <h4 class=\"edgtf-st-subtitle\" style=\"color: #23e072\">\n                m\u00ebso m\u00eb shum\u00eb p\u00ebr            <\/h4>\n        \n\t\t\t\t\t<h1 class=\"edgtf-st-title\" style=\"color: #000\">\n\t\t\t\tRr\u00ebfimi p\u00ebr ne\t\t\t<\/h1>\n\t\t        \n        <div class=\"edgtf-separator-holder clearfix  edgtf-separator-left \">\n\t<div class=\"edgtf-separator\" style=\"border-color: #000;width: 77px;border-bottom-width: 3px\"><\/div>\n<\/div>\n\n\t\t\t\t\t<\/div>\n<\/div>[vc_column_text el_class=&#8221;our-story-paragraph&#8221;]Green Fest filloi si ide e vog\u00ebl n\u00eb mesin e nj\u00eb grupi miqsh q\u00eb ishin t\u00eb pasionuar p\u00ebr ta promovuar zhvillimin e q\u00ebndruesh\u00ebm dhe ngritjen e vet\u00ebdijes p\u00ebr \u00e7\u00ebshtjet mjedisore n\u00eb rajonin e Mitrovic\u00ebs. Kuptuam se kultura dhe arti mund t\u00eb jen\u00eb mjet i fuqish\u00ebm p\u00ebr edukimin dhe frym\u00ebzimin e individ\u00ebve, komuniteteve dhe shoq\u00ebrive p\u00ebr t\u00eb nd\u00ebrmarr\u00eb veprime rreth ndryshimeve klimatike dhe t\u00eb punohet drejt nj\u00eb t\u00eb ardhmeje m\u00eb t\u00eb q\u00ebndrueshme.<\/p>\n<p>Filluam me intensitet t\u00eb vog\u00ebl, duke organizuar ngjarje dhe aktivitete t\u00eb vogla n\u00eb komunitetin ton\u00eb lokal, me synim ngritjen e vet\u00ebdijes rreth SDG-ve dhe m\u00ebnyrave se si kultura dhe arti mund t\u00eb p\u00ebrdoren p\u00ebr ta promovuar zhvillimin e q\u00ebndruesh\u00ebm. Derisa p\u00ebrpjekjet tona filluan t\u00eb zgjojn\u00eb interesim, \u00e7doher\u00eb e m\u00eb shum\u00eb njer\u00ebz n\u00eb komunitetin ton\u00eb na u bashkuan n\u00eb misionin ton\u00eb. Formuam nj\u00eb ekip vullnetar\u00ebsh t\u00eb p\u00ebrkushtuar dhe filluam t\u00eb organizojm\u00eb ngjarje dhe aktivitete m\u00eb t\u00eb m\u00ebdha dhe m\u00eb ambicioze.<\/p>\n<p>Derisa vitet kalonin q\u00eb kur filluam m\u00eb 2011, Green Fest u rrit dhe u shnd\u00ebrrua n\u00eb ngjarje vjetore e shum\u00ebpritur q\u00eb bashkon njer\u00ebz me prejardhje nga m\u00eb t\u00eb ndryshmet.<\/p>\n<p>Jemi krenar\u00eb q\u00eb e kemi krijuar nj\u00eb platform\u00eb q\u00eb i mund\u00ebson komunitetit t\u00eb bashkohet p\u00ebr t\u00eb m\u00ebsuar, p\u00ebr t&#8217;u nd\u00ebrlidhur dhe p\u00ebr t\u00eb b\u00ebr\u00eb ndikime pozitive. Q\u00ebllimi yn\u00eb \u00ebsht\u00eb q\u00eb t\u00eb vazhdojm\u00eb t\u00eb rritemi dhe ta evoluojm\u00eb festivalin ashtu q\u00eb ta b\u00ebjm\u00eb ngjarje gjith\u00ebp\u00ebrfshir\u00ebse, t\u00ebrheq\u00ebse dhe edukative p\u00ebr t\u00eb gjith\u00eb.<\/p>\n<p>Me t\u00eb v\u00ebrtet\u00eb u jemi mir\u00ebnjoh\u00ebs komunitetit t\u00eb Mitrovic\u00ebs, artist\u00ebve, organizatave kulturore dhe grupeve t\u00eb komunitetit q\u00eb na kan\u00eb mb\u00ebshtetur q\u00eb nga fillimi dhe jemi t\u00eb ngaz\u00eblluar q\u00eb mund t\u00eb vazhdojm\u00eb t\u00eb punojm\u00eb s\u00eb bashku p\u00ebr ta nd\u00ebrtuar nj\u00eb t\u00eb ardhme m\u00eb t\u00eb q\u00ebndrueshme p\u00ebr komunitetin ton\u00eb.[\/vc_column_text]    <span class=\"edgtf-icon-shortcode edgtf-normal   \" style=\"margin: 0px 22px 0px 0px\" data-color=\"#23e072\">\n                    <a itemprop=\"url\" class=\"\" href=\"https:\/\/www.youtube.com\/@greenfestival9066\" target=\"_blank\">\n                    <span aria-hidden=\"true\" class=\"edgtf-icon-font-elegant social_youtube edgtf-icon-element\" style=\"color: #23e072;font-size:25px\" ><\/span>                    <\/a>\n            <\/span>\n    <span class=\"edgtf-icon-shortcode edgtf-normal   \" style=\"margin: 0px 22px 0px 0px\" data-color=\"#23e072\">\n                    <a itemprop=\"url\" class=\"\" href=\"https:\/\/www.instagram.com\/greenfest.13\/\" target=\"_blank\">\n                    <span aria-hidden=\"true\" class=\"edgtf-icon-font-elegant social_instagram_circle edgtf-icon-element\" style=\"color: #23e072;font-size:25px\" ><\/span>                    <\/a>\n            <\/span>\n    <span class=\"edgtf-icon-shortcode edgtf-normal   \"  data-color=\"#23e072\">\n                    <a itemprop=\"url\" class=\"\" href=\"https:\/\/www.facebook.com\/GreenFestt\" target=\"_blank\">\n                    <span aria-hidden=\"true\" class=\"edgtf-icon-font-elegant social_facebook_circle edgtf-icon-element\" style=\"color: #23e072;font-size:25px\" ><\/span>                    <\/a>\n            <\/span>\n\t\t<\/div>\n\t<\/div>\n<\/div><\/div>[\/vc_column][\/vc_row]<\/p>\n","protected":false},"excerpt":{"rendered":"<p>[vc_row full_height=&#8221;yes&#8221; equal_height=&#8221;yes&#8221; el_class=&#8221;about-us-model&#8221;][vc_column css=&#8221;.vc_custom_1678875523831{padding-top: 280px !important;padding-right: 0px !important;padding-bottom: 280px !important;padding-left: 0px !important;background-image: url(https:\/\/mitrovicagreenfest.com\/wp-content\/uploads\/2019\/02\/New-Project-12.png?id=4100) !important;background-position: center !important;background-repeat: no-repeat !important;background-size: cover !important;}&#8221; offset=&#8221;vc_col-lg-6&#8243;][\/vc_column][vc_column offset=&#8221;vc_col-lg-6&#8243; css=&#8221;.vc_custom_1554892547964{padding-top: 0px !important;padding-right: 0px !important;padding-bottom: 0px !important;padding-left: 0px !important;}&#8221;][\/vc_column][\/vc_row]<\/p>\n","protected":false},"author":1,"featured_media":0,"parent":0,"menu_order":0,"comment_status":"closed","ping_status":"closed","template":"full-width.php","meta":{"footnotes":""},"class_list":["post-4631","page","type-page","status-publish","hentry"],"yoast_head":"<!-- This site is optimized with the Yoast SEO plugin v27.0 - https:\/\/yoast.com\/product\/yoast-seo-wordpress\/ -->\n<title>Rr\u00ebfimi p\u00ebr Ne - GreenFest<\/title>\n<meta name=\"robots\" content=\"index, follow, max-snippet:-1, max-image-preview:large, max-video-preview:-1\" \/>\n<link rel=\"canonical\" href=\"https:\/\/mitrovicagreenfest.com\/sq\/rrefimi-per-ne\/\" \/>\n<meta property=\"og:locale\" content=\"sq_AL\" \/>\n<meta property=\"og:type\" content=\"article\" \/>\n<meta property=\"og:title\" content=\"Rr\u00ebfimi p\u00ebr Ne - GreenFest\" \/>\n<meta property=\"og:description\" content=\"[vc_row full_height=&#8221;yes&#8221; equal_height=&#8221;yes&#8221; el_class=&#8221;about-us-model&#8221;][vc_column css=&#8221;.vc_custom_1678875523831{padding-top: 280px !important;padding-right: 0px !important;padding-bottom: 280px !important;padding-left: 0px !important;background-image: url(https:\/\/mitrovicagreenfest.com\/wp-content\/uploads\/2019\/02\/New-Project-12.png?id=4100) !important;background-position: center !important;background-repeat: no-repeat !important;background-size: cover !important;}&#8221; offset=&#8221;vc_col-lg-6&#8243;][\/vc_column][vc_column offset=&#8221;vc_col-lg-6&#8243; css=&#8221;.vc_custom_1554892547964{padding-top: 0px !important;padding-right: 0px !important;padding-bottom: 0px !important;padding-left: 0px !important;}&#8221;][\/vc_column][\/vc_row]\" \/>\n<meta property=\"og:url\" content=\"https:\/\/mitrovicagreenfest.com\/sq\/rrefimi-per-ne\/\" \/>\n<meta property=\"og:site_name\" content=\"GreenFest\" \/>\n<meta property=\"article:publisher\" content=\"https:\/\/www.facebook.com\/GreenFestt\" \/>\n<meta property=\"article:modified_time\" content=\"2023-06-07T13:02:00+00:00\" \/>\n<meta name=\"twitter:card\" content=\"summary_large_image\" \/>\n<meta name=\"twitter:label1\" content=\"Est. reading time\" \/>\n\t<meta name=\"twitter:data1\" content=\"2 minutes\" \/>\n<script type=\"application\/ld+json\" class=\"yoast-schema-graph\">{\"@context\":\"https:\/\/schema.org\",\"@graph\":[{\"@type\":\"WebPage\",\"@id\":\"https:\/\/mitrovicagreenfest.com\/sq\/rrefimi-per-ne\/\",\"url\":\"https:\/\/mitrovicagreenfest.com\/sq\/rrefimi-per-ne\/\",\"name\":\"Rr\u00ebfimi p\u00ebr Ne - GreenFest\",\"isPartOf\":{\"@id\":\"https:\/\/mitrovicagreenfest.com\/sq\/#website\"},\"datePublished\":\"2023-03-15T09:35:40+00:00\",\"dateModified\":\"2023-06-07T13:02:00+00:00\",\"breadcrumb\":{\"@id\":\"https:\/\/mitrovicagreenfest.com\/sq\/rrefimi-per-ne\/#breadcrumb\"},\"inLanguage\":\"sq-AL\",\"potentialAction\":[{\"@type\":\"ReadAction\",\"target\":[\"https:\/\/mitrovicagreenfest.com\/sq\/rrefimi-per-ne\/\"]}]},{\"@type\":\"BreadcrumbList\",\"@id\":\"https:\/\/mitrovicagreenfest.com\/sq\/rrefimi-per-ne\/#breadcrumb\",\"itemListElement\":[{\"@type\":\"ListItem\",\"position\":1,\"name\":\"Home\",\"item\":\"https:\/\/mitrovicagreenfest.com\/sq\/\"},{\"@type\":\"ListItem\",\"position\":2,\"name\":\"Rr\u00ebfimi p\u00ebr Ne\"}]},{\"@type\":\"WebSite\",\"@id\":\"https:\/\/mitrovicagreenfest.com\/sq\/#website\",\"url\":\"https:\/\/mitrovicagreenfest.com\/sq\/\",\"name\":\"GreenFest\",\"description\":\"The festival of the year.\",\"publisher\":{\"@id\":\"https:\/\/mitrovicagreenfest.com\/sq\/#organization\"},\"potentialAction\":[{\"@type\":\"SearchAction\",\"target\":{\"@type\":\"EntryPoint\",\"urlTemplate\":\"https:\/\/mitrovicagreenfest.com\/sq\/?s={search_term_string}\"},\"query-input\":{\"@type\":\"PropertyValueSpecification\",\"valueRequired\":true,\"valueName\":\"search_term_string\"}}],\"inLanguage\":\"sq-AL\"},{\"@type\":\"Organization\",\"@id\":\"https:\/\/mitrovicagreenfest.com\/sq\/#organization\",\"name\":\"GreenFest\",\"url\":\"https:\/\/mitrovicagreenfest.com\/sq\/\",\"logo\":{\"@type\":\"ImageObject\",\"inLanguage\":\"sq-AL\",\"@id\":\"https:\/\/mitrovicagreenfest.com\/sq\/#\/schema\/logo\/image\/\",\"url\":\"https:\/\/mitrovicagreenfest.com\/wp-content\/uploads\/2019\/02\/greenfest-darkaa.png\",\"contentUrl\":\"https:\/\/mitrovicagreenfest.com\/wp-content\/uploads\/2019\/02\/greenfest-darkaa.png\",\"width\":400,\"height\":402,\"caption\":\"GreenFest\"},\"image\":{\"@id\":\"https:\/\/mitrovicagreenfest.com\/sq\/#\/schema\/logo\/image\/\"},\"sameAs\":[\"https:\/\/www.facebook.com\/GreenFestt\",\"https:\/\/www.instagram.com\/greenfest.13\/\",\"https:\/\/www.youtube.com\/@greenfestival9066\"]}]}<\/script>\n<!-- \/ Yoast SEO plugin. -->","yoast_head_json":{"title":"Rr\u00ebfimi p\u00ebr Ne - GreenFest","robots":{"index":"index","follow":"follow","max-snippet":"max-snippet:-1","max-image-preview":"max-image-preview:large","max-video-preview":"max-video-preview:-1"},"canonical":"https:\/\/mitrovicagreenfest.com\/sq\/rrefimi-per-ne\/","og_locale":"sq_AL","og_type":"article","og_title":"Rr\u00ebfimi p\u00ebr Ne - GreenFest","og_description":"[vc_row full_height=&#8221;yes&#8221; equal_height=&#8221;yes&#8221; el_class=&#8221;about-us-model&#8221;][vc_column css=&#8221;.vc_custom_1678875523831{padding-top: 280px !important;padding-right: 0px !important;padding-bottom: 280px !important;padding-left: 0px !important;background-image: url(https:\/\/mitrovicagreenfest.com\/wp-content\/uploads\/2019\/02\/New-Project-12.png?id=4100) !important;background-position: center !important;background-repeat: no-repeat !important;background-size: cover !important;}&#8221; offset=&#8221;vc_col-lg-6&#8243;][\/vc_column][vc_column offset=&#8221;vc_col-lg-6&#8243; css=&#8221;.vc_custom_1554892547964{padding-top: 0px !important;padding-right: 0px !important;padding-bottom: 0px !important;padding-left: 0px !important;}&#8221;][\/vc_column][\/vc_row]","og_url":"https:\/\/mitrovicagreenfest.com\/sq\/rrefimi-per-ne\/","og_site_name":"GreenFest","article_publisher":"https:\/\/www.facebook.com\/GreenFestt","article_modified_time":"2023-06-07T13:02:00+00:00","twitter_card":"summary_large_image","twitter_misc":{"Est. reading time":"2 minutes"},"schema":{"@context":"https:\/\/schema.org","@graph":[{"@type":"WebPage","@id":"https:\/\/mitrovicagreenfest.com\/sq\/rrefimi-per-ne\/","url":"https:\/\/mitrovicagreenfest.com\/sq\/rrefimi-per-ne\/","name":"Rr\u00ebfimi p\u00ebr Ne - GreenFest","isPartOf":{"@id":"https:\/\/mitrovicagreenfest.com\/sq\/#website"},"datePublished":"2023-03-15T09:35:40+00:00","dateModified":"2023-06-07T13:02:00+00:00","breadcrumb":{"@id":"https:\/\/mitrovicagreenfest.com\/sq\/rrefimi-per-ne\/#breadcrumb"},"inLanguage":"sq-AL","potentialAction":[{"@type":"ReadAction","target":["https:\/\/mitrovicagreenfest.com\/sq\/rrefimi-per-ne\/"]}]},{"@type":"BreadcrumbList","@id":"https:\/\/mitrovicagreenfest.com\/sq\/rrefimi-per-ne\/#breadcrumb","itemListElement":[{"@type":"ListItem","position":1,"name":"Home","item":"https:\/\/mitrovicagreenfest.com\/sq\/"},{"@type":"ListItem","position":2,"name":"Rr\u00ebfimi p\u00ebr Ne"}]},{"@type":"WebSite","@id":"https:\/\/mitrovicagreenfest.com\/sq\/#website","url":"https:\/\/mitrovicagreenfest.com\/sq\/","name":"GreenFest","description":"The festival of the year.","publisher":{"@id":"https:\/\/mitrovicagreenfest.com\/sq\/#organization"},"potentialAction":[{"@type":"SearchAction","target":{"@type":"EntryPoint","urlTemplate":"https:\/\/mitrovicagreenfest.com\/sq\/?s={search_term_string}"},"query-input":{"@type":"PropertyValueSpecification","valueRequired":true,"valueName":"search_term_string"}}],"inLanguage":"sq-AL"},{"@type":"Organization","@id":"https:\/\/mitrovicagreenfest.com\/sq\/#organization","name":"GreenFest","url":"https:\/\/mitrovicagreenfest.com\/sq\/","logo":{"@type":"ImageObject","inLanguage":"sq-AL","@id":"https:\/\/mitrovicagreenfest.com\/sq\/#\/schema\/logo\/image\/","url":"https:\/\/mitrovicagreenfest.com\/wp-content\/uploads\/2019\/02\/greenfest-darkaa.png","contentUrl":"https:\/\/mitrovicagreenfest.com\/wp-content\/uploads\/2019\/02\/greenfest-darkaa.png","width":400,"height":402,"caption":"GreenFest"},"image":{"@id":"https:\/\/mitrovicagreenfest.com\/sq\/#\/schema\/logo\/image\/"},"sameAs":["https:\/\/www.facebook.com\/GreenFestt","https:\/\/www.instagram.com\/greenfest.13\/","https:\/\/www.youtube.com\/@greenfestival9066"]}]}},"_links":{"self":[{"href":"https:\/\/mitrovicagreenfest.com\/sq\/wp-json\/wp\/v2\/pages\/4631","targetHints":{"allow":["GET"]}}],"collection":[{"href":"https:\/\/mitrovicagreenfest.com\/sq\/wp-json\/wp\/v2\/pages"}],"about":[{"href":"https:\/\/mitrovicagreenfest.com\/sq\/wp-json\/wp\/v2\/types\/page"}],"author":[{"embeddable":true,"href":"https:\/\/mitrovicagreenfest.com\/sq\/wp-json\/wp\/v2\/users\/1"}],"replies":[{"embeddable":true,"href":"https:\/\/mitrovicagreenfest.com\/sq\/wp-json\/wp\/v2\/comments?post=4631"}],"version-history":[{"count":10,"href":"https:\/\/mitrovicagreenfest.com\/sq\/wp-json\/wp\/v2\/pages\/4631\/revisions"}],"predecessor-version":[{"id":5288,"href":"https:\/\/mitrovicagreenfest.com\/sq\/wp-json\/wp\/v2\/pages\/4631\/revisions\/5288"}],"wp:attachment":[{"href":"https:\/\/mitrovicagreenfest.com\/sq\/wp-json\/wp\/v2\/media?parent=4631"}],"curies":[{"name":"wp","href":"https:\/\/api.w.org\/{rel}","templated":true}]}}