{"id":4628,"date":"2023-03-14T08:32:01","date_gmt":"2023-03-14T08:32:01","guid":{"rendered":"https:\/\/mitrovicagreenfest.com\/rreth-nesh\/"},"modified":"2025-07-16T12:04:52","modified_gmt":"2025-07-16T12:04:52","slug":"rreth-nesh","status":"publish","type":"page","link":"https:\/\/mitrovicagreenfest.com\/sq\/rreth-nesh\/","title":{"rendered":"Rreth Nesh"},"content":{"rendered":"<p>[vc_row full_height=&#8221;yes&#8221; equal_height=&#8221;yes&#8221; el_class=&#8221;about-us-model&#8221;][vc_column css=&#8221;.vc_custom_1678875503587{padding-top: 280px !important;padding-right: 0px !important;padding-bottom: 280px !important;padding-left: 0px !important;background-image: url(https:\/\/mitrovicagreenfest.com\/wp-content\/uploads\/2019\/02\/New-Project-12.png?id=4100) !important;background-position: center !important;background-repeat: no-repeat !important;background-size: cover !important;}&#8221; offset=&#8221;vc_col-lg-6&#8243;][\/vc_column][vc_column offset=&#8221;vc_col-lg-6&#8243; css=&#8221;.vc_custom_1554892547964{padding-top: 0px !important;padding-right: 0px !important;padding-bottom: 0px !important;padding-left: 0px !important;}&#8221;]<div class=\"edgtf-elements-holder   edgtf-two-columns  edgtf-responsive-mode-768  \" ><div class=\"edgtf-eh-item    \"  data-item-class=\"edgtf-eh-custom-6130\" data-1367-1600=\"11.5% 7% 21.5% 10.5%\" data-1025-1366=\"9.9% 3% 9.7% 3.5%\" data-769-1024=\"7% 15% 32.3% 19.5%\" data-681-768=\"15% 11% 32.3% 11%\" data-680=\"15% 10% 24% 10%\">\n\t<div class=\"edgtf-eh-item-inner\">\n\t\t<div class=\"edgtf-eh-item-content edgtf-eh-custom-6130\" style=\"padding: 15% 15% 32.3% 19.5%\">\n\t\t\t<div class=\"edgtf-section-title-holder   \" style=\"text-align: left\">\n\t<div class=\"edgtf-st-inner\">\n                    <h4 class=\"edgtf-st-subtitle\" style=\"color: #23e072\">\n                learn more            <\/h4>\n        \n\t\t\t\t\t<h1 class=\"edgtf-st-title\" style=\"color: #000\">\n\t\t\t\tAbout Us\t\t\t<\/h1>\n\t\t        \n        <div class=\"edgtf-separator-holder clearfix  edgtf-separator-left \">\n\t<div class=\"edgtf-separator\" style=\"border-color: #000;width: 77px;border-bottom-width: 3px\"><\/div>\n<\/div>\n\n\t\t\t\t\t<\/div>\n<\/div>[vc_column_text el_class=&#8221;about-us-paragraph&#8221;]Misioni yn\u00eb \u00ebsht\u00eb p\u00ebrdorimi i mediumit t\u00eb arteve dhe kultur\u00ebs p\u00ebr t\u00eb edukuar dhe frym\u00ebzuar individ\u00eb, komunitete dhe shoq\u00ebri p\u00ebr t\u00eb nd\u00ebrmarr\u00eb veprime ashtu q\u00eb t\u00eb luftohen ndryshimet klimatike dhe t\u00eb punohet drejt nj\u00eb t\u00eb ardhmeje m\u00eb t\u00eb q\u00ebndrueshme. Besojm\u00eb se kultura dhe arti mund t\u00eb luajn\u00eb rol t\u00eb fuqish\u00ebm n\u00eb ngritjen e vet\u00ebdijes, inkurajimin e dialogut dhe frym\u00ebzimin e individ\u00ebve p\u00ebr t\u00eb b\u00ebr\u00eb ndryshime pozitive.<\/p>\n<p>Festivali yn\u00eb vjetor \u00ebsht\u00eb pika kryesore e aktiviteteve tona.<br \/>\nJemi t\u00eb p\u00ebrkushtuar q\u00eb festivalin ta b\u00ebjm\u00eb ngjarje gjith\u00ebp\u00ebrfshir\u00ebse, t\u00ebrheq\u00ebse dhe edukative p\u00ebr t\u00eb gjith\u00eb. Ju ftojm\u00eb t\u00eb na bashkoheni n\u00eb misionin ton\u00eb p\u00ebr ta promovuar zhvillimin e q\u00ebndruesh\u00ebm p\u00ebrmes kultur\u00ebs dhe artit.[\/vc_column_text][vc_empty_space height=&#8221;45px&#8221;][vc_row_inner][vc_column_inner width=&#8221;1\/2&#8243;]<div class=\"edgtf-iwt clearfix  edgtf-iwt-icon-left edgtf-iwt-icon-tiny\">\n\t<div class=\"edgtf-iwt-icon\">\n\t\t\t\t\t<a itemprop=\"url\" href=\"mailto:info@greenfest.com\" target=\"_self\">\n\t\t\t\t\t\t\t\t\t    <span class=\"edgtf-icon-shortcode edgtf-normal   edgtf-icon-tiny\"  data-color=\"#23e072\">\n                    <span aria-hidden=\"true\" class=\"edgtf-icon-font-elegant icon_mail edgtf-icon-element\" style=\"color: #23e072\" ><\/span>            <\/span>\n\t\t\t\t\t\t\t\t<\/a>\n\t\t\t<\/div>\n\t<div class=\"edgtf-iwt-content\" >\n\t\t\t\t\t<p class=\"edgtf-iwt-title\" >\n\t\t\t\t\t\t\t\t\t<a itemprop=\"url\" href=\"mailto:info@greenfest.com\" target=\"_self\">\n\t\t\t\t\t\t\t\t<span class=\"edgtf-iwt-title-text\">info@greenfest.com<\/span>\n\t\t\t\t\t\t\t\t\t<\/a>\n\t\t\t\t\t\t\t<\/p>\n\t\t\t\t\t<\/div>\n<\/div>[vc_empty_space height=&#8221;20px&#8221;]<div class=\"edgtf-iwt clearfix  edgtf-iwt-icon-left edgtf-iwt-icon-tiny\">\n\t<div class=\"edgtf-iwt-icon\">\n\t\t\t\t\t<a itemprop=\"url\" href=\"tel:+38344000000\" target=\"_self\">\n\t\t\t\t\t\t\t\t\t    <span class=\"edgtf-icon-shortcode edgtf-normal   edgtf-icon-tiny\"  data-color=\"#23e072\">\n                    <span aria-hidden=\"true\" class=\"edgtf-icon-font-elegant icon_phone edgtf-icon-element\" style=\"color: #23e072\" ><\/span>            <\/span>\n\t\t\t\t\t\t\t\t<\/a>\n\t\t\t<\/div>\n\t<div class=\"edgtf-iwt-content\" >\n\t\t\t\t\t<p class=\"edgtf-iwt-title\" >\n\t\t\t\t\t\t\t\t\t<a itemprop=\"url\" href=\"tel:+38344000000\" target=\"_self\">\n\t\t\t\t\t\t\t\t<span class=\"edgtf-iwt-title-text\">+383 44 000 000<\/span>\n\t\t\t\t\t\t\t\t\t<\/a>\n\t\t\t\t\t\t\t<\/p>\n\t\t\t\t\t<\/div>\n<\/div>[vc_empty_space height=&#8221;20px&#8221;]<div class=\"edgtf-iwt clearfix  edgtf-iwt-icon-left edgtf-iwt-icon-tiny\">\n\t<div class=\"edgtf-iwt-icon\">\n\t\t\t\t\t\t\t\t\t    <span class=\"edgtf-icon-shortcode edgtf-normal   edgtf-icon-tiny\"  data-color=\"#23e072\">\n                    <span aria-hidden=\"true\" class=\"edgtf-icon-font-elegant icon_house edgtf-icon-element\" style=\"color: #23e072\" ><\/span>            <\/span>\n\t\t\t\t\t\t<\/div>\n\t<div class=\"edgtf-iwt-content\" >\n\t\t\t\t\t<p class=\"edgtf-iwt-title\" >\n\t\t\t\t\t\t\t\t<span class=\"edgtf-iwt-title-text\">Mitrovica, 40000, Kosovo<\/span>\n\t\t\t\t\t\t\t<\/p>\n\t\t\t\t\t<\/div>\n<\/div>[vc_empty_space height=&#8221;52px&#8221;][\/vc_column_inner][vc_column_inner width=&#8221;1\/2&#8243;][\/vc_column_inner][\/vc_row_inner]    <span class=\"edgtf-icon-shortcode edgtf-normal   \" style=\"margin: 0px 22px 0px 0px\" data-color=\"#23e072\">\n                    <a itemprop=\"url\" class=\"\" href=\"https:\/\/www.youtube.com\/@greenfestival9066\" target=\"_blank\">\n                    <span aria-hidden=\"true\" class=\"edgtf-icon-font-elegant social_youtube_circle edgtf-icon-element\" style=\"color: #23e072;font-size:25px\" ><\/span>                    <\/a>\n            <\/span>\n    <span class=\"edgtf-icon-shortcode edgtf-normal   \" style=\"margin: 0px 22px 0px 0px\" data-color=\"#23e072\">\n                    <a itemprop=\"url\" class=\"\" href=\"https:\/\/www.instagram.com\/greenfest.13\/\" target=\"_blank\">\n                    <span aria-hidden=\"true\" class=\"edgtf-icon-font-elegant social_instagram_circle edgtf-icon-element\" style=\"color: #23e072;font-size:25px\" ><\/span>                    <\/a>\n            <\/span>\n    <span class=\"edgtf-icon-shortcode edgtf-normal   \"  data-color=\"#23e072\">\n                    <a itemprop=\"url\" class=\"\" href=\"https:\/\/www.facebook.com\/GreenFestt\" target=\"_blank\">\n                    <span aria-hidden=\"true\" class=\"edgtf-icon-font-elegant social_facebook_circle edgtf-icon-element\" style=\"color: #23e072;font-size:25px\" ><\/span>                    <\/a>\n            <\/span>\n\t\t<\/div>\n\t<\/div>\n<\/div><\/div>[\/vc_column][\/vc_row][vc_row][vc_column][\/vc_column][\/vc_row]<\/p>\n","protected":false},"excerpt":{"rendered":"<p>[vc_row full_height=&#8221;yes&#8221; equal_height=&#8221;yes&#8221; el_class=&#8221;about-us-model&#8221;][vc_column css=&#8221;.vc_custom_1678875503587{padding-top: 280px !important;padding-right: 0px !important;padding-bottom: 280px !important;padding-left: 0px !important;background-image: url(https:\/\/mitrovicagreenfest.com\/wp-content\/uploads\/2019\/02\/New-Project-12.png?id=4100) !important;background-position: center !important;background-repeat: no-repeat !important;background-size: cover !important;}&#8221; offset=&#8221;vc_col-lg-6&#8243;][\/vc_column][vc_column offset=&#8221;vc_col-lg-6&#8243; css=&#8221;.vc_custom_1554892547964{padding-top: 0px !important;padding-right: 0px !important;padding-bottom: 0px !important;padding-left: 0px !important;}&#8221;][\/vc_column][\/vc_row][vc_row][vc_column][\/vc_column][\/vc_row]<\/p>\n","protected":false},"author":1,"featured_media":0,"parent":0,"menu_order":0,"comment_status":"closed","ping_status":"closed","template":"full-width.php","meta":{"footnotes":""},"class_list":["post-4628","page","type-page","status-publish","hentry"],"yoast_head":"<!-- This site is optimized with the Yoast SEO plugin v27.0 - https:\/\/yoast.com\/product\/yoast-seo-wordpress\/ -->\n<title>Rreth Nesh - GreenFest<\/title>\n<meta name=\"description\" content=\"Misioni yn\u00eb \u00ebsht\u00eb p\u00ebrdorimi i mediumit t\u00eb arteve dhe kultur\u00ebs p\u00ebr t\u00eb edukuar dhe frym\u00ebzuar individ\u00eb, komunitete dhe shoq\u00ebri p\u00ebr t\u00eb nd\u00ebrmarr\u00eb veprime ashtu q\u00eb t\u00eb luftohen ndryshimet klimatike dhe t\u00eb punohet drejt nj\u00eb t\u00eb ardhmeje m\u00eb t\u00eb q\u00ebndrueshme.\" \/>\n<meta name=\"robots\" content=\"index, follow, max-snippet:-1, max-image-preview:large, max-video-preview:-1\" \/>\n<link rel=\"canonical\" href=\"https:\/\/mitrovicagreenfest.com\/sq\/rreth-nesh\/\" \/>\n<meta property=\"og:locale\" content=\"sq_AL\" \/>\n<meta property=\"og:type\" content=\"article\" \/>\n<meta property=\"og:title\" content=\"Rreth Nesh - GreenFest\" \/>\n<meta property=\"og:description\" content=\"Rreth Nesh\" \/>\n<meta property=\"og:url\" content=\"https:\/\/mitrovicagreenfest.com\/sq\/rreth-nesh\/\" \/>\n<meta property=\"og:site_name\" content=\"GreenFest\" \/>\n<meta property=\"article:publisher\" content=\"https:\/\/www.facebook.com\/GreenFestt\" \/>\n<meta property=\"article:modified_time\" content=\"2025-07-16T12:04:52+00:00\" \/>\n<meta name=\"twitter:card\" content=\"summary_large_image\" \/>\n<meta name=\"twitter:label1\" content=\"Est. reading time\" \/>\n\t<meta name=\"twitter:data1\" content=\"3 minutes\" \/>\n<script type=\"application\/ld+json\" class=\"yoast-schema-graph\">{\"@context\":\"https:\/\/schema.org\",\"@graph\":[{\"@type\":\"WebPage\",\"@id\":\"https:\/\/mitrovicagreenfest.com\/sq\/rreth-nesh\/\",\"url\":\"https:\/\/mitrovicagreenfest.com\/sq\/rreth-nesh\/\",\"name\":\"Rreth Nesh - GreenFest\",\"isPartOf\":{\"@id\":\"https:\/\/mitrovicagreenfest.com\/sq\/#website\"},\"datePublished\":\"2023-03-14T08:32:01+00:00\",\"dateModified\":\"2025-07-16T12:04:52+00:00\",\"description\":\"Misioni yn\u00eb \u00ebsht\u00eb p\u00ebrdorimi i mediumit t\u00eb arteve dhe kultur\u00ebs p\u00ebr t\u00eb edukuar dhe frym\u00ebzuar individ\u00eb, komunitete dhe shoq\u00ebri p\u00ebr t\u00eb nd\u00ebrmarr\u00eb veprime ashtu q\u00eb t\u00eb luftohen ndryshimet klimatike dhe t\u00eb punohet drejt nj\u00eb t\u00eb ardhmeje m\u00eb t\u00eb q\u00ebndrueshme.\",\"breadcrumb\":{\"@id\":\"https:\/\/mitrovicagreenfest.com\/sq\/rreth-nesh\/#breadcrumb\"},\"inLanguage\":\"sq-AL\",\"potentialAction\":[{\"@type\":\"ReadAction\",\"target\":[\"https:\/\/mitrovicagreenfest.com\/sq\/rreth-nesh\/\"]}]},{\"@type\":\"BreadcrumbList\",\"@id\":\"https:\/\/mitrovicagreenfest.com\/sq\/rreth-nesh\/#breadcrumb\",\"itemListElement\":[{\"@type\":\"ListItem\",\"position\":1,\"name\":\"Home\",\"item\":\"https:\/\/mitrovicagreenfest.com\/sq\/\"},{\"@type\":\"ListItem\",\"position\":2,\"name\":\"Rreth Nesh\"}]},{\"@type\":\"WebSite\",\"@id\":\"https:\/\/mitrovicagreenfest.com\/sq\/#website\",\"url\":\"https:\/\/mitrovicagreenfest.com\/sq\/\",\"name\":\"GreenFest\",\"description\":\"The festival of the year.\",\"publisher\":{\"@id\":\"https:\/\/mitrovicagreenfest.com\/sq\/#organization\"},\"potentialAction\":[{\"@type\":\"SearchAction\",\"target\":{\"@type\":\"EntryPoint\",\"urlTemplate\":\"https:\/\/mitrovicagreenfest.com\/sq\/?s={search_term_string}\"},\"query-input\":{\"@type\":\"PropertyValueSpecification\",\"valueRequired\":true,\"valueName\":\"search_term_string\"}}],\"inLanguage\":\"sq-AL\"},{\"@type\":\"Organization\",\"@id\":\"https:\/\/mitrovicagreenfest.com\/sq\/#organization\",\"name\":\"GreenFest\",\"url\":\"https:\/\/mitrovicagreenfest.com\/sq\/\",\"logo\":{\"@type\":\"ImageObject\",\"inLanguage\":\"sq-AL\",\"@id\":\"https:\/\/mitrovicagreenfest.com\/sq\/#\/schema\/logo\/image\/\",\"url\":\"https:\/\/mitrovicagreenfest.com\/wp-content\/uploads\/2019\/02\/greenfest-darkaa.png\",\"contentUrl\":\"https:\/\/mitrovicagreenfest.com\/wp-content\/uploads\/2019\/02\/greenfest-darkaa.png\",\"width\":400,\"height\":402,\"caption\":\"GreenFest\"},\"image\":{\"@id\":\"https:\/\/mitrovicagreenfest.com\/sq\/#\/schema\/logo\/image\/\"},\"sameAs\":[\"https:\/\/www.facebook.com\/GreenFestt\",\"https:\/\/www.instagram.com\/greenfest.13\/\",\"https:\/\/www.youtube.com\/@greenfestival9066\"]}]}<\/script>\n<!-- \/ Yoast SEO plugin. -->","yoast_head_json":{"title":"Rreth Nesh - GreenFest","description":"Misioni yn\u00eb \u00ebsht\u00eb p\u00ebrdorimi i mediumit t\u00eb arteve dhe kultur\u00ebs p\u00ebr t\u00eb edukuar dhe frym\u00ebzuar individ\u00eb, komunitete dhe shoq\u00ebri p\u00ebr t\u00eb nd\u00ebrmarr\u00eb veprime ashtu q\u00eb t\u00eb luftohen ndryshimet klimatike dhe t\u00eb punohet drejt nj\u00eb t\u00eb ardhmeje m\u00eb t\u00eb q\u00ebndrueshme.","robots":{"index":"index","follow":"follow","max-snippet":"max-snippet:-1","max-image-preview":"max-image-preview:large","max-video-preview":"max-video-preview:-1"},"canonical":"https:\/\/mitrovicagreenfest.com\/sq\/rreth-nesh\/","og_locale":"sq_AL","og_type":"article","og_title":"Rreth Nesh - GreenFest","og_description":"Rreth Nesh","og_url":"https:\/\/mitrovicagreenfest.com\/sq\/rreth-nesh\/","og_site_name":"GreenFest","article_publisher":"https:\/\/www.facebook.com\/GreenFestt","article_modified_time":"2025-07-16T12:04:52+00:00","twitter_card":"summary_large_image","twitter_misc":{"Est. reading time":"3 minutes"},"schema":{"@context":"https:\/\/schema.org","@graph":[{"@type":"WebPage","@id":"https:\/\/mitrovicagreenfest.com\/sq\/rreth-nesh\/","url":"https:\/\/mitrovicagreenfest.com\/sq\/rreth-nesh\/","name":"Rreth Nesh - GreenFest","isPartOf":{"@id":"https:\/\/mitrovicagreenfest.com\/sq\/#website"},"datePublished":"2023-03-14T08:32:01+00:00","dateModified":"2025-07-16T12:04:52+00:00","description":"Misioni yn\u00eb \u00ebsht\u00eb p\u00ebrdorimi i mediumit t\u00eb arteve dhe kultur\u00ebs p\u00ebr t\u00eb edukuar dhe frym\u00ebzuar individ\u00eb, komunitete dhe shoq\u00ebri p\u00ebr t\u00eb nd\u00ebrmarr\u00eb veprime ashtu q\u00eb t\u00eb luftohen ndryshimet klimatike dhe t\u00eb punohet drejt nj\u00eb t\u00eb ardhmeje m\u00eb t\u00eb q\u00ebndrueshme.","breadcrumb":{"@id":"https:\/\/mitrovicagreenfest.com\/sq\/rreth-nesh\/#breadcrumb"},"inLanguage":"sq-AL","potentialAction":[{"@type":"ReadAction","target":["https:\/\/mitrovicagreenfest.com\/sq\/rreth-nesh\/"]}]},{"@type":"BreadcrumbList","@id":"https:\/\/mitrovicagreenfest.com\/sq\/rreth-nesh\/#breadcrumb","itemListElement":[{"@type":"ListItem","position":1,"name":"Home","item":"https:\/\/mitrovicagreenfest.com\/sq\/"},{"@type":"ListItem","position":2,"name":"Rreth Nesh"}]},{"@type":"WebSite","@id":"https:\/\/mitrovicagreenfest.com\/sq\/#website","url":"https:\/\/mitrovicagreenfest.com\/sq\/","name":"GreenFest","description":"The festival of the year.","publisher":{"@id":"https:\/\/mitrovicagreenfest.com\/sq\/#organization"},"potentialAction":[{"@type":"SearchAction","target":{"@type":"EntryPoint","urlTemplate":"https:\/\/mitrovicagreenfest.com\/sq\/?s={search_term_string}"},"query-input":{"@type":"PropertyValueSpecification","valueRequired":true,"valueName":"search_term_string"}}],"inLanguage":"sq-AL"},{"@type":"Organization","@id":"https:\/\/mitrovicagreenfest.com\/sq\/#organization","name":"GreenFest","url":"https:\/\/mitrovicagreenfest.com\/sq\/","logo":{"@type":"ImageObject","inLanguage":"sq-AL","@id":"https:\/\/mitrovicagreenfest.com\/sq\/#\/schema\/logo\/image\/","url":"https:\/\/mitrovicagreenfest.com\/wp-content\/uploads\/2019\/02\/greenfest-darkaa.png","contentUrl":"https:\/\/mitrovicagreenfest.com\/wp-content\/uploads\/2019\/02\/greenfest-darkaa.png","width":400,"height":402,"caption":"GreenFest"},"image":{"@id":"https:\/\/mitrovicagreenfest.com\/sq\/#\/schema\/logo\/image\/"},"sameAs":["https:\/\/www.facebook.com\/GreenFestt","https:\/\/www.instagram.com\/greenfest.13\/","https:\/\/www.youtube.com\/@greenfestival9066"]}]}},"_links":{"self":[{"href":"https:\/\/mitrovicagreenfest.com\/sq\/wp-json\/wp\/v2\/pages\/4628","targetHints":{"allow":["GET"]}}],"collection":[{"href":"https:\/\/mitrovicagreenfest.com\/sq\/wp-json\/wp\/v2\/pages"}],"about":[{"href":"https:\/\/mitrovicagreenfest.com\/sq\/wp-json\/wp\/v2\/types\/page"}],"author":[{"embeddable":true,"href":"https:\/\/mitrovicagreenfest.com\/sq\/wp-json\/wp\/v2\/users\/1"}],"replies":[{"embeddable":true,"href":"https:\/\/mitrovicagreenfest.com\/sq\/wp-json\/wp\/v2\/comments?post=4628"}],"version-history":[{"count":24,"href":"https:\/\/mitrovicagreenfest.com\/sq\/wp-json\/wp\/v2\/pages\/4628\/revisions"}],"predecessor-version":[{"id":6245,"href":"https:\/\/mitrovicagreenfest.com\/sq\/wp-json\/wp\/v2\/pages\/4628\/revisions\/6245"}],"wp:attachment":[{"href":"https:\/\/mitrovicagreenfest.com\/sq\/wp-json\/wp\/v2\/media?parent=4628"}],"curies":[{"name":"wp","href":"https:\/\/api.w.org\/{rel}","templated":true}]}}